{"id":8037,"date":"2025-06-14T06:31:09","date_gmt":"2025-06-14T06:31:09","guid":{"rendered":"https:\/\/www.retrobuddys.com\/shop\/sin categor\u00eda\/archivo-de-impresion-del-kit-de-conversion-amiga-2000-35-para-impresora-3d-stl\/"},"modified":"2025-06-14T06:31:09","modified_gmt":"2025-06-14T06:31:09","slug":"archivo-de-impresion-del-kit-de-conversion-amiga-2000-35-para-impresora-3d-stl","status":"publish","type":"product","link":"https:\/\/www.retrobuddys.com\/es\/shop\/amiga-hw-mods-es\/amiga-2000-es\/archivo-de-impresion-del-kit-de-conversion-amiga-2000-35-para-impresora-3d-stl\/","title":{"rendered":"Archivo de impresi\u00f3n del kit de conversi\u00f3n Amiga 2000 3,5&#8243; para impresora 3D (.STL)"},"content":{"rendered":"<div class=\"creation-page__tab-section\">\n<h2 class=\"t1\">Descripci\u00f3n del modelo 3D<\/h2>\n<div class=\"rich link-container--strong\">\n<p>Amiga 2000 3.5\u2033 3D Print Frame kit de conversi\u00f3n para instalaci\u00f3n interna<\/p>\n<p>Se trata de un kit de conversi\u00f3n para una unidad Gotek original completamente nueva con codificador giratorio y pantalla OLED.<br \/>\nNo se necesitan tornillos adicionales.<\/p>\n<\/div>\n<\/div>\n<div class=\"creation-page__tab-section\">\n<h2 class=\"t1\">Ajustes de impresi\u00f3n 3D<\/h2>\n<div class=\"rich link-container--strong\">\n<p>En la cortadora Prusa:<br \/>\nSelecciona el perfil est\u00e1ndar \u00abVelocidad 0,20 mm\u00bb con un 15% de relleno, sin soportes.<br \/>\nPLA<\/p>\n<\/div>\n<h2>Filamento<\/h2>\n<p>Dusty Brown de FilamentPM queda muy bien para muchos Amiga2000 =&gt; <a href=\"https:\/\/shop.filament-pm.com\/pla-army-edition-dusty-brown-1-75-mm-1-kg\/p274\" target=\"_blank\" rel=\"noopener\">https:\/\/shop.filament-pm.com\/pla-army-edition-dusty-brown-1-75-mm-1-kg\/p274<\/a><\/p>\n<p>Se trata de un archivo STL que no puede devolverse despu\u00e9s de la compra y la descarga.<\/p>\n<\/div>\n","protected":false},"excerpt":{"rendered":"<p>Descripci\u00f3n del modelo 3D Amiga 2000 3.5\u2033 3D Print Frame kit de conversi\u00f3n para instalaci\u00f3n interna Se trata de un kit de conversi\u00f3n para una unidad Gotek original completamente nueva con codificador giratorio y pantalla OLED. No se necesitan tornillos adicionales. Ajustes de impresi\u00f3n 3D En la cortadora Prusa: Selecciona el perfil est\u00e1ndar \u00abVelocidad 0,20 [&#8230;]\n","protected":false},"featured_media":7707,"template":"","meta":[],"product_brand":[],"product_cat":[236,234,235,723],"product_tag":[323,725,724],"class_list":{"0":"post-8037","1":"product","2":"type-product","3":"status-publish","4":"has-post-thumbnail","6":"product_cat-amiga-2000-es","7":"product_cat-amiga-hw-mods-es","8":"product_cat-gotek-es","9":"product_cat-impresion-3d","10":"product_tag-amiga-2000-es","11":"product_tag-impresion-3d","12":"product_tag-stl-es","14":"first","15":"instock","16":"downloadable","17":"virtual","18":"taxable","19":"purchasable","20":"product-type-simple"},"jetpack_sharing_enabled":true,"_links":{"self":[{"href":"https:\/\/www.retrobuddys.com\/es\/wp-json\/wp\/v2\/product\/8037","targetHints":{"allow":["GET"]}}],"collection":[{"href":"https:\/\/www.retrobuddys.com\/es\/wp-json\/wp\/v2\/product"}],"about":[{"href":"https:\/\/www.retrobuddys.com\/es\/wp-json\/wp\/v2\/types\/product"}],"wp:featuredmedia":[{"embeddable":true,"href":"https:\/\/www.retrobuddys.com\/es\/wp-json\/wp\/v2\/media\/7707"}],"wp:attachment":[{"href":"https:\/\/www.retrobuddys.com\/es\/wp-json\/wp\/v2\/media?parent=8037"}],"wp:term":[{"taxonomy":"product_brand","embeddable":true,"href":"https:\/\/www.retrobuddys.com\/es\/wp-json\/wp\/v2\/product_brand?post=8037"},{"taxonomy":"product_cat","embeddable":true,"href":"https:\/\/www.retrobuddys.com\/es\/wp-json\/wp\/v2\/product_cat?post=8037"},{"taxonomy":"product_tag","embeddable":true,"href":"https:\/\/www.retrobuddys.com\/es\/wp-json\/wp\/v2\/product_tag?post=8037"}],"curies":[{"name":"wp","href":"https:\/\/api.w.org\/{rel}","templated":true}]}}