{"id":7789,"date":"2025-06-13T09:08:45","date_gmt":"2025-06-13T09:08:45","guid":{"rendered":"https:\/\/www.retrobuddys.com\/?post_type=product&#038;p=7789"},"modified":"2026-02-08T16:01:45","modified_gmt":"2026-02-08T16:01:45","slug":"marco-3d-interno-gotek-de-525-para-amiga-2000-kopie","status":"publish","type":"product","link":"https:\/\/www.retrobuddys.com\/es\/shop\/amiga-hw-mods-es\/amiga-2000-es\/marco-3d-interno-gotek-de-525-para-amiga-2000-kopie\/","title":{"rendered":"Kit de conversi\u00f3n de marco 3D Gotek interno de 5,25&#8243; para Amiga 2000"},"content":{"rendered":"<p><strong>Kit de conversi\u00f3n de la unidad Gotek interna de 5,25&#8243; a marco 3D para Amiga 2000<\/strong><\/p>\n<p>6 colores diferentes 5,25&#8243;<\/p>\n<p><strong>Volumen de suministro:<\/strong><\/p>\n<ul>\n<li>Kit de conversi\u00f3n de marco de impresi\u00f3n 3D Amiga 2000 de 5,25&#8243; para instalaci\u00f3n interna<\/li>\n<li>Kit de conversi\u00f3n =&gt; Aqu\u00ed se puede instalar el accionamiento Gotek original con codificador rotatorio y pantalla OLED. No se necesitan tornillos adicionales. <\/li>\n<li>\u00a1La unidad Gotek *no* est\u00e1 incluida!<\/li>\n<\/ul>\n<p>&nbsp;<\/p>\n","protected":false},"excerpt":{"rendered":"<p>Amiga Gotek Drive Floppy Emulator USB negro Amiga 500\/500+\/600\/1<wbr><\/wbr>200\/2000<\/p>\n","protected":false},"featured_media":7737,"template":"","meta":[],"product_brand":[],"product_cat":[236,234,235,723],"product_tag":[239,240],"class_list":{"0":"post-7789","1":"product","2":"type-product","3":"status-publish","4":"has-post-thumbnail","6":"product_cat-amiga-2000-es","7":"product_cat-amiga-hw-mods-es","8":"product_cat-gotek-es","9":"product_cat-impresion-3d","10":"product_tag-amiga-es","11":"product_tag-gotek-es","12":"product_shipping_class-maxibrief-es","14":"first","15":"instock","16":"taxable","17":"shipping-taxable","18":"purchasable","19":"product-type-variable","20":"has-default-attributes"},"origins":[],"jetpack_sharing_enabled":true,"_links":{"self":[{"href":"https:\/\/www.retrobuddys.com\/es\/wp-json\/wp\/v2\/product\/7789","targetHints":{"allow":["GET"]}}],"collection":[{"href":"https:\/\/www.retrobuddys.com\/es\/wp-json\/wp\/v2\/product"}],"about":[{"href":"https:\/\/www.retrobuddys.com\/es\/wp-json\/wp\/v2\/types\/product"}],"wp:featuredmedia":[{"embeddable":true,"href":"https:\/\/www.retrobuddys.com\/es\/wp-json\/wp\/v2\/media\/7737"}],"wp:attachment":[{"href":"https:\/\/www.retrobuddys.com\/es\/wp-json\/wp\/v2\/media?parent=7789"}],"wp:term":[{"taxonomy":"product_brand","embeddable":true,"href":"https:\/\/www.retrobuddys.com\/es\/wp-json\/wp\/v2\/product_brand?post=7789"},{"taxonomy":"product_cat","embeddable":true,"href":"https:\/\/www.retrobuddys.com\/es\/wp-json\/wp\/v2\/product_cat?post=7789"},{"taxonomy":"product_tag","embeddable":true,"href":"https:\/\/www.retrobuddys.com\/es\/wp-json\/wp\/v2\/product_tag?post=7789"}],"curies":[{"name":"wp","href":"https:\/\/api.w.org\/{rel}","templated":true}]}}