{"id":7767,"date":"2025-06-13T08:58:45","date_gmt":"2025-06-13T08:58:45","guid":{"rendered":"https:\/\/www.retrobuddys.com\/?post_type=product&#038;p=7767"},"modified":"2026-02-08T16:01:01","modified_gmt":"2026-02-08T16:01:01","slug":"cpu-68030-zocalo-pga-128","status":"publish","type":"product","link":"https:\/\/www.retrobuddys.com\/es\/shop\/componentes-bases-y-piezas\/cpu-68030-zocalo-pga-128\/","title":{"rendered":"CPU 68030 Z\u00f3calo PGA-128"},"content":{"rendered":"<p>68030 CPU Z\u00f3calo PGA-128 *NUEVO<\/p>\n<p>Paso de 2,54 mm, DIP de 34x34x7 mm<\/p>\n<p>Entrega s\u00f3lo en cantidades dom\u00e9sticas normales. Para cantidades &gt; 10 piezas, escribe un correo electr\u00f3nico antes de hacer el pedido. <\/p>\n","protected":false},"excerpt":{"rendered":"<p>68030 CPU Z\u00f3calo PGA-128 *NUEVO Paso de 2,54 mm, DIP de 34x34x7 mm Entrega s\u00f3lo en cantidades dom\u00e9sticas normales. Para cantidades &gt; 10 piezas, escribe un correo electr\u00f3nico antes de hacer el pedido.<\/p>\n","protected":false},"featured_media":7757,"template":"","meta":[],"product_brand":[],"product_cat":[417],"product_tag":[418,419],"class_list":{"0":"post-7767","1":"product","2":"type-product","3":"status-publish","4":"has-post-thumbnail","6":"product_cat-componentes-bases-y-piezas","7":"product_tag-68000-es","8":"product_tag-zocalo-de-la-cpu","9":"product_shipping_class-maxibrief-es","11":"first","12":"instock","13":"taxable","14":"shipping-taxable","15":"purchasable","16":"product-type-simple"},"jetpack_sharing_enabled":true,"_links":{"self":[{"href":"https:\/\/www.retrobuddys.com\/es\/wp-json\/wp\/v2\/product\/7767","targetHints":{"allow":["GET"]}}],"collection":[{"href":"https:\/\/www.retrobuddys.com\/es\/wp-json\/wp\/v2\/product"}],"about":[{"href":"https:\/\/www.retrobuddys.com\/es\/wp-json\/wp\/v2\/types\/product"}],"wp:featuredmedia":[{"embeddable":true,"href":"https:\/\/www.retrobuddys.com\/es\/wp-json\/wp\/v2\/media\/7757"}],"wp:attachment":[{"href":"https:\/\/www.retrobuddys.com\/es\/wp-json\/wp\/v2\/media?parent=7767"}],"wp:term":[{"taxonomy":"product_brand","embeddable":true,"href":"https:\/\/www.retrobuddys.com\/es\/wp-json\/wp\/v2\/product_brand?post=7767"},{"taxonomy":"product_cat","embeddable":true,"href":"https:\/\/www.retrobuddys.com\/es\/wp-json\/wp\/v2\/product_cat?post=7767"},{"taxonomy":"product_tag","embeddable":true,"href":"https:\/\/www.retrobuddys.com\/es\/wp-json\/wp\/v2\/product_tag?post=7767"}],"curies":[{"name":"wp","href":"https:\/\/api.w.org\/{rel}","templated":true}]}}