{"id":7537,"date":"2025-04-07T05:21:41","date_gmt":"2025-04-07T05:21:41","guid":{"rendered":"https:\/\/www.retrobuddys.com\/?post_type=product&#038;p=7537"},"modified":"2025-09-18T08:03:55","modified_gmt":"2025-09-18T08:03:55","slug":"diagrom-v1-3-0-diagnostic-rom-para-amiga-500-600-2000-kopie","status":"publish","type":"product","link":"https:\/\/www.retrobuddys.com\/es\/shop\/amiga-hw-mods-es\/amiga-2000-es\/diagrom-v1-3-0-diagnostic-rom-para-amiga-500-600-2000-kopie\/","title":{"rendered":"DiagROM V2.0.beta Rom de diagn\u00f3stico para Amiga 500 600 2000"},"content":{"rendered":"<p><span style=\"font-family: Tahoma;\">DiagROM V2.0 Beta para Amiga 500, 500+,600 y 2000<br \/>\n<\/span><\/p>\n<p>Esta es la versi\u00f3n *BETA* actual de DiagRom 2.0 que, seg\u00fan John Hertell, est\u00e1 al menos al mismo nivel que la versi\u00f3n anterior 1.3.0.<\/p>\n<p><span style=\"font-family: Tahoma;\">ROM de diagn\u00f3stico para Amiga por John Hertell. Para m\u00e1s informaci\u00f3n, visite: www.diagrom.com.<br \/>\n<\/span><span style=\"font-family: Tahoma;\">S\u00f3lo utilizamos EEproms de alta calidad (AMD y similares) de la serie 27C400 y los socketamos en un socket de 40pin de alta calidad con pines torneados.<\/span><\/p>\n<p><span style=\"font-family: Tahoma;\">Nota: Para Amiga 500 Rev.5 Placa base (+anterior) y Rev.4 Amiga 2000, es necesario un adaptador adicional o realizar trabajos de soldadura.<\/span><\/p>\n","protected":false},"excerpt":{"rendered":"<p>DiagROM V2.0 Beta para Amiga 500, 500+,600 y 2000 Esta es la versi\u00f3n *BETA* actual de DiagRom 2.0 que, seg\u00fan John Hertell, est\u00e1 al menos al mismo nivel que la versi\u00f3n anterior 1.3.0. ROM de diagn\u00f3stico para Amiga por John Hertell. Para m\u00e1s informaci\u00f3n, visite: www.diagrom.com. S\u00f3lo utilizamos EEproms de alta calidad (AMD y similares) [&#8230;]\n","protected":false},"featured_media":7672,"template":"","meta":[],"product_brand":[],"product_cat":[236,242,271,234,286,315],"product_tag":[],"class_list":{"0":"post-7537","1":"product","2":"type-product","3":"status-publish","4":"has-post-thumbnail","6":"product_cat-amiga-2000-es","7":"product_cat-amiga-500-es","8":"product_cat-amiga-600-es","9":"product_cat-amiga-hw-mods-es","10":"product_cat-cables-y-piezas-pequenas","11":"product_cat-software-para-amiga","12":"product_shipping_class-maxibrief-es","14":"first","15":"instock","16":"taxable","17":"shipping-taxable","18":"purchasable","19":"product-type-simple"},"origins":[],"jetpack_sharing_enabled":true,"_links":{"self":[{"href":"https:\/\/www.retrobuddys.com\/es\/wp-json\/wp\/v2\/product\/7537","targetHints":{"allow":["GET"]}}],"collection":[{"href":"https:\/\/www.retrobuddys.com\/es\/wp-json\/wp\/v2\/product"}],"about":[{"href":"https:\/\/www.retrobuddys.com\/es\/wp-json\/wp\/v2\/types\/product"}],"wp:featuredmedia":[{"embeddable":true,"href":"https:\/\/www.retrobuddys.com\/es\/wp-json\/wp\/v2\/media\/7672"}],"wp:attachment":[{"href":"https:\/\/www.retrobuddys.com\/es\/wp-json\/wp\/v2\/media?parent=7537"}],"wp:term":[{"taxonomy":"product_brand","embeddable":true,"href":"https:\/\/www.retrobuddys.com\/es\/wp-json\/wp\/v2\/product_brand?post=7537"},{"taxonomy":"product_cat","embeddable":true,"href":"https:\/\/www.retrobuddys.com\/es\/wp-json\/wp\/v2\/product_cat?post=7537"},{"taxonomy":"product_tag","embeddable":true,"href":"https:\/\/www.retrobuddys.com\/es\/wp-json\/wp\/v2\/product_tag?post=7537"}],"curies":[{"name":"wp","href":"https:\/\/api.w.org\/{rel}","templated":true}]}}