{"id":7296,"date":"2025-01-27T17:01:34","date_gmt":"2025-01-27T17:01:34","guid":{"rendered":"https:\/\/www.retrobuddys.com\/shop\/sin%20categor\u00eda\/carcasa-y-lazarustorm-para-tf536-new\/"},"modified":"2026-02-08T16:01:56","modified_gmt":"2026-02-08T16:01:56","slug":"carcasa-y-lazarustorm-para-tf536-new","status":"publish","type":"product","link":"https:\/\/www.retrobuddys.com\/es\/shop\/amiga-hw-mods-es\/amiga-500-es\/carcasa-y-lazarustorm-para-tf536-new\/","title":{"rendered":"Carcasa y LazaruStorm para TF536 *NEW*"},"content":{"rendered":"<p>Estuche y tarjeta adaptadora LazaruStorm para tu Amiga 500 y Terrible Fire TF 536<\/p>\n<p>Este conjunto permite insertar la tarjeta Terrible Fire TF536 en el puerto de expansi\u00f3n (lado izquierdo) de un Amiga 500.<br \/>\nAunque la placa se desarroll\u00f3 para el PiStorm, funciona perfectamente con la tarjeta Terrible Fire TF536. Sin embargo, todav\u00eda hay que retirar el procesador 68000 e instalar el JP-6 de la placa base Rev 6 del Amiga 500.<\/p>\n<p>S\u00f3lo tienes que conectar la tarjeta Terrible Fire TF536 existente a la placa LazaruStorm.<\/p>\n<p>En casi todas las revisiones de Amiga500 es necesario cerrar el puente JP6 mediante un puente de soldadura, es decir, debes abrir tu Amiga y fijar un punto de soldadura.<br \/>\nEl punto de soldadura VPAJP (2-3) ya est\u00e1 fijado (BRJP s\u00f3lo debe fijarse en casos excepcionales). Hemos tenido la mejor experiencia con esta combinaci\u00f3n de saltadores. Cada conjunto se prob\u00f3 en directo en un Amiga 500 Rev.6a con un Terrible Fire TF536.<\/p>\n<p>Volumen de suministro:<\/p>\n<ul>\n<li>Carcasa impresa en 3d (6 colores diferentes - est\u00e1ndar = beige)<\/li>\n<li>Adaptador LazaruStorm<\/li>\n<li>Material de fijaci\u00f3n<\/li>\n<\/ul>\n<p>Opcional:<\/p>\n<ul>\n<li>Adaptador CF y cable acoplados a la carcasa y adaptador LazaruStorm acoplado.<\/li>\n<\/ul>\n<p>Nota: El adaptador LazaruStorm raramente (s\u00ed, realmente a veces funciona :)) funciona con placas base Amiga 500 Rev. 5.<\/p>\n<p>Nota 2: Tambi\u00e9n podemos suministrar la carcasa en todos los colores de nuestras unidades Gotek (plata, madera, blanco, &#8230;). Inf\u00f3rmate con antelaci\u00f3n.<\/p>\n<p>Nota3: La tarjeta Terrible Fire TF536 que aparece en las fotos *no* est\u00e1 incluida en el volumen de suministro<\/p>\n<p>Ver foto: Este es JP6, que se encuentra directamente detr\u00e1s del puerto de extensi\u00f3n.<\/p>\n","protected":false},"excerpt":{"rendered":"<p>Estuche y tarjeta adaptadora LazaruStorm para tu Amiga 500 y Terrible Fire TF 536<\/p>\n<p>Este conjunto permite insertar la tarjeta Terrible Fire TF536 en el puerto de expansi\u00f3n (lado izquierdo) de un Amiga 500.<br \/>\nAunque la placa se desarroll\u00f3 para el PiStorm, funciona perfectamente con la tarjeta Terrible Fire TF536. Sin embargo, todav\u00eda hay que retirar el procesador 68000 e instalar el JP-6 de la placa base Rev 6 del Amiga 500.<\/p>\n<p>S\u00f3lo tienes que conectar la tarjeta Terrible Fire TF536 existente a la placa LazaruStorm.<\/p>\n","protected":false},"featured_media":7265,"template":"","meta":[],"product_brand":[],"product_cat":[242,234,723,560],"product_tag":[],"class_list":{"0":"post-7296","1":"product","2":"type-product","3":"status-publish","4":"has-post-thumbnail","6":"product_cat-amiga-500-es","7":"product_cat-amiga-hw-mods-es","8":"product_cat-impresion-3d","9":"product_cat-terriblefire-es","11":"first","12":"instock","13":"taxable","14":"shipping-taxable","15":"purchasable","16":"product-type-variable","17":"has-default-attributes"},"jetpack_sharing_enabled":true,"_links":{"self":[{"href":"https:\/\/www.retrobuddys.com\/es\/wp-json\/wp\/v2\/product\/7296","targetHints":{"allow":["GET"]}}],"collection":[{"href":"https:\/\/www.retrobuddys.com\/es\/wp-json\/wp\/v2\/product"}],"about":[{"href":"https:\/\/www.retrobuddys.com\/es\/wp-json\/wp\/v2\/types\/product"}],"wp:featuredmedia":[{"embeddable":true,"href":"https:\/\/www.retrobuddys.com\/es\/wp-json\/wp\/v2\/media\/7265"}],"wp:attachment":[{"href":"https:\/\/www.retrobuddys.com\/es\/wp-json\/wp\/v2\/media?parent=7296"}],"wp:term":[{"taxonomy":"product_brand","embeddable":true,"href":"https:\/\/www.retrobuddys.com\/es\/wp-json\/wp\/v2\/product_brand?post=7296"},{"taxonomy":"product_cat","embeddable":true,"href":"https:\/\/www.retrobuddys.com\/es\/wp-json\/wp\/v2\/product_cat?post=7296"},{"taxonomy":"product_tag","embeddable":true,"href":"https:\/\/www.retrobuddys.com\/es\/wp-json\/wp\/v2\/product_tag?post=7296"}],"curies":[{"name":"wp","href":"https:\/\/api.w.org\/{rel}","templated":true}]}}