{"id":6925,"date":"2025-01-03T07:55:18","date_gmt":"2025-01-03T07:55:18","guid":{"rendered":"https:\/\/www.retrobuddys.com\/shop\/sin%20categor\u00eda\/antena-wifi-externa-waveshare-cm4\/"},"modified":"2025-01-03T08:06:04","modified_gmt":"2025-01-03T08:06:04","slug":"antena-wifi-externa-waveshare-cm4","status":"publish","type":"product","link":"https:\/\/www.retrobuddys.com\/es\/shop\/cables-y-piezas-pequenas\/antena-wifi-externa-waveshare-cm4\/","title":{"rendered":"Antena WiFi externa Waveshare CM4"},"content":{"rendered":"<p>Antena Wifi externa de Waveshare para el M\u00f3dulo Computacional 4 de la Raspberry PI<\/p>\n<ul>\n<li>Compatible con la banda de frecuencia Wifi 2.4G y 5G<\/li>\n<li>Ancho de banda: 100-700 MHz<\/li>\n<li>&lt;VSWR: = 1,92<\/li>\n<li>Ganancia m\u00e1xima 2+\/- 0,5 dBi<\/li>\n<li>Polarizaci\u00f3n: Vertical<\/li>\n<li>Impedancia de salida: 50Ohm<\/li>\n<li>Potencia m\u00e1xima: 10 vatios<\/li>\n<li>Tama\u00f1o: 109x10mm<\/li>\n<\/ul>\n<p>La antena se puede colocar en la parte posterior de la puerta trasera. Atenci\u00f3n: La antena s\u00f3lo es un complemento \u00fatil para el CM4 y la placa de E\/S. \u00a1La antena no puede conectarse a una Raspi 3 o 4!  <\/p>\n","protected":false},"excerpt":{"rendered":"<p>Antena Wifi externa de Waveshare para el M\u00f3dulo Computacional 4 de la Raspberry PI Compatible con la banda de frecuencia Wifi 2.4G y 5G Ancho de banda: 100-700 MHz &lt;VSWR: = 1,92 Ganancia m\u00e1xima 2+\/- 0,5 dBi Polarizaci\u00f3n: Vertical Impedancia de salida: 50Ohm Potencia m\u00e1xima: 10 vatios Tama\u00f1o: 109x10mm La antena se puede colocar en [&#8230;]\n","protected":false},"featured_media":6919,"template":"","meta":[],"product_brand":[],"product_cat":[286,417,521],"product_tag":[676,273],"class_list":{"0":"post-6925","1":"product","2":"type-product","3":"status-publish","4":"has-post-thumbnail","6":"product_cat-cables-y-piezas-pequenas","7":"product_cat-componentes-bases-y-piezas","8":"product_cat-pistorm-es-2","9":"product_tag-antena","10":"product_tag-pistorm-es","11":"product_shipping_class-maxibrief-es","13":"first","14":"instock","15":"taxable","16":"shipping-taxable","17":"purchasable","18":"product-type-simple"},"jetpack_sharing_enabled":true,"_links":{"self":[{"href":"https:\/\/www.retrobuddys.com\/es\/wp-json\/wp\/v2\/product\/6925","targetHints":{"allow":["GET"]}}],"collection":[{"href":"https:\/\/www.retrobuddys.com\/es\/wp-json\/wp\/v2\/product"}],"about":[{"href":"https:\/\/www.retrobuddys.com\/es\/wp-json\/wp\/v2\/types\/product"}],"wp:featuredmedia":[{"embeddable":true,"href":"https:\/\/www.retrobuddys.com\/es\/wp-json\/wp\/v2\/media\/6919"}],"wp:attachment":[{"href":"https:\/\/www.retrobuddys.com\/es\/wp-json\/wp\/v2\/media?parent=6925"}],"wp:term":[{"taxonomy":"product_brand","embeddable":true,"href":"https:\/\/www.retrobuddys.com\/es\/wp-json\/wp\/v2\/product_brand?post=6925"},{"taxonomy":"product_cat","embeddable":true,"href":"https:\/\/www.retrobuddys.com\/es\/wp-json\/wp\/v2\/product_cat?post=6925"},{"taxonomy":"product_tag","embeddable":true,"href":"https:\/\/www.retrobuddys.com\/es\/wp-json\/wp\/v2\/product_tag?post=6925"}],"curies":[{"name":"wp","href":"https:\/\/api.w.org\/{rel}","templated":true}]}}