{"id":6718,"date":"2024-12-30T13:49:48","date_gmt":"2024-12-30T13:49:48","guid":{"rendered":"https:\/\/www.retrobuddys.com\/?post_type=product&#038;p=6718"},"modified":"2025-07-02T18:20:25","modified_gmt":"2025-07-02T18:20:25","slug":"pistorm2k-para-amiga-2000-kopie","status":"publish","type":"product","link":"https:\/\/www.retrobuddys.com\/es\/shop\/amiga-hw-mods-es\/pistorm2k-para-amiga-2000-kopie\/","title":{"rendered":"PiStorm2K para Amiga 2000 - Tesoro escondido"},"content":{"rendered":"<h3><strong>PiStorm2K para Amiga 2000 con EPM570 CPLD (Fundgrube)<\/strong><\/h3>\n<p>El PiStorm2K para el Amiga 2000 utiliza una Raspberry Pi como acelerador de procesador\/\u00bbtarjeta turbo\u00bb, tarjeta gr\u00e1fica RTG y como interfaz de disco duro en el Amiga 2000 y est\u00e1 especialmente desarrollado para el z\u00f3calo del coprocesador en el Amiga 2000.<br \/>\nUna Raspberry Pi 3a+ es obligatoria para el funcionamiento, pero no se incluye en el paquete est\u00e1ndar.<br \/>\nNo obstante, puede ped\u00edrnoslo como opci\u00f3n.<\/p>\n<p><strong>Caracter\u00edsticas<\/strong><\/p>\n<ul>\n<li>Para Amiga 2000<\/li>\n<li>68020 (~23MIPS) con configuraci\u00f3n est\u00e1ndar y hasta 68040 con ~2000 MIPS<\/li>\n<li>M\u00faltiples opciones de configuraci\u00f3n del procesador (68020\/68030\/68040)<\/li>\n<li>Hasta 512 MB de memoria<\/li>\n<li>Salida de tarjeta gr\u00e1fica RTG con modos de alta resoluci\u00f3n a trav\u00e9s de HDMI.<\/li>\n<li>Tarjeta WLAN para conectar el Amiga a Internet o a una red LAN (Musashi - a\u00fan no funciona con EMU68)<\/li>\n<\/ul>\n<p><strong>Requisitos<\/strong><\/p>\n<ul>\n<li>Amiga 2000<\/li>\n<li>Kickstart 2.05, 3.0, 3.1, 3.1.4, 3.2, 3.2.1 o 3.2.2.<\/li>\n<li>Tarjeta SD a partir de 8 GB<\/li>\n<li>PiStorm Github<a href=\"https:\/\/github.com\/captain-amygdala\/pistorm\" target=\"_blank\" rel=\"noopener\">(https:\/\/github.com\/captain-amygdala\/pistorm)<\/a><\/li>\n<li>AmigaOS 3.1 o superior<\/li>\n<li>WinUAE para la configuraci\u00f3n en el PC<\/li>\n<li><strong>Atenci\u00f3n: La CPU 68000 del Amiga2000 debe retirarse para que funcione correctamente.<\/strong><\/li>\n<\/ul>\n<p><strong>Opcional<\/strong><\/p>\n<ul>\n<li>Amiga OS 3.2.2.1 preconfigurado en tarjeta SD<\/li>\n<li>CaffeineOS preconfigurado en tarjeta SD<\/li>\n<li>Cable de extensi\u00f3n FPV USB + HDMI<\/li>\n<\/ul>\n<p><strong>Volumen de suministro<\/strong><\/p>\n<ul>\n<li>Adaptador PiStorm2K para Amiga 2000<\/li>\n<li>3 tornillos M2.5 8mm<\/li>\n<li>3 x espaciador<\/li>\n<\/ul>\n<p><strong>Documentaci\u00f3n<\/strong><\/p>\n<ul>\n<li>La documentaci\u00f3n sobre el proyecto puede consultarse aqu\u00ed: <a href=\"https:\/\/github.com\/captain-amygdala\/pistorm\" target=\"_blank\" rel=\"noopener\">https:\/\/github.com\/captain-amygdala\/pistorm<\/a><\/li>\n<li>El software Emu68 de Michal Schulz se puede encontrar aqu\u00ed <a href=\"https:\/\/github.com\/michalsc\/Emu68\" target=\"_blank\" rel=\"noopener\">https:\/\/github.com\/michalsc\/Emu68<\/a><\/li>\n<\/ul>\n<p>El PiStorm fue desarrollado por el equipo dirigido por Claude Schwarz, Michal Schulz y otros. Nos complace prestar nuestro apoyo a este extraordinario proyecto.<\/p>\n<p>Fabricamos los adaptadores PiStorm en casa.<\/p>\n","protected":false},"excerpt":{"rendered":"<h3><strong>PiStorm2K para Amiga 2000 EPM570 *Fundraiser* (Recaudaci\u00f3n de fondos)<\/strong><\/h3>\n<p>El PiStorm2K para el Amiga 2000 utiliza una Raspberry Pi como acelerador de procesador\/\u00bbtarjeta turbo\u00bb, tarjeta gr\u00e1fica RTG y como interfaz de disco duro en el Amiga 2000 y est\u00e1 especialmente desarrollado para el z\u00f3calo del coprocesador en el Amiga 2000.<br \/>\nUna Raspberry Pi 3a+ es obligatoria para el funcionamiento, pero no se incluye en el paquete est\u00e1ndar.<br \/>\nNo obstante, puede ped\u00edrnoslo como opci\u00f3n.<\/p>\n","protected":false},"featured_media":4615,"template":"","meta":[],"product_brand":[],"product_cat":[234,669],"product_tag":[239,390,273,674,393],"class_list":{"0":"post-6718","1":"product","2":"type-product","3":"status-publish","4":"has-post-thumbnail","6":"product_cat-amiga-hw-mods-es","7":"product_cat-tesoro-escondido","8":"product_tag-amiga-es","9":"product_tag-frambuesa","10":"product_tag-pistorm-es","11":"product_tag-tesoro-escondido","12":"product_tag-turbo-es","13":"product_shipping_class-dhl-es","15":"first","16":"outofstock","17":"taxable","18":"shipping-taxable","19":"purchasable","20":"product-type-simple"},"jetpack_sharing_enabled":true,"_links":{"self":[{"href":"https:\/\/www.retrobuddys.com\/es\/wp-json\/wp\/v2\/product\/6718","targetHints":{"allow":["GET"]}}],"collection":[{"href":"https:\/\/www.retrobuddys.com\/es\/wp-json\/wp\/v2\/product"}],"about":[{"href":"https:\/\/www.retrobuddys.com\/es\/wp-json\/wp\/v2\/types\/product"}],"wp:featuredmedia":[{"embeddable":true,"href":"https:\/\/www.retrobuddys.com\/es\/wp-json\/wp\/v2\/media\/4615"}],"wp:attachment":[{"href":"https:\/\/www.retrobuddys.com\/es\/wp-json\/wp\/v2\/media?parent=6718"}],"wp:term":[{"taxonomy":"product_brand","embeddable":true,"href":"https:\/\/www.retrobuddys.com\/es\/wp-json\/wp\/v2\/product_brand?post=6718"},{"taxonomy":"product_cat","embeddable":true,"href":"https:\/\/www.retrobuddys.com\/es\/wp-json\/wp\/v2\/product_cat?post=6718"},{"taxonomy":"product_tag","embeddable":true,"href":"https:\/\/www.retrobuddys.com\/es\/wp-json\/wp\/v2\/product_tag?post=6718"}],"curies":[{"name":"wp","href":"https:\/\/api.w.org\/{rel}","templated":true}]}}