{"id":6671,"date":"2024-12-28T16:28:54","date_gmt":"2024-12-28T16:28:54","guid":{"rendered":"https:\/\/www.retrobuddys.com\/shop\/sin categor\u00eda\/modulo-raspberry-cm4-2gb-sin-wlan\/"},"modified":"2024-12-28T16:28:54","modified_gmt":"2024-12-28T16:28:54","slug":"modulo-raspberry-cm4-2gb-sin-wlan","status":"publish","type":"product","link":"https:\/\/www.retrobuddys.com\/es\/shop\/tesoro-escondido\/modulo-raspberry-cm4-2gb-sin-wlan\/","title":{"rendered":"M\u00f3dulo Raspberry CM4 2GB - Sin WLAN"},"content":{"rendered":"<p><b>M\u00f3dulo de c\u00e1lculo 4<\/b><\/p>\n<p>La potencia de la Raspberry Pi 4 en un formato compacto para aplicaciones integradas. El M\u00f3dulo Inform\u00e1tico Raspberry Pi 4 incluye un procesador ARM Cortex-A72 de cuatro n\u00facleos, doble salida de v\u00eddeo y una amplia gama de otras interfaces. Est\u00e1 disponible en 32 variantes, con diversas opciones de RAM y flash eMMC y con o sin conectividad inal\u00e1mbrica. La placa IO Raspberry Pi Compute Module 4 es una herramienta de desarrollo inestimable. La placa IO proporciona todas las interfaces del M\u00f3dulo Inform\u00e1tico 4 y ofrece una plataforma de desarrollo y un dise\u00f1o de placa base de referencia para nuestro m\u00f3dulo inform\u00e1tico m\u00e1s potente hasta la fecha. Tambi\u00e9n est\u00e1 dise\u00f1ada para su integraci\u00f3n en productos finales. El m\u00f3dulo CM4 que se ofrece aqu\u00ed tiene 2 GB de RAM, no tiene opci\u00f3n Flash eMMC ni WLAN  <\/p>\n","protected":false},"excerpt":{"rendered":"<p>M\u00f3dulo Raspberry CM4 2GB - Sin WLAN<\/p>\n","protected":false},"featured_media":0,"template":"","meta":[],"product_brand":[],"product_cat":[669],"product_tag":[564,390,674],"class_list":{"0":"post-6671","1":"product","2":"type-product","3":"status-publish","5":"product_cat-tesoro-escondido","6":"product_tag-cm4-es","7":"product_tag-frambuesa","8":"product_tag-tesoro-escondido","9":"product_shipping_class-dhl-es","11":"first","12":"instock","13":"taxable","14":"shipping-taxable","15":"purchasable","16":"product-type-simple"},"origins":[],"jetpack_sharing_enabled":true,"_links":{"self":[{"href":"https:\/\/www.retrobuddys.com\/es\/wp-json\/wp\/v2\/product\/6671","targetHints":{"allow":["GET"]}}],"collection":[{"href":"https:\/\/www.retrobuddys.com\/es\/wp-json\/wp\/v2\/product"}],"about":[{"href":"https:\/\/www.retrobuddys.com\/es\/wp-json\/wp\/v2\/types\/product"}],"wp:attachment":[{"href":"https:\/\/www.retrobuddys.com\/es\/wp-json\/wp\/v2\/media?parent=6671"}],"wp:term":[{"taxonomy":"product_brand","embeddable":true,"href":"https:\/\/www.retrobuddys.com\/es\/wp-json\/wp\/v2\/product_brand?post=6671"},{"taxonomy":"product_cat","embeddable":true,"href":"https:\/\/www.retrobuddys.com\/es\/wp-json\/wp\/v2\/product_cat?post=6671"},{"taxonomy":"product_tag","embeddable":true,"href":"https:\/\/www.retrobuddys.com\/es\/wp-json\/wp\/v2\/product_tag?post=6671"}],"curies":[{"name":"wp","href":"https:\/\/api.w.org\/{rel}","templated":true}]}}