{"id":6655,"date":"2024-12-28T16:17:58","date_gmt":"2024-12-28T16:17:58","guid":{"rendered":"https:\/\/www.retrobuddys.com\/?post_type=product&#038;p=6655"},"modified":"2024-12-28T16:25:34","modified_gmt":"2024-12-28T16:25:34","slug":"accionamiento-gotek-con-pantalla-de-096-y-mando-giratorio-kopie","status":"publish","type":"product","link":"https:\/\/www.retrobuddys.com\/es\/shop\/gotek-es\/accionamiento-gotek-con-pantalla-de-096-y-mando-giratorio-kopie\/","title":{"rendered":"Accionamiento Gotek con pantalla de 7 d\u00edgitos AT-415 - Fundgrube"},"content":{"rendered":"<p><span style=\"font-family: Arial; font-size: large;\"><b><br \/>\nUnidad Gotek Amiga con pantalla de 7 d\u00edgitos *AT-415* Emulador de disquete USB ADF Amiga<\/b><\/span><\/p>\n<p>5<b>00\/500+\/600\/1200\/2000<\/b> USB Emulador de disquete Gotek para la reproducci\u00f3n directa de archivos ADF desde la memoria USB. Se instala una pantalla de 7 d\u00edgitos. El color de la carcasa es negro). Emulador de disquete Gotek para la reproducci\u00f3n directa de archivos ADF desde la memoria USB<\/p>\n<p>La unidad tiene instalado el \u00faltimo firmware FlashFloppy 3.38. Los detalles sobre el firmware FlashFloppy se pueden encontrar aqu\u00ed =&gt; https:\/\/github.com\/keirf\/flashfloppy<\/p>\n<p><b>\u00bfC\u00f3mo se utiliza la unidad Gotek?<\/b><\/p>\n<p>Es muy sencillo: sustituye la disquetera original por esta disquetera USB o con\u00e9ctala mediante un adaptador externo. La pantalla OLED proporciona informaci\u00f3n adicional sobre el proceso de carga, adem\u00e1s del nombre del archivo actual.<strong><br \/>\n<\/strong><\/p>\n<p><strong>Volumen de suministro:<\/strong><\/p>\n<ul>\n<li>Emulador de disquetes USB GOTEK<\/li>\n<li>Procesador AT-415 (\u00abCorona Gotek\u00bb)<\/li>\n<li>Pantalla de 7 d\u00edgitos<\/li>\n<\/ul>\n<p><strong>Atenci\u00f3n:<\/strong><\/p>\n<p>La unidad es ligeramente m\u00e1s grande que una unidad est\u00e1ndar de 3,5&#8243; (unidad est\u00e1ndar de PC) con bisel. No cabe en una ranura de 3,5&#8243; (Amiga 2000, Amiga 1200, versiones de torre).<br \/>\nTambi\u00e9n puede adquirir de nosotros cables largos para disquetes, selector de arranque DF0 DF1, memorias USB, cables de alimentaci\u00f3n, adaptadores externos y mucho m\u00e1s. P\u00f3ngase en contacto con nosotros.<\/p>\n","protected":false},"excerpt":{"rendered":"<p><wbr><\/wbr>Emulador de disquetera Amiga Gotek USB negro Amiga 500\/500+\/600\/1 200\/2000 - pantalla de 7 d\u00edgitos, AT-415<\/p>\n","protected":false},"featured_media":1726,"template":"","meta":[],"product_brand":[],"product_cat":[235,669],"product_tag":[239,240,674],"class_list":{"0":"post-6655","1":"product","2":"type-product","3":"status-publish","4":"has-post-thumbnail","6":"product_cat-gotek-es","7":"product_cat-tesoro-escondido","8":"product_tag-amiga-es","9":"product_tag-gotek-es","10":"product_tag-tesoro-escondido","11":"product_shipping_class-dhl-es","13":"first","14":"outofstock","15":"taxable","16":"shipping-taxable","17":"purchasable","18":"product-type-simple"},"origins":[],"jetpack_sharing_enabled":true,"_links":{"self":[{"href":"https:\/\/www.retrobuddys.com\/es\/wp-json\/wp\/v2\/product\/6655","targetHints":{"allow":["GET"]}}],"collection":[{"href":"https:\/\/www.retrobuddys.com\/es\/wp-json\/wp\/v2\/product"}],"about":[{"href":"https:\/\/www.retrobuddys.com\/es\/wp-json\/wp\/v2\/types\/product"}],"wp:featuredmedia":[{"embeddable":true,"href":"https:\/\/www.retrobuddys.com\/es\/wp-json\/wp\/v2\/media\/1726"}],"wp:attachment":[{"href":"https:\/\/www.retrobuddys.com\/es\/wp-json\/wp\/v2\/media?parent=6655"}],"wp:term":[{"taxonomy":"product_brand","embeddable":true,"href":"https:\/\/www.retrobuddys.com\/es\/wp-json\/wp\/v2\/product_brand?post=6655"},{"taxonomy":"product_cat","embeddable":true,"href":"https:\/\/www.retrobuddys.com\/es\/wp-json\/wp\/v2\/product_cat?post=6655"},{"taxonomy":"product_tag","embeddable":true,"href":"https:\/\/www.retrobuddys.com\/es\/wp-json\/wp\/v2\/product_tag?post=6655"}],"curies":[{"name":"wp","href":"https:\/\/api.w.org\/{rel}","templated":true}]}}