{"id":6631,"date":"2024-12-28T15:12:06","date_gmt":"2024-12-28T15:12:06","guid":{"rendered":"https:\/\/www.retrobuddys.com\/?post_type=product&#038;p=6631"},"modified":"2025-01-05T10:50:13","modified_gmt":"2025-01-05T10:50:13","slug":"adaptador-rgb-a-hdmi-amiga500-kopie","status":"publish","type":"product","link":"https:\/\/www.retrobuddys.com\/es\/shop\/tesoro-escondido\/adaptador-rgb-a-hdmi-amiga500-kopie\/","title":{"rendered":"Adaptador RGB a HDMI Amiga500 B-Goods"},"content":{"rendered":"<h3><strong>B-objetos<\/strong> - El adaptador tiene actualmente una toma Denise soldada al rev\u00e9s. No afecta en absoluto a la funcionalidad. Se ha colocado una segunda toma en la direcci\u00f3n \u00abcorrecta\u00bb.  <\/h3>\n<h3><strong>Adaptador RGM a HDMI para Amiga500<\/strong><\/h3>\n<p>Este adaptador se utiliza para transmitir las se\u00f1ales RGB del Amiga 500 a HDMI a trav\u00e9s de una Raspberry Pi. El adaptador se instala en la toma Denise del Amiga 500 y el chip Denise se conecta al adaptador. Ofrecemos el adaptador en 2 versiones: S\u00f3lo el adaptador o como un conjunto completo. En la versi\u00f3n s\u00f3lo adaptador, hay que flashear el propio CPLD, conectar una Raspberry PI Zero y configurar el software. En la versi\u00f3n Plug&amp;Play, todo est\u00e1 incluido y configurado para su uso inmediato.    <\/p>\n<p><strong>Al comprarnos el adaptador, estar\u00e1s apoyando activamente el proyecto, ya que parte de los beneficios se destinan directamente al equipo.<\/strong><\/p>\n<p><strong>Caracter\u00edsticas<\/strong><\/p>\n<ul>\n<li>Para Amiga 500<\/li>\n<li>Conversor RGB a HDMI<\/li>\n<\/ul>\n<p><strong>Requisitos<\/strong><\/p>\n<ul>\n<li>Amiga 500<\/li>\n<li>Tarjeta SD a partir de 8 GB<\/li>\n<li>Raspberry Pi Zero1 o Zero 2<\/li>\n<li>El software (ver m\u00e1s abajo) debe estar instalado en la tarjeta SD.<\/li>\n<\/ul>\n<p><strong>Volumen de suministro<\/strong><\/p>\n<ul>\n<li>Adaptador RGB a HDMI para Amiga 500<\/li>\n<li>4 tornillos y elevador para montar la Raspberry Pi Zero (montados en el conjunto)<\/li>\n<li>Raspberry Pi Zero 1 (opcionalmente s\u00f3lo montada en el conjunto)<\/li>\n<li>Tarjeta SD de 8 GB con software instalado (opcional s\u00f3lo en el kit)<\/li>\n<li>Cable FPV (cinta plana) Enchufe mini HDMI (Raspi) a toma HDMI (s\u00f3lo en el juego)<\/li>\n<\/ul>\n<p><strong>Documentaci\u00f3n<\/strong><\/p>\n<ul>\n<li>La documentaci\u00f3n sobre el proyecto puede encontrarse aqu\u00ed: <a href=\"https:\/\/github.com\/LinuxJedi\/AmigaRGBtoHDMI\/tree\/main\/Amiga2000CPLDSlot\" target=\"_blank\" rel=\"noopener\">https:\/\/github.com\/LinuxJedi\/AmigaRGBtoHDMI\/tree\/main\/Amiga2000CPLDSlot<\/a><\/li>\n<li>El software se puede encontrar aqu\u00ed: <a href=\"https:\/\/github.com\/hoglet67\/RGBtoHDMI\/wiki\" target=\"_blank\" rel=\"noopener\">https:\/\/github.com\/hoglet67\/RGBtoHDMI\/wiki<\/a><\/li>\n<li>La imagen de Retrobuddy de 8 GB se encuentra aqu\u00ed: <a href=\"https:\/\/www.retrobuddys.com\/download\/a500rgbhdmi.zip\" target=\"_blank\" rel=\"noopener\">https:\/\/www.retrobuddys.com\/download\/a500rgbhdmi.zip<\/a><\/li>\n<\/ul>\n<p>El adaptador RGB a HDMI ha sido desarrollado por @LinuxJedi Andrew Hutchings. Nos complace ofrecer un peque\u00f1o apoyo a este proyecto excepcional.<\/p>\n<p>Fabricamos internamente los adaptadores RGB a HDMI.<\/p>\n","protected":false},"excerpt":{"rendered":"<h3>B-objetos - El adaptador tiene actualmente una toma Denise soldada al rev\u00e9s. No afecta en absoluto a la funcionalidad. Se ha colocado una segunda toma en la direcci\u00f3n \u00abcorrecta\u00bb.  <\/h3>\n<h3><strong>Adaptador RGB a HDMI Amiga500<\/strong><\/h3>\n<p>Este adaptador se utiliza para transmitir las se\u00f1ales RGB del Amiga 500 a HDMI a trav\u00e9s de una Raspberry Pi. El adaptador se instala en la toma Denise del Amiga 500 y el chip Denise se conecta al adaptador. Ofrecemos el adaptador en 2 versiones: S\u00f3lo el adaptador o como un conjunto completo. En la versi\u00f3n s\u00f3lo adaptador, hay que flashear el propio CPLD, conectar una Raspberry PI Zero y configurar el software. En la versi\u00f3n Plug&amp;Play, todo est\u00e1 incluido y configurado para su uso inmediato.    <\/p>\n<p><strong>Al comprarnos el adaptador, estar\u00e1s apoyando activamente el proyecto, ya que parte de los beneficios se destinan directamente al equipo.<\/strong><\/p>\n","protected":false},"featured_media":6285,"template":"","meta":[],"product_brand":[],"product_cat":[669],"product_tag":[239,288,390,652,653],"class_list":{"0":"post-6631","1":"product","2":"type-product","3":"status-publish","4":"has-post-thumbnail","6":"product_cat-tesoro-escondido","7":"product_tag-amiga-es","8":"product_tag-amiga-500-es","9":"product_tag-frambuesa","10":"product_tag-rgb-a-hdmi","11":"product_tag-rgb2hdmi-es","12":"product_shipping_class-dhl-es","14":"first","15":"outofstock","16":"taxable","17":"shipping-taxable","18":"purchasable","19":"product-type-variable","20":"has-default-attributes"},"origins":[],"jetpack_sharing_enabled":true,"_links":{"self":[{"href":"https:\/\/www.retrobuddys.com\/es\/wp-json\/wp\/v2\/product\/6631","targetHints":{"allow":["GET"]}}],"collection":[{"href":"https:\/\/www.retrobuddys.com\/es\/wp-json\/wp\/v2\/product"}],"about":[{"href":"https:\/\/www.retrobuddys.com\/es\/wp-json\/wp\/v2\/types\/product"}],"wp:featuredmedia":[{"embeddable":true,"href":"https:\/\/www.retrobuddys.com\/es\/wp-json\/wp\/v2\/media\/6285"}],"wp:attachment":[{"href":"https:\/\/www.retrobuddys.com\/es\/wp-json\/wp\/v2\/media?parent=6631"}],"wp:term":[{"taxonomy":"product_brand","embeddable":true,"href":"https:\/\/www.retrobuddys.com\/es\/wp-json\/wp\/v2\/product_brand?post=6631"},{"taxonomy":"product_cat","embeddable":true,"href":"https:\/\/www.retrobuddys.com\/es\/wp-json\/wp\/v2\/product_cat?post=6631"},{"taxonomy":"product_tag","embeddable":true,"href":"https:\/\/www.retrobuddys.com\/es\/wp-json\/wp\/v2\/product_tag?post=6631"}],"curies":[{"name":"wp","href":"https:\/\/api.w.org\/{rel}","templated":true}]}}