{"id":6248,"date":"2024-09-20T10:19:04","date_gmt":"2024-09-20T10:19:04","guid":{"rendered":"https:\/\/www.retrobuddys.com\/?post_type=product&#038;p=6248"},"modified":"2026-02-08T16:00:14","modified_gmt":"2026-02-08T16:00:14","slug":"rgbtohdmi-adapter-amiga2000-2","status":"publish","type":"product","link":"https:\/\/www.retrobuddys.com\/es\/shop\/amiga-hw-mods-es\/amiga-2000-es\/rgbtohdmi-adapter-amiga2000-2\/","title":{"rendered":"Adaptador RGB a HDMI Amiga2000"},"content":{"rendered":"<h3><strong>Adaptador RGMaHDMI Amiga2000<\/strong><\/h3>\n<p>Este adaptador se utiliza para transmitir las se\u00f1ales RGB del Amiga2000 a HDMI a trav\u00e9s de una Raspberry Pi. El adaptador se instala en la ranura del adaptador de v\u00eddeo del Amiga2000. Ofrecemos el adaptador en 2 versiones: O bien s\u00f3lo el adaptador con el bisel de impresi\u00f3n 3D, o bien como un conjunto completo. En la versi\u00f3n s\u00f3lo adaptador, hay que flashear el propio CPLD, conectar una Raspberry PI Zero y configurar el software. En la versi\u00f3n Plug&amp;Play, todo est\u00e1 incluido y configurado para su uso inmediato.    <\/p>\n<p><strong>Al comprarnos el adaptador, est\u00e1s apoyando activamente el proyecto, \u00a1ya que parte de los beneficios van directamente al equipo!<\/strong><\/p>\n<p><strong>Caracter\u00edsticas<\/strong><\/p>\n<ul>\n<li>Para Amiga 2000<\/li>\n<li>Conversor RGB a HDMI<\/li>\n<\/ul>\n<p><strong>Requisitos previos<\/strong><\/p>\n<ul>\n<li>Amiga 2000<\/li>\n<li>Tarjeta SD a partir de 8 GB<\/li>\n<li>Raspberry Pi Zero1 o Zero 2<\/li>\n<li>El software (ver m\u00e1s abajo) debe estar instalado en la tarjeta SD.<\/li>\n<li><span style=\"font-size: 14.4px;\">Requiere ranura libre para adaptador de v\u00eddeo<\/span><\/li>\n<\/ul>\n<p><strong>Volumen de suministro<\/strong><\/p>\n<ul>\n<li>Adaptador RGB a HDMI para Amiga 2000<\/li>\n<li>Tapa de ranura con tornillos - montada como un conjunto<\/li>\n<li>8 tornillos y elevadores para montar la Raspberry Pi Zero (montados en el conjunto)<\/li>\n<li>Raspberry Pi Zero 1 (opcionalmente s\u00f3lo montada en el conjunto)<\/li>\n<li>Tarjeta SD de 8 GB con software instalado (opcional s\u00f3lo en el kit)<\/li>\n<\/ul>\n<p><strong>Documentaci\u00f3n<\/strong><\/p>\n<ul>\n<li>La documentaci\u00f3n sobre el proyecto puede encontrarse aqu\u00ed: <a href=\"https:\/\/github.com\/LinuxJedi\/AmigaRGBtoHDMI\/tree\/main\/Amiga2000CPLDSlot\" target=\"_blank\" rel=\"noopener\">https:\/\/github.com\/LinuxJedi\/AmigaRGBtoHDMI\/tree\/main\/Amiga2000CPLDSlot<\/a><\/li>\n<li>El software se puede encontrar aqu\u00ed: <a href=\"https:\/\/github.com\/hoglet67\/RGBtoHDMI\/wiki\" target=\"_blank\" rel=\"noopener\">https:\/\/github.com\/hoglet67\/RGBtoHDMI\/wiki<\/a><\/li>\n<li>La imagen de Retrobuddy de 8 GB se encuentra aqu\u00ed: <a href=\"https:\/\/www.retrobuddys.com\/download\/a2krgbhdmi.zip\" target=\"_blank\" rel=\"noopener\">https:\/\/www.retrobuddys.com\/download\/a2krgbhdmi.zip<\/a><\/li>\n<\/ul>\n<p>El adaptador RGB a HDMI fue desarrollado por @LinuxJedi Andrew Hutchings bas\u00e1ndose en los dise\u00f1os de \u00abIanSB\u00bb, \u00abc0pperdragon\u00bb y \u00abhoglet67\u00bb. Nos complace ofrecer un peque\u00f1o apoyo a este proyecto excepcional.<\/p>\n<p>Fabricamos internamente los adaptadores RGB a HDMI.<\/p>\n","protected":false},"excerpt":{"rendered":"<h3><strong>Adaptador RGMaHDMI Amiga2000<\/strong><\/h3>\n<p>Este adaptador se utiliza para transmitir las se\u00f1ales RGB del Amiga2000 a HDMI a trav\u00e9s de una Raspberry Pi. El adaptador se instala en la ranura del adaptador de v\u00eddeo del Amiga2000. Ofrecemos el adaptador en 2 versiones: O bien s\u00f3lo el adaptador con el bisel de impresi\u00f3n 3D, o bien como un conjunto completo. En la versi\u00f3n s\u00f3lo adaptador, hay que flashear el propio CPLD, conectar una Raspberry PI Zero y configurar el software. En la versi\u00f3n Plug&amp;Play, todo est\u00e1 incluido y configurado para su uso inmediato.    <\/p>\n<p><strong>Al comprarnos el adaptador, est\u00e1s apoyando activamente el proyecto, \u00a1ya que parte de los beneficios van directamente al equipo!<\/strong><\/p>\n","protected":false},"featured_media":6310,"template":"","meta":[],"product_brand":[],"product_cat":[236,234,800],"product_tag":[655,239,654,390,652,653],"class_list":{"0":"post-6248","1":"product","2":"type-product","3":"status-publish","4":"has-post-thumbnail","6":"product_cat-amiga-2000-es","7":"product_cat-amiga-hw-mods-es","8":"product_cat-rgb2hdmi","9":"product_tag-a2k-es","10":"product_tag-amiga-es","11":"product_tag-amiga2000-es","12":"product_tag-frambuesa","13":"product_tag-rgb-a-hdmi","14":"product_tag-rgb2hdmi-es","15":"product_shipping_class-dhl-es","17":"first","18":"instock","19":"taxable","20":"shipping-taxable","21":"purchasable","22":"product-type-variable","23":"has-default-attributes"},"jetpack_sharing_enabled":true,"_links":{"self":[{"href":"https:\/\/www.retrobuddys.com\/es\/wp-json\/wp\/v2\/product\/6248","targetHints":{"allow":["GET"]}}],"collection":[{"href":"https:\/\/www.retrobuddys.com\/es\/wp-json\/wp\/v2\/product"}],"about":[{"href":"https:\/\/www.retrobuddys.com\/es\/wp-json\/wp\/v2\/types\/product"}],"wp:featuredmedia":[{"embeddable":true,"href":"https:\/\/www.retrobuddys.com\/es\/wp-json\/wp\/v2\/media\/6310"}],"wp:attachment":[{"href":"https:\/\/www.retrobuddys.com\/es\/wp-json\/wp\/v2\/media?parent=6248"}],"wp:term":[{"taxonomy":"product_brand","embeddable":true,"href":"https:\/\/www.retrobuddys.com\/es\/wp-json\/wp\/v2\/product_brand?post=6248"},{"taxonomy":"product_cat","embeddable":true,"href":"https:\/\/www.retrobuddys.com\/es\/wp-json\/wp\/v2\/product_cat?post=6248"},{"taxonomy":"product_tag","embeddable":true,"href":"https:\/\/www.retrobuddys.com\/es\/wp-json\/wp\/v2\/product_tag?post=6248"}],"curies":[{"name":"wp","href":"https:\/\/api.w.org\/{rel}","templated":true}]}}