{"id":5805,"date":"2024-08-19T10:09:23","date_gmt":"2024-08-19T10:09:23","guid":{"rendered":"https:\/\/www.retrobuddys.com\/?post_type=product&#038;p=5805"},"modified":"2026-04-27T20:30:52","modified_gmt":"2026-04-27T20:30:52","slug":"pistorm32-lite-para-amiga-1200-kopie-3","status":"publish","type":"product","link":"https:\/\/www.retrobuddys.com\/es\/shop\/amiga-hw-mods-es\/amiga-1200-es\/pistorm32-lite-para-amiga-1200-kopie-3\/","title":{"rendered":"PiStorm32 Lite con CM4 + Placa de E\/S Juego completo para Amiga 1200"},"content":{"rendered":"<h3><strong>PiStorm32 Lite con placa de E\/S CM4, CM4 2GB+WiFi+ventilador activo + CaffeineOS SD para Amiga 1200 *nuevo* *set completo*<\/strong><\/h3>\n<p>El PiStorm32 Lite para el Amiga 1200 utiliza una Raspberry Pi como acelerador de procesador\/\u00bbtarjeta turbo\u00bb, tarjeta gr\u00e1fica RTG y como interfaz de disco duro en el Amiga 1200. Es un conjunto completo \u00abPlug&amp;Play\u00bb con Raspberry PI CM4 y tarjeta SD con CaffeineOS y todo est\u00e1 premontado.<\/p>\n<p><strong>Al comprarnos el adaptador, est\u00e1s apoyando activamente el proyecto, \u00a1ya que parte de los beneficios van directamente al equipo!<\/strong><\/p>\n<p><strong>Caracter\u00edsticas<\/strong><\/p>\n<ul>\n<li>Para Amiga 1200<\/li>\n<li>68020 (~23MIPS) con configuraci\u00f3n est\u00e1ndar y hasta 68040 con ~2000 MIPS<\/li>\n<li>M\u00faltiples opciones de configuraci\u00f3n del procesador (68020\/68030\/68040)<\/li>\n<li>Hasta 2 GB de memoria (Raspberry PI 4)<\/li>\n<li>Salida de tarjeta gr\u00e1fica RTG con modos de alta resoluci\u00f3n a trav\u00e9s de HDMI.<\/li>\n<li>Tarjeta WLAN para conectar el Amiga a Internet<\/li>\n<\/ul>\n<p><strong>Requisitos previos<\/strong><\/p>\n<ul>\n<li>Amiga 1200<\/li>\n<li>Kickstart 2.05, 3.0, 3.1, 3.1.4, 3.2, 3.2.1, 3.2.2 o 3.2.3. <\/li>\n<li>Tarjeta SD a partir de 8 GB<\/li>\n<li>PiStorm Github<a href=\"https:\/\/github.com\/captain-amygdala\/pistorm\" target=\"_blank\" rel=\"noopener\">(https:\/\/github.com\/captain-amygdala\/pistorm)<\/a><\/li>\n<li>AmigaOS 3.1 o superior<\/li>\n<li>WinUAE para la configuraci\u00f3n en el PC<\/li>\n<\/ul>\n<p><strong>Volumen de suministro<\/strong><\/p>\n<ul>\n<li>Adaptador PiStorm32 Lite para Amiga 1200<\/li>\n<li>Adaptador PiStorm32 CM4 y placa de E\/S para Amiga 1200<\/li>\n<li>Raspberry CM4 con 2GB Ram y WiFi - montada<\/li>\n<li>Ventilador activo Waveshare - montado<\/li>\n<li>Tarjeta SD de 64 GB con la \u00faltima versi\u00f3n de CommunityOS instalada (el despertar de caf\u00e9 y cola de nuestro capit\u00e1n \ud83d\ude42 )<\/li>\n<li>1 x cable FPC (el lado azul debe estar arriba) - montado<\/li>\n<li>3 tornillos M2,5 de 10 mm - montados<\/li>\n<li>3 x separadores (impresi\u00f3n 3D) - montados<\/li>\n<li>Cubierta impresa en 3D para Backdoor Amiga1200 (USB, Ethernet y HDMI)<\/li>\n<\/ul>\n<p><strong>Documentaci\u00f3n<\/strong><\/p>\n<ul>\n<li>La documentaci\u00f3n sobre el proyecto puede consultarse aqu\u00ed: <a href=\"https:\/\/github.com\/captain-amygdala\/pistorm\" target=\"_blank\" rel=\"noopener\">https:\/\/github.com\/captain-amygdala\/pistorm<\/a><\/li>\n<li>El software Emu68 de Michal Schulz se puede encontrar aqu\u00ed <a href=\"https:\/\/github.com\/michalsc\/Emu68\" target=\"_blank\" rel=\"noopener\">https:\/\/github.com\/michalsc\/Emu68<\/a><\/li>\n<li>Las preguntas frecuentes sobre PiStorm de Retro Buddy se encuentran aqu\u00ed <a href=\"https:\/\/www.retrobuddys.com\/es\/2025\/01\/02\/pistorm-faq\/\" target=\"_blank\" rel=\"noopener\">https:\/\/www.retrobuddys.com\/2025\/01\/02\/pistorm-faq\/<\/a><\/li>\n<\/ul>\n<p>El PiStorm fue desarrollado por el equipo dirigido por Claude Schwarz, Michal Schulz y otros. Nos complace ofrecer un peque\u00f1o apoyo a este proyecto excepcional.<\/p>\n<p>Fabricamos los adaptadores PiStorm en casa.<\/p>\n","protected":false},"excerpt":{"rendered":"<h3><strong>PiStorm32 Lite con placa de E\/S CM4, CM4 2GB+WiFi+ventilador activo + tarjeta SD de 64GB para Amiga 1200 *nuevo* *conjunto completo*.<\/strong><\/h3>\n<p>El PiStorm32 Lite para el Amiga 1200 utiliza una Raspberry Pi como acelerador de procesador\/\u00bbtarjeta turbo\u00bb, tarjeta gr\u00e1fica RTG y como interfaz de disco duro en el Amiga 1200. Es un conjunto completo \u00abPlug&amp;Play\u00bb con Raspberry PI CM4 y tarjeta SD con<span style=\"color: #333333; font-size: 14.4px;\"> la versi\u00f3n actual de CommunityOS (el estimulante de caf\u00e9 y cola de nuestro capit\u00e1n \ud83d\ude42 )<\/span><\/p>\n<p>y todo est\u00e1 premontado.<\/p>\n","protected":false},"featured_media":5239,"template":"","meta":[],"product_brand":[],"product_cat":[515,234,521],"product_tag":[239,390,273,393],"class_list":{"0":"post-5805","1":"product","2":"type-product","3":"status-publish","4":"has-post-thumbnail","6":"product_cat-amiga-1200-es","7":"product_cat-amiga-hw-mods-es","8":"product_cat-pistorm-es-2","9":"product_tag-amiga-es","10":"product_tag-frambuesa","11":"product_tag-pistorm-es","12":"product_tag-turbo-es","13":"product_shipping_class-dhl-es","15":"first","16":"instock","17":"taxable","18":"shipping-taxable","19":"purchasable","20":"product-type-variable","21":"has-default-attributes"},"origins":[],"jetpack_sharing_enabled":true,"_links":{"self":[{"href":"https:\/\/www.retrobuddys.com\/es\/wp-json\/wp\/v2\/product\/5805","targetHints":{"allow":["GET"]}}],"collection":[{"href":"https:\/\/www.retrobuddys.com\/es\/wp-json\/wp\/v2\/product"}],"about":[{"href":"https:\/\/www.retrobuddys.com\/es\/wp-json\/wp\/v2\/types\/product"}],"wp:featuredmedia":[{"embeddable":true,"href":"https:\/\/www.retrobuddys.com\/es\/wp-json\/wp\/v2\/media\/5239"}],"wp:attachment":[{"href":"https:\/\/www.retrobuddys.com\/es\/wp-json\/wp\/v2\/media?parent=5805"}],"wp:term":[{"taxonomy":"product_brand","embeddable":true,"href":"https:\/\/www.retrobuddys.com\/es\/wp-json\/wp\/v2\/product_brand?post=5805"},{"taxonomy":"product_cat","embeddable":true,"href":"https:\/\/www.retrobuddys.com\/es\/wp-json\/wp\/v2\/product_cat?post=5805"},{"taxonomy":"product_tag","embeddable":true,"href":"https:\/\/www.retrobuddys.com\/es\/wp-json\/wp\/v2\/product_tag?post=5805"}],"curies":[{"name":"wp","href":"https:\/\/api.w.org\/{rel}","templated":true}]}}