{"id":5729,"date":"2024-08-15T14:51:12","date_gmt":"2024-08-15T14:51:12","guid":{"rendered":"https:\/\/www.retrobuddys.com\/?post_type=product&#038;p=5729"},"modified":"2025-12-30T14:29:14","modified_gmt":"2025-12-30T14:29:14","slug":"ampliacion-de-memoria-512-kb-con-rtc-para-amiga-500-kopie","status":"publish","type":"product","link":"https:\/\/www.retrobuddys.com\/es\/shop\/amiga-hw-mods-es\/amiga-500-es\/ampliacion-de-memoria-512-kb-con-rtc-para-amiga-500-kopie\/","title":{"rendered":"Ampliaci\u00f3n de memoria 512 KB con RTC para AMIGA 500 *kit*"},"content":{"rendered":"<p><span style=\"font-size: 100%;\"><b><span style=\"font-family: Tahoma;\">*BAUSATZ* Ampliaci\u00f3n de memoria 512 KB para AMIGA 500 con RTC<\/span><\/b><\/span><\/p>\n<ul>\n<li><span style=\"font-family: Tahoma; font-size: 100%;\">Los 512kb son \u00abmem lentas\u00bb.<\/span><\/li>\n<li>Con RTC - Reloj en tiempo real<\/li>\n<li><span style=\"font-family: Tahoma; font-size: 100%;\"><strong>No<\/strong> es necesario desenroscar el Amiga para la instalaci\u00f3n.<\/span><\/li>\n<li><span style=\"font-family: Tahoma; font-size: 100%;\">La ampliaci\u00f3n de memoria se instala en la \u00abtrampilla\u00bb inferior.<br \/>\n<\/span><\/li>\n<li>El kit incluye todos los componentes necesarios, la placa de circuito impreso y el plano de montaje (en l\u00ednea)<\/li>\n<li>Conocimientos de soldadura necesarios: SMD + TTH (Through the hole)<\/li>\n<li>Nivel de dificultad: Medio<\/li>\n<li>\u00a1excluido de devoluci\u00f3n\/cambio!<\/li>\n<li><a href=\"https:\/\/www.retrobuddys.com\/download\/ibom-512kbmitRTC.html\" target=\"_blank\" rel=\"noopener\">https:\/\/www.retrobuddys.com\/download\/ibom-512kbmitRTC.html<\/a><\/li>\n<\/ul>\n<p><span style=\"font-size: 80%;\">Informaci\u00f3n general sobre la Ley de bater\u00edas (BattG)<\/span><br \/>\n<span style=\"font-size: 80%;\">El volumen de suministro incluye una bater\u00eda, necesaria para el funcionamiento. En relaci\u00f3n con la venta de esta bater\u00eda, nosotros como distribuidores estamos obligados a informar a nuestros clientes de lo siguiente de acuerdo con la Ley de Bater\u00edas (BattG): Las pilas usadas no deben tirarse a la basura dom\u00e9stica. Los consumidores tienen la obligaci\u00f3n legal de llevar las pilas a un punto de recogida adecuado. Tambi\u00e9n puedes enviar tus pilas usadas a nuestro almac\u00e9n de env\u00edos (CompuSys GmbH, Hattsmoor 22, 22417 Hamburgo). Las pilas usadas contienen valiosas materias primas que se reciclan. Las pilas y bater\u00edas recargables no deben tirarse a la basura dom\u00e9stica.  <\/span><br \/>\n<span style=\"font-size: 80%;\">Pb para plomo; Cd para cadmio; Hg para mercurio.<\/span><br \/>\n<span style=\"font-size: 80%;\">Estas se\u00f1ales qu\u00edmicas indican que se ha superado una determinada cantidad l\u00edmite de las sustancias qu\u00edmicas indicadas en este tipo de bater\u00eda:<\/span><br \/>\n<span style=\"font-size: 80%;\">HG: m\u00e1s de 0,0005% en peso de mercurio<\/span><br \/>\n<span style=\"font-size: 80%;\">Cd: m\u00e1s del 0,002% en peso de cadmio<\/span><br \/>\n<span style=\"font-size: 80%;\">Pb: m\u00e1s del 0,004% de plomo en peso.<\/span><br \/>\n<span style=\"font-size: 80%;\">Tambi\u00e9n encontrar\u00e1 de nuevo estas instrucciones en los documentos que acompa\u00f1an al env\u00edo.<\/span><\/p>\n","protected":false},"excerpt":{"rendered":"<p><span style=\"font-size: 100%;\"><b><span style=\"font-family: Tahoma;\">Ampliaci\u00f3n de memoria 512 KB para AMIGA 500 con RTC *kit*<\/span><\/b><\/span><\/p>\n","protected":false},"featured_media":1741,"template":"","meta":[],"product_brand":[],"product_cat":[242,234,399,264],"product_tag":[288,297,631],"class_list":{"0":"post-5729","1":"product","2":"type-product","3":"status-publish","4":"has-post-thumbnail","6":"product_cat-amiga-500-es","7":"product_cat-amiga-hw-mods-es","8":"product_cat-ampliacion-de-memoria","9":"product_cat-placas-de-circuito-impreso-pcb","10":"product_tag-amiga-500-es","11":"product_tag-ampliacion-de-memoria","12":"product_tag-kit-es-2","13":"product_shipping_class-dhl-es","15":"first","16":"instock","17":"taxable","18":"shipping-taxable","19":"purchasable","20":"product-type-simple"},"jetpack_sharing_enabled":true,"_links":{"self":[{"href":"https:\/\/www.retrobuddys.com\/es\/wp-json\/wp\/v2\/product\/5729","targetHints":{"allow":["GET"]}}],"collection":[{"href":"https:\/\/www.retrobuddys.com\/es\/wp-json\/wp\/v2\/product"}],"about":[{"href":"https:\/\/www.retrobuddys.com\/es\/wp-json\/wp\/v2\/types\/product"}],"wp:featuredmedia":[{"embeddable":true,"href":"https:\/\/www.retrobuddys.com\/es\/wp-json\/wp\/v2\/media\/1741"}],"wp:attachment":[{"href":"https:\/\/www.retrobuddys.com\/es\/wp-json\/wp\/v2\/media?parent=5729"}],"wp:term":[{"taxonomy":"product_brand","embeddable":true,"href":"https:\/\/www.retrobuddys.com\/es\/wp-json\/wp\/v2\/product_brand?post=5729"},{"taxonomy":"product_cat","embeddable":true,"href":"https:\/\/www.retrobuddys.com\/es\/wp-json\/wp\/v2\/product_cat?post=5729"},{"taxonomy":"product_tag","embeddable":true,"href":"https:\/\/www.retrobuddys.com\/es\/wp-json\/wp\/v2\/product_tag?post=5729"}],"curies":[{"name":"wp","href":"https:\/\/api.w.org\/{rel}","templated":true}]}}