{"id":5497,"date":"2024-05-22T07:51:07","date_gmt":"2024-05-22T07:51:07","guid":{"rendered":"https:\/\/www.retrobuddys.com\/?post_type=product&#038;p=5497"},"modified":"2026-03-23T06:04:27","modified_gmt":"2026-03-23T06:04:27","slug":"sandisk-extreme-microsdhc-64-gb-con-communityos","status":"publish","type":"product","link":"https:\/\/www.retrobuddys.com\/es\/shop\/memoria-memory-sticks\/sandisk-extreme-microsdhc-64-gb-con-communityos\/","title":{"rendered":"SanDisk Extreme microSDHC 64 GB con CommunityOS"},"content":{"rendered":"<ul>\n<li><span class=\"a-list-item\">La tarjeta de memoria microSDHC es la compa\u00f1era ideal para nuestras PiStorms<\/span><\/li>\n<li>La \u00faltima versi\u00f3n de CommunityOS est\u00e1 instalada (la llamada de atenci\u00f3n de caf\u00e9 y cola de nuestro capit\u00e1n \ud83d\ude42 )<\/li>\n<li>S\u00f3lo para compradores anteriores de un PiStorm nuestro.<\/li>\n<li>Disculpa el precio: las tarjetas SD son actualmente incre\u00edblemente caras.<\/li>\n<\/ul>\n<p>Nos reservamos el derecho a anular pedidos de la tarjeta sin que nos hayas comprado previamente un PiStorm.<\/p>\n<p>El archivo torrent actual puede descargarse en <a href=\"https:\/\/bit.ly\/m\/CaffeineOS\" target=\"_blank\" rel=\"noopener\">https:\/\/bit.ly\/m\/CaffeineOS.<\/a> Est\u00e1 \u00f3ptimamente preparado para las tarjetas SD de 64 GB de SanDisk. <\/p>\n","protected":false},"excerpt":{"rendered":"<p>La tarjeta de memoria microSDHC es la compa\u00f1era ideal para nuestras PiStorms La \u00faltima versi\u00f3n de CommunityOS est\u00e1 instalada (la llamada de atenci\u00f3n de caf\u00e9 y cola de nuestro capit\u00e1n \ud83d\ude42 ) S\u00f3lo para compradores anteriores de un PiStorm nuestro. Disculpa el precio: las tarjetas SD son actualmente incre\u00edblemente caras. Nos reservamos el derecho a [&#8230;]\n","protected":false},"featured_media":5754,"template":"","meta":[],"product_brand":[],"product_cat":[293,521],"product_tag":[635,273],"class_list":{"0":"post-5497","1":"product","2":"type-product","3":"status-publish","4":"has-post-thumbnail","6":"product_cat-memoria-memory-sticks","7":"product_cat-pistorm-es-2","8":"product_tag-cafeinaos","9":"product_tag-pistorm-es","10":"product_shipping_class-letra-grande","12":"first","13":"outofstock","14":"taxable","15":"shipping-taxable","16":"purchasable","17":"product-type-simple"},"origins":[],"jetpack_sharing_enabled":true,"_links":{"self":[{"href":"https:\/\/www.retrobuddys.com\/es\/wp-json\/wp\/v2\/product\/5497","targetHints":{"allow":["GET"]}}],"collection":[{"href":"https:\/\/www.retrobuddys.com\/es\/wp-json\/wp\/v2\/product"}],"about":[{"href":"https:\/\/www.retrobuddys.com\/es\/wp-json\/wp\/v2\/types\/product"}],"wp:featuredmedia":[{"embeddable":true,"href":"https:\/\/www.retrobuddys.com\/es\/wp-json\/wp\/v2\/media\/5754"}],"wp:attachment":[{"href":"https:\/\/www.retrobuddys.com\/es\/wp-json\/wp\/v2\/media?parent=5497"}],"wp:term":[{"taxonomy":"product_brand","embeddable":true,"href":"https:\/\/www.retrobuddys.com\/es\/wp-json\/wp\/v2\/product_brand?post=5497"},{"taxonomy":"product_cat","embeddable":true,"href":"https:\/\/www.retrobuddys.com\/es\/wp-json\/wp\/v2\/product_cat?post=5497"},{"taxonomy":"product_tag","embeddable":true,"href":"https:\/\/www.retrobuddys.com\/es\/wp-json\/wp\/v2\/product_tag?post=5497"}],"curies":[{"name":"wp","href":"https:\/\/api.w.org\/{rel}","templated":true}]}}