{"id":5005,"date":"2024-01-31T21:24:13","date_gmt":"2024-01-31T21:24:13","guid":{"rendered":"https:\/\/www.retrobuddys.com\/?post_type=product&#038;p=5005"},"modified":"2026-04-01T15:57:47","modified_gmt":"2026-04-01T15:57:47","slug":"pistorm32-lite-para-amiga-1200-kopie-2","status":"publish","type":"product","link":"https:\/\/www.retrobuddys.com\/es\/shop\/amiga-hw-mods-es\/amiga-1200-es\/pistorm32-lite-para-amiga-1200-kopie-2\/","title":{"rendered":"Adaptador PiStorm32 CM4 y placa de E\/S"},"content":{"rendered":"<h3><strong>Adaptador PiStorm32 CM4 y placa de E\/S  <\/strong><\/h3>\n<p>La placa adaptadora CM4 le permite equipar su PiStorm32 Lite con un Raspberry Pi CM4 ComputeModule y conectar en bucle puertos de E\/S externos en la puerta trasera del Amiga1200. Ofrecemos el adaptador CM4 para el PiStorm32 Lite con diferentes m\u00f3dulos RaspberryPi CM4 y refrigeraci\u00f3n activa o pasiva. El m\u00f3dulo CM4 *debe* estar refrigerado y necesitas un adaptador PiStorm32 Lite. Si nos compra la placa adaptadora CM4, se la entregaremos montada con el refrigerador seleccionado.<br \/>\nEsto es \u00abs\u00f3lo\u00bb la Raspberry Pi CM4 y la placa de E\/S.<\/p>\n<p><strong>Al comprarnos el adaptador, est\u00e1s apoyando activamente el proyecto, \u00a1ya que parte de los beneficios van directamente al equipo!<\/strong><\/p>\n<p><strong>Caracter\u00edsticas<\/strong><\/p>\n<ul>\n<li>Para PiStorm32 Lite para Amiga 1200<\/li>\n<li>68020 (~23MIPS) con configuraci\u00f3n est\u00e1ndar y hasta 68040 con ~2000 MIPS<\/li>\n<li>M\u00faltiples opciones de configuraci\u00f3n del procesador (68020\/68030\/68040) mediante EMU68 o Musashi<\/li>\n<\/ul>\n<p><strong>Requisitos previos<\/strong><\/p>\n<ul>\n<li>Adaptador para Amiga 1200 y PiStorm32 Lite<\/li>\n<li>PiStorm Github<a href=\"https:\/\/github.com\/captain-amygdala\/pistorm\" target=\"_blank\" rel=\"noopener\">(https:\/\/github.com\/captain-amygdala\/pistorm)<\/a><\/li>\n<\/ul>\n<p><strong>Opcional<\/strong><\/p>\n<ul>\n<li>M\u00f3dulo RaspberryPi CM4 (montado)<\/li>\n<li>Refrigeraci\u00f3n activa o pasiva (montada)<\/li>\n<li>Antena WiFi externa de Waveshare (sin montar)<\/li>\n<\/ul>\n<p><strong>Volumen de suministro<\/strong><\/p>\n<ul>\n<li>Adaptador PiStorm32 CM4 y tarjeta de E\/S para Amiga 1200 (no incluidos) y PiStorm32 Lite (no incluidos)<\/li>\n<li>1 x cable FPC (el lado azul debe estar arriba)<\/li>\n<li>3 tornillos M2.5 de 10 mm<\/li>\n<li>3 x espaciadores (impresi\u00f3n 3D)<\/li>\n<li>Cubierta impresa en 3D para Backdoor Amiga1200 (USB, Ethernet y HDMI)<\/li>\n<\/ul>\n<p><strong>Documentaci\u00f3n<\/strong><\/p>\n<ul>\n<li>La documentaci\u00f3n sobre el proyecto puede consultarse aqu\u00ed: <a href=\"https:\/\/github.com\/captain-amygdala\/pistorm\" target=\"_blank\" rel=\"noopener\">https:\/\/github.com\/captain-amygdala\/pistorm<\/a><\/li>\n<li>El software Emu68 de Michal Schulz se puede encontrar aqu\u00ed <a href=\"https:\/\/github.com\/michalsc\/Emu68\" target=\"_blank\" rel=\"noopener\">https:\/\/github.com\/michalsc\/Emu68<\/a><\/li>\n<\/ul>\n<p>El PiStorm fue desarrollado por el equipo dirigido por Claude Schwarz, Michal Schulz y otros. Nos complace ofrecer un peque\u00f1o apoyo a este proyecto excepcional.<\/p>\n<p>Fabricamos los adaptadores PiStorm en casa.<\/p>\n","protected":false},"excerpt":{"rendered":"<h3><strong>Adaptador PiStorm32 CM4 y placa de E\/S<\/strong><\/h3>\n<p>La placa adaptadora CM4 le permite equipar su PiStorm32 Lite con un Raspberry Pi CM4 ComputeModule y conectar en bucle puertos de E\/S externos en la puerta trasera del Amiga1200. Ofrecemos el adaptador CM4 para el PiStorm32 Lite con diferentes m\u00f3dulos RaspberryPi CM4 y refrigeraci\u00f3n activa o pasiva. El m\u00f3dulo CM4 *debe* estar refrigerado y necesitas un adaptador PiStorm32 Lite. Esto es \u00abs\u00f3lo\u00bb la Raspberry Pi y la placa de E\/S.<\/p>\n","protected":false},"featured_media":5239,"template":"","meta":[],"product_brand":[],"product_cat":[515,234,521],"product_tag":[239,564,390,273,393],"class_list":{"0":"post-5005","1":"product","2":"type-product","3":"status-publish","4":"has-post-thumbnail","6":"product_cat-amiga-1200-es","7":"product_cat-amiga-hw-mods-es","8":"product_cat-pistorm-es-2","9":"product_tag-amiga-es","10":"product_tag-cm4-es","11":"product_tag-frambuesa","12":"product_tag-pistorm-es","13":"product_tag-turbo-es","14":"product_shipping_class-dhl-es","16":"first","17":"onbackorder","18":"taxable","19":"shipping-taxable","20":"purchasable","21":"product-type-variable","22":"has-default-attributes"},"jetpack_sharing_enabled":true,"_links":{"self":[{"href":"https:\/\/www.retrobuddys.com\/es\/wp-json\/wp\/v2\/product\/5005","targetHints":{"allow":["GET"]}}],"collection":[{"href":"https:\/\/www.retrobuddys.com\/es\/wp-json\/wp\/v2\/product"}],"about":[{"href":"https:\/\/www.retrobuddys.com\/es\/wp-json\/wp\/v2\/types\/product"}],"wp:featuredmedia":[{"embeddable":true,"href":"https:\/\/www.retrobuddys.com\/es\/wp-json\/wp\/v2\/media\/5239"}],"wp:attachment":[{"href":"https:\/\/www.retrobuddys.com\/es\/wp-json\/wp\/v2\/media?parent=5005"}],"wp:term":[{"taxonomy":"product_brand","embeddable":true,"href":"https:\/\/www.retrobuddys.com\/es\/wp-json\/wp\/v2\/product_brand?post=5005"},{"taxonomy":"product_cat","embeddable":true,"href":"https:\/\/www.retrobuddys.com\/es\/wp-json\/wp\/v2\/product_cat?post=5005"},{"taxonomy":"product_tag","embeddable":true,"href":"https:\/\/www.retrobuddys.com\/es\/wp-json\/wp\/v2\/product_tag?post=5005"}],"curies":[{"name":"wp","href":"https:\/\/api.w.org\/{rel}","templated":true}]}}