{"id":4461,"date":"2024-01-03T21:14:28","date_gmt":"2024-01-03T21:14:28","guid":{"rendered":"https:\/\/www.retrobuddys.com\/?post_type=product&#038;p=4461"},"modified":"2026-04-24T05:50:17","modified_gmt":"2026-04-24T05:50:17","slug":"pistorm32-lite-para-amiga-1200-kopie-kopie","status":"publish","type":"product","link":"https:\/\/www.retrobuddys.com\/es\/shop\/amiga-hw-mods-es\/amiga-600-es\/pistorm32-lite-para-amiga-1200-kopie-kopie\/","title":{"rendered":"PiStorm600 para Amiga 600 *NEGRO"},"content":{"rendered":"<h3><span style=\"color: #ed1c24;\">*lote actual agotado - el nuevo est\u00e1 en camino. Env\u00edo a partir del 7.5.* aprox. <\/span><\/h3>\n<h3><strong>PiStorm600 para Amiga 600 *nuevo<\/strong><\/h3>\n<p>El PiStorm600 para el Amiga 600 utiliza una Raspberry Pi como acelerador de procesador\/\u00bbtarjeta turbo\u00bb, tarjeta gr\u00e1fica RTG y como interfaz de disco duro y fue desarrollado especialmente para el Amiga 600.<br \/>\nUna Raspberry Pi 3a+ o Raspberry Zero2WH es esencial para el funcionamiento, pero no se incluye en el paquete est\u00e1ndar. No obstante, puede ped\u00edrnoslo como opci\u00f3n. S\u00f3lo utilizamos los z\u00f3calos AMP muy resistentes para que el PiStorm600 no tenga que fijarse adicionalmente a la placa base.<\/p>\n<p>Color actual de la placa de circuito impreso: Negro \/ NEGRO (im\u00e1genes en rojo s\u00f3lo como referencia)<\/p>\n<p><strong>Caracter\u00edsticas<\/strong><\/p>\n<ul>\n<li>Para Amiga 600<\/li>\n<li>68020 (~23MIPS) con configuraci\u00f3n est\u00e1ndar y hasta 68040 con ~2000 MIPS<\/li>\n<li>M\u00faltiples opciones de configuraci\u00f3n del procesador (68020\/68030\/68040)<\/li>\n<li>Hasta 128 MB de memoria<\/li>\n<li>Salida de tarjeta gr\u00e1fica RTG con modos de alta resoluci\u00f3n a trav\u00e9s de HDMI.<\/li>\n<li>Tarjeta WLAN para conectar el Amiga a Internet o a una red LAN (Musashi - a\u00fan no funciona con EMU68)<\/li>\n<\/ul>\n<p><strong>Requisitos previos<\/strong><\/p>\n<ul>\n<li>Amiga 600<\/li>\n<li>Kickstart 2.05, 3.0, 3.1, 3.1.4, 3.2, 3.2.1 o 3.2.2.<\/li>\n<li>Tarjeta SD a partir de 8 GB<\/li>\n<li>PiStorm Github<a href=\"https:\/\/github.com\/captain-amygdala\/pistorm\" target=\"_blank\" rel=\"noopener\">(https:\/\/github.com\/captain-amygdala\/pistorm)<\/a><\/li>\n<li>AmigaOS 3.1 o superior<\/li>\n<li>WinUAE para la configuraci\u00f3n en el PC<\/li>\n<\/ul>\n<p><strong>Opcional<\/strong><\/p>\n<ul>\n<li>Amiga OS 3.2.3 preconfigurado en tarjeta SD<\/li>\n<li>Tarjeta SD de 64 GB con la \u00faltima versi\u00f3n de CommunityOS instalada (el despertar de caf\u00e9 y cola de nuestro capit\u00e1n \ud83d\ude42 )<\/li>\n<li>Cable de extensi\u00f3n SD + HDMI FPV<\/li>\n<\/ul>\n<p><strong>Volumen de suministro<\/strong><\/p>\n<ul>\n<li>Adaptador PiStorm600 para Amiga 600<\/li>\n<li>2 tornillos M2.5 de 8 mm<\/li>\n<li>2 x espaciador<\/li>\n<\/ul>\n<p><strong>Documentaci\u00f3n<\/strong><\/p>\n<ul>\n<li>La documentaci\u00f3n sobre el proyecto puede consultarse aqu\u00ed: <a href=\"https:\/\/github.com\/captain-amygdala\/pistorm\" target=\"_blank\" rel=\"noopener\">https:\/\/github.com\/captain-amygdala\/pistorm<\/a><\/li>\n<li>El software Emu68 de Michal Schulz se puede encontrar aqu\u00ed <a href=\"https:\/\/github.com\/michalsc\/Emu68\" target=\"_blank\" rel=\"noopener\">https:\/\/github.com\/michalsc\/Emu68<\/a><\/li>\n<li>PiStorm600 de Leigh Russ <a href=\"https:\/\/github.com\/LemaruX\/PiStorm600\" target=\"_blank\" rel=\"noopener\">https:\/\/github.com\/LemaruX\/PiStorm600<\/a><\/li>\n<li>Las preguntas frecuentes sobre PiStorm de Retro Buddy se encuentran aqu\u00ed <a href=\"https:\/\/www.retrobuddys.com\/es\/2025\/01\/02\/pistorm-faq\/\" target=\"_blank\" rel=\"noopener\">https:\/\/www.retrobuddys.com\/2025\/01\/02\/pistorm-faq\/<\/a><\/li>\n<\/ul>\n<p>El PiStorm fue desarrollado por el equipo dirigido por Claude Schwarz, Michal Schulz y otros.<br \/>\nEl PiStorm 600 fue desarrollado por Leigh Russ \/ LemaruX sobre la base del PiStorm 500. Nos complace ofrecer apoyo a este proyecto excepcional.<\/p>\n<p>Fabricamos los adaptadores PiStorm en casa.<\/p>\n","protected":false},"excerpt":{"rendered":"<h3><span style=\"color: #ed1c24;\">*lote actual agotado - el nuevo est\u00e1 en camino. Env\u00edo a partir del 7.5.* aprox. <\/span><\/h3>\n<h3><strong>PiStorm600 para Amiga 600 *nuevo<\/strong><\/h3>\n<p>El PiStorm600 para el Amiga 600 utiliza una Raspberry Pi como acelerador de procesador\/\u00bbtarjeta turbo\u00bb, tarjeta gr\u00e1fica RTG y como interfaz de disco duro y fue desarrollado especialmente para el Amiga 600.<br \/>\nUna Raspberry Pi 3a+ o Raspberry Zero2WH es esencial para el funcionamiento, pero no se incluye en el paquete est\u00e1ndar. No obstante, puede ped\u00edrnoslo como opci\u00f3n. S\u00f3lo utilizamos los z\u00f3calos AMP muy resistentes para que el PiStorm600 no tenga que fijarse adicionalmente a la placa base.<\/p>\n","protected":false},"featured_media":8116,"template":"","meta":[],"product_brand":[],"product_cat":[271,234,521],"product_tag":[239,390,273,545,522,393],"class_list":{"0":"post-4461","1":"product","2":"type-product","3":"status-publish","4":"has-post-thumbnail","6":"product_cat-amiga-600-es","7":"product_cat-amiga-hw-mods-es","8":"product_cat-pistorm-es-2","9":"product_tag-amiga-es","10":"product_tag-frambuesa","11":"product_tag-pistorm-es","12":"product_tag-pistorm600-es","13":"product_tag-raspi-es","14":"product_tag-turbo-es","15":"product_shipping_class-dhl-es","17":"first","18":"onbackorder","19":"taxable","20":"shipping-taxable","21":"purchasable","22":"product-type-variable","23":"has-default-attributes"},"origins":[],"jetpack_sharing_enabled":true,"_links":{"self":[{"href":"https:\/\/www.retrobuddys.com\/es\/wp-json\/wp\/v2\/product\/4461","targetHints":{"allow":["GET"]}}],"collection":[{"href":"https:\/\/www.retrobuddys.com\/es\/wp-json\/wp\/v2\/product"}],"about":[{"href":"https:\/\/www.retrobuddys.com\/es\/wp-json\/wp\/v2\/types\/product"}],"wp:featuredmedia":[{"embeddable":true,"href":"https:\/\/www.retrobuddys.com\/es\/wp-json\/wp\/v2\/media\/8116"}],"wp:attachment":[{"href":"https:\/\/www.retrobuddys.com\/es\/wp-json\/wp\/v2\/media?parent=4461"}],"wp:term":[{"taxonomy":"product_brand","embeddable":true,"href":"https:\/\/www.retrobuddys.com\/es\/wp-json\/wp\/v2\/product_brand?post=4461"},{"taxonomy":"product_cat","embeddable":true,"href":"https:\/\/www.retrobuddys.com\/es\/wp-json\/wp\/v2\/product_cat?post=4461"},{"taxonomy":"product_tag","embeddable":true,"href":"https:\/\/www.retrobuddys.com\/es\/wp-json\/wp\/v2\/product_tag?post=4461"}],"curies":[{"name":"wp","href":"https:\/\/api.w.org\/{rel}","templated":true}]}}