{"id":3917,"date":"2023-11-28T13:41:30","date_gmt":"2023-11-28T13:41:30","guid":{"rendered":"https:\/\/www.retrobuddys.com\/?post_type=product&#038;p=3917"},"modified":"2026-04-24T12:03:42","modified_gmt":"2026-04-24T12:03:42","slug":"pistorm-para-amiga-500-amiga-500-y-amiga-2000-kopie","status":"publish","type":"product","link":"https:\/\/www.retrobuddys.com\/es\/shop\/amiga-hw-mods-es\/amiga-1200-es\/pistorm-para-amiga-500-amiga-500-y-amiga-2000-kopie\/","title":{"rendered":"PiStorm32 Lite para Amiga 1200"},"content":{"rendered":"<h3><strong>PiStorm32 Lite para Amiga 1200 *nuevo*.<\/strong><\/h3>\n<p>El PiStorm32 Lite para el Amiga 1200 utiliza una Raspberry Pi como acelerador de procesador\/\u00bbtarjeta turbo\u00bb, tarjeta gr\u00e1fica RTG y como interfaz de disco duro en el Amiga 1200.<br \/>\nUna Raspberry Pi 3a+, 4 o Zero2 es esencial para el funcionamiento, pero no se incluye en el paquete est\u00e1ndar.<br \/>\nNo obstante, puede ped\u00edrnoslo como opci\u00f3n. Pistorm32 Lite es compatible con la Raspberry Pi 3A+, Raspberry Pi 4 y la Raspberry PI Zero2WH (menor rendimiento).<\/p>\n<p>Si quieres comprar la placa de E\/S CM4, \u00a1selecci\u00f3nala tambi\u00e9n en la tienda!<\/p>\n<p><strong>Caracter\u00edsticas<\/strong><\/p>\n<ul>\n<li>Para Amiga 1200<\/li>\n<li>68020 (~23MIPS) con configuraci\u00f3n est\u00e1ndar y hasta 68040 con ~2000 MIPS<\/li>\n<li>M\u00faltiples opciones de configuraci\u00f3n del procesador (68020\/68030\/68040)<\/li>\n<li>Hasta 2 GB de memoria (Raspberry PI 4)<\/li>\n<li>Salida de tarjeta gr\u00e1fica RTG con modos de alta resoluci\u00f3n a trav\u00e9s de HDMI.<\/li>\n<li>Tarjeta WLAN para conectar el Amiga a Internet o a una red LAN (Musashi - a\u00fan no funciona con EMU68)<\/li>\n<\/ul>\n<p><strong>Requisitos previos<\/strong><\/p>\n<ul>\n<li>Amiga 1200<\/li>\n<li>Kickstart 2.05, 3.0, 3.1, 3.1.4, 3.2, 3.2.1, 3.2.2, 3.2.3.<\/li>\n<li>Tarjeta SD a partir de 8 GB<\/li>\n<li>PiStorm Github<a href=\"https:\/\/github.com\/captain-amygdala\/pistorm\" target=\"_blank\" rel=\"noopener\">(https:\/\/github.com\/captain-amygdala\/pistorm)<\/a><\/li>\n<li>AmigaOS 3.1 o superior<\/li>\n<li>WinUAE para la configuraci\u00f3n en el PC<\/li>\n<\/ul>\n<p><strong>Opcional<\/strong><\/p>\n<ul>\n<li>Amiga OS 3.2.3<\/li>\n<li>CaffeineOS preconfigurado en tarjeta SD<\/li>\n<li>Cable de extensi\u00f3n FPV USB + HDMI<\/li>\n<li>CM4 + placa E\/S (2GB + WiFi + refrigerador activo)<\/li>\n<\/ul>\n<p><strong>Volumen de suministro<\/strong><\/p>\n<ul>\n<li>Adaptador PiStorm32 Lite para Amiga 1200<\/li>\n<li>Almohadilla t\u00e9rmica (no instalada)<\/li>\n<li>3 tornillos M2.5 8mm<\/li>\n<li>3 x espaciadores (impresi\u00f3n 3D)<\/li>\n<li>Impresi\u00f3n 3D de la cubierta del pin para Raspberry<\/li>\n<\/ul>\n<p><strong>Documentaci\u00f3n<\/strong><\/p>\n<ul>\n<li>La documentaci\u00f3n sobre el proyecto puede consultarse aqu\u00ed: <a href=\"https:\/\/github.com\/captain-amygdala\/pistorm\" target=\"_blank\" rel=\"noopener\">https:\/\/github.com\/captain-amygdala\/pistorm<\/a><\/li>\n<li>El software Emu68 de Michal Schulz se puede encontrar aqu\u00ed <a href=\"https:\/\/github.com\/michalsc\/Emu68\" target=\"_blank\" rel=\"noopener\">https:\/\/github.com\/michalsc\/Emu68<\/a><\/li>\n<li>Las preguntas frecuentes sobre PiStorm de Retro Buddy se encuentran aqu\u00ed <a href=\"https:\/\/www.retrobuddys.com\/es\/2025\/01\/02\/pistorm-faq\/\" target=\"_blank\" rel=\"noopener\">https:\/\/www.retrobuddys.com\/2025\/01\/02\/pistorm-faq\/<\/a><\/li>\n<\/ul>\n<p>El PiStorm fue desarrollado por el equipo dirigido por Claude Schwarz, Michal Schulz y otros. Nos complace ofrecer un peque\u00f1o apoyo a este proyecto excepcional.<\/p>\n<p>Fabricamos los adaptadores PiStorm en casa.<\/p>\n","protected":false},"excerpt":{"rendered":"<h3><strong>PiStorm32 Lite para Amiga 1200<\/strong><\/h3>\n<p>El PiStorm32 Lite para el Amiga 1200 utiliza una Raspberry Pi como acelerador de procesador\/\u00bbtarjeta turbo\u00bb, tarjeta gr\u00e1fica RTG y como interfaz de disco duro en el Amiga 1200.<br \/>\nUna Raspberry Pi 3a+, 4 o Zero2 es esencial para el funcionamiento, pero no se incluye en el paquete est\u00e1ndar.<br \/>\nNo obstante, puede ped\u00edrnoslo como opci\u00f3n. Pistorm32 Lite es compatible con la Raspberry Pi 3A+, Raspberry Pi 4 y la Raspberry PI Zero2WH (menor rendimiento).<\/p>\n","protected":false},"featured_media":4084,"template":"","meta":[],"product_brand":[],"product_cat":[515,234,521],"product_tag":[239,390,273,393],"class_list":{"0":"post-3917","1":"product","2":"type-product","3":"status-publish","4":"has-post-thumbnail","6":"product_cat-amiga-1200-es","7":"product_cat-amiga-hw-mods-es","8":"product_cat-pistorm-es-2","9":"product_tag-amiga-es","10":"product_tag-frambuesa","11":"product_tag-pistorm-es","12":"product_tag-turbo-es","13":"product_shipping_class-dhl-es","15":"first","16":"instock","17":"taxable","18":"shipping-taxable","19":"purchasable","20":"product-type-variable","21":"has-default-attributes"},"jetpack_sharing_enabled":true,"_links":{"self":[{"href":"https:\/\/www.retrobuddys.com\/es\/wp-json\/wp\/v2\/product\/3917","targetHints":{"allow":["GET"]}}],"collection":[{"href":"https:\/\/www.retrobuddys.com\/es\/wp-json\/wp\/v2\/product"}],"about":[{"href":"https:\/\/www.retrobuddys.com\/es\/wp-json\/wp\/v2\/types\/product"}],"wp:featuredmedia":[{"embeddable":true,"href":"https:\/\/www.retrobuddys.com\/es\/wp-json\/wp\/v2\/media\/4084"}],"wp:attachment":[{"href":"https:\/\/www.retrobuddys.com\/es\/wp-json\/wp\/v2\/media?parent=3917"}],"wp:term":[{"taxonomy":"product_brand","embeddable":true,"href":"https:\/\/www.retrobuddys.com\/es\/wp-json\/wp\/v2\/product_brand?post=3917"},{"taxonomy":"product_cat","embeddable":true,"href":"https:\/\/www.retrobuddys.com\/es\/wp-json\/wp\/v2\/product_cat?post=3917"},{"taxonomy":"product_tag","embeddable":true,"href":"https:\/\/www.retrobuddys.com\/es\/wp-json\/wp\/v2\/product_tag?post=3917"}],"curies":[{"name":"wp","href":"https:\/\/api.w.org\/{rel}","templated":true}]}}