{"id":3404,"date":"2023-11-17T10:19:51","date_gmt":"2023-11-17T10:19:51","guid":{"rendered":"https:\/\/www.retrobuddys.com\/?post_type=product&#038;p=3404"},"modified":"2026-02-08T15:59:04","modified_gmt":"2026-02-08T15:59:04","slug":"amiga-600-plcc-socket-amp","status":"publish","type":"product","link":"https:\/\/www.retrobuddys.com\/es\/shop\/amiga-hw-mods-es\/varios\/amiga-600-plcc-socket-amp\/","title":{"rendered":"Z\u00f3calo PLCC para CPU de Amiga 600 de AMP"},"content":{"rendered":"<p>Z\u00f3calo PLCC de 68 patillas para CPU de Amiga 600 AMP Conforme a RoHS Z\u00f3calos PLCC AMP de alta calidad para diversos proyectos de Amiga 600 que requieren un z\u00f3calo \u00aba presi\u00f3n\u00bb para la CPU (PiStorm, expansi\u00f3n de memoria, etc pp) PIN especialmente resistentes para adherirse a la CPU de 68k del Amiga<\/p>\n","protected":false},"excerpt":{"rendered":"<p>Z\u00f3calo PLCC de 68 patillas para CPU de Amiga 600 AMP Conforme a RoHS Z\u00f3calos PLCC AMP de alta calidad para diversos proyectos de Amiga 600 que requieren un z\u00f3calo \u00aba presi\u00f3n\u00bb para la CPU (PiStorm, expansi\u00f3n de memoria, etc pp) PIN especialmente resistentes para adherirse a la CPU de 68k del Amiga<\/p>\n","protected":false},"featured_media":3408,"template":"","meta":[],"product_brand":[],"product_cat":[234,417,268],"product_tag":[418,419],"class_list":{"0":"post-3404","1":"product","2":"type-product","3":"status-publish","4":"has-post-thumbnail","6":"product_cat-amiga-hw-mods-es","7":"product_cat-componentes-bases-y-piezas","8":"product_cat-varios","9":"product_tag-68000-es","10":"product_tag-zocalo-de-la-cpu","11":"product_shipping_class-maxibrief-es","13":"first","14":"instock","15":"taxable","16":"shipping-taxable","17":"purchasable","18":"product-type-simple"},"jetpack_sharing_enabled":true,"_links":{"self":[{"href":"https:\/\/www.retrobuddys.com\/es\/wp-json\/wp\/v2\/product\/3404","targetHints":{"allow":["GET"]}}],"collection":[{"href":"https:\/\/www.retrobuddys.com\/es\/wp-json\/wp\/v2\/product"}],"about":[{"href":"https:\/\/www.retrobuddys.com\/es\/wp-json\/wp\/v2\/types\/product"}],"wp:featuredmedia":[{"embeddable":true,"href":"https:\/\/www.retrobuddys.com\/es\/wp-json\/wp\/v2\/media\/3408"}],"wp:attachment":[{"href":"https:\/\/www.retrobuddys.com\/es\/wp-json\/wp\/v2\/media?parent=3404"}],"wp:term":[{"taxonomy":"product_brand","embeddable":true,"href":"https:\/\/www.retrobuddys.com\/es\/wp-json\/wp\/v2\/product_brand?post=3404"},{"taxonomy":"product_cat","embeddable":true,"href":"https:\/\/www.retrobuddys.com\/es\/wp-json\/wp\/v2\/product_cat?post=3404"},{"taxonomy":"product_tag","embeddable":true,"href":"https:\/\/www.retrobuddys.com\/es\/wp-json\/wp\/v2\/product_tag?post=3404"}],"curies":[{"name":"wp","href":"https:\/\/api.w.org\/{rel}","templated":true}]}}