{"id":3353,"date":"2023-11-12T21:43:18","date_gmt":"2023-11-12T21:43:18","guid":{"rendered":"https:\/\/www.retrobuddys.com\/?post_type=product&#038;p=3353"},"modified":"2026-02-08T15:58:43","modified_gmt":"2026-02-08T15:58:43","slug":"raspberry-pi-4-2gb-new-amiga-pistorm","status":"publish","type":"product","link":"https:\/\/www.retrobuddys.com\/es\/shop\/componentes-bases-y-piezas\/raspberry-pi-4-2gb-new-amiga-pistorm\/","title":{"rendered":"Raspberry PI 4 2GB *NEW* Amiga PiStorm32 \/ PiStorm1200"},"content":{"rendered":"<p><span style=\"font-family: Tahoma;\"><u><strong>La Raspberry Pi 4B \/ 2GB *NUEVO* Ideal para Amiga PiStorm32 \/ PiStorm1200<\/strong><\/u><\/span><\/p>\n<div>\n<div id=\"av_articletext\" class=\"clearfix\"><span class=\"artbesch\">La Raspberry Pi ha vendido millones de unidades en todo el mundo desde su primer lanzamiento a principios de 2012 y sigue siendo extremadamente popular. Porque muchos usuarios de Raspberry Pi no s\u00f3lo tienen un ordenador monoplaca en casa, sino a veces 4-5 de ellos.<br \/>\n<\/span><span class=\"artbesch\">Con sus 2 GB de RAM, la Raspberry Pi 4B es la compa\u00f1era ideal para la PiStorm32 \/ PiStorm1200. *La Raspberry Pi 4B no es compatible con los otros modelos PiStorm, \u00a1ya que los puertos estorban!<\/span><\/div>\n<div class=\"clearfix\">\n<p>E<span class=\"artbesch\">l Amiga no puede direccionar m\u00e1s de 2 GB, por lo que los modelos m\u00e1s grandes no son \u00fatiles.<\/span><b>Nueva Raspberry Pi 4 B<\/b> - CPU de cuatro n\u00facleos ARM Cortex-A72 a 1,5 GHz - 2 GB, 4 GB u 8 GB de SDRAM LPDDR4 - LAN Gigabit RJ45 (hasta 1000 Mbit) - Bluetooth 5.<\/p>\n<p>0 - 2x USB 2.0 \/ 2x USB 3.0 - 2x microHDMI (1x 4k @60fps o 2x 4k @30fps) - 5V\/3A @ USB Tipo-C<\/p>\n<\/div>\n<\/div>\n","protected":false},"excerpt":{"rendered":"<p>La Raspberry Pi 4B \/ 2GB *NUEVO* Ideal para Amiga PiStorm32 \/ PiStorm1200 La Raspberry Pi ha vendido millones de unidades en todo el mundo desde su primer lanzamiento a principios de 2012 y sigue siendo extremadamente popular. Porque muchos usuarios de Raspberry Pi no s\u00f3lo tienen un ordenador monoplaca en casa, sino a veces [&#8230;]\n","protected":false},"featured_media":3365,"template":"","meta":[],"product_brand":[],"product_cat":[417,521],"product_tag":[239,273,272,522],"class_list":{"0":"post-3353","1":"product","2":"type-product","3":"status-publish","4":"has-post-thumbnail","6":"product_cat-componentes-bases-y-piezas","7":"product_cat-pistorm-es-2","8":"product_tag-amiga-es","9":"product_tag-pistorm-es","10":"product_tag-raspberry-pi-es","11":"product_tag-raspi-es","12":"product_shipping_class-dhl-es","14":"first","15":"instock","16":"taxable","17":"shipping-taxable","18":"purchasable","19":"product-type-simple"},"jetpack_sharing_enabled":true,"_links":{"self":[{"href":"https:\/\/www.retrobuddys.com\/es\/wp-json\/wp\/v2\/product\/3353","targetHints":{"allow":["GET"]}}],"collection":[{"href":"https:\/\/www.retrobuddys.com\/es\/wp-json\/wp\/v2\/product"}],"about":[{"href":"https:\/\/www.retrobuddys.com\/es\/wp-json\/wp\/v2\/types\/product"}],"wp:featuredmedia":[{"embeddable":true,"href":"https:\/\/www.retrobuddys.com\/es\/wp-json\/wp\/v2\/media\/3365"}],"wp:attachment":[{"href":"https:\/\/www.retrobuddys.com\/es\/wp-json\/wp\/v2\/media?parent=3353"}],"wp:term":[{"taxonomy":"product_brand","embeddable":true,"href":"https:\/\/www.retrobuddys.com\/es\/wp-json\/wp\/v2\/product_brand?post=3353"},{"taxonomy":"product_cat","embeddable":true,"href":"https:\/\/www.retrobuddys.com\/es\/wp-json\/wp\/v2\/product_cat?post=3353"},{"taxonomy":"product_tag","embeddable":true,"href":"https:\/\/www.retrobuddys.com\/es\/wp-json\/wp\/v2\/product_tag?post=3353"}],"curies":[{"name":"wp","href":"https:\/\/api.w.org\/{rel}","templated":true}]}}