{"id":2847,"date":"2023-11-06T19:03:31","date_gmt":"2023-11-06T19:03:31","guid":{"rendered":"https:\/\/www.retrobuddys.com\/?post_type=product&#038;p=2847"},"modified":"2026-02-13T20:37:17","modified_gmt":"2026-02-13T20:37:17","slug":"gotek-config","status":"publish","type":"product","link":"https:\/\/www.retrobuddys.com\/es\/shop\/amiga-hw-mods-es\/amiga-1000-es\/gotek-config\/","title":{"rendered":"Unidad Gotek con pantalla de 0,96&#8243; y mando giratorio opcionalmente con memoria USB, adaptador de disquete y selector de arranque"},"content":{"rendered":"<p><span style=\"font-family: Arial; font-size: large;\"><br \/>\n  <b>Unidad Gotek Amiga con pantalla de 0,96&#8243; y mando giratorio<br \/>\nFloppy Emulator USB ADF Amiga <\/b><br \/>\n<\/span><b>500\/500+\/600\/1200\/2000<\/b><\/p>\n<p>Emulador de disquete Gotek USB para la reproducci\u00f3n directa de archivos ADF desde la memoria USB. Lleva instalada una pantalla OLED de 0,96&#8243;(24,38 mm) con una resoluci\u00f3n de 128&#215;64 caracteres en hasta 4 l\u00edneas. Adem\u00e1s, un mando giratorio para seleccionar c\u00f3modamente el archivo correspondiente.<\/p>\n<p><strong>Geotek de f\u00e1brica se suministra en los colores \u00abnegro\u00bb y \u00abbeige\u00bb.<\/strong><\/p>\n<p>En todos los dem\u00e1s colores, la carcasa es una impresi\u00f3n 3D de alta calidad.<br \/>\nPuedes elegir el color del mando giratorio (naranja, azul o met\u00e1lico) y de la carcasa (beige, negro, RAL 9016, gris, transparente, plata).<br \/>\nEmulador de disquete Gotek para reproducir directamente archivos ADF desde la memoria USB. Se trata de la<span style=\"color: #333333; font-size: 14.4px;\">\u00faltima versi\u00f3n de la unidad Gotek con<\/span><span style=\"color: #333333; font-size: 14.4px;\"> procesador AT-435<\/span>.<\/p>\n<p>La unidad ya tiene instalado el \u00faltimo firmware FlashFloppy 3.42. Puedes encontrar m\u00e1s detalles sobre el firmware FlashFloppy aqu\u00ed =&gt; <a href=\"https:\/\/github.com\/keirf\/flashfloppy\" target=\"_blank\" rel=\"noopener\">https:\/\/github.com\/keirf\/flashfloppy<\/a><\/p>\n<p><b>\u00bfC\u00f3mo se utiliza la unidad Gotek?<\/b><\/p>\n<p>Es muy sencillo: sustituye la disquetera original por esta disquetera USB o con\u00e9ctala mediante un adaptador externo. Tienes que copiar tus archivos ADF favoritos en una memoria USB de tu PC. La pantalla OLED proporciona m\u00e1s informaci\u00f3n sobre el proceso de carga, adem\u00e1s del nombre del archivo actual.<strong><br \/>\n<\/strong><\/p>\n<p><strong>Volumen de suministro:<\/strong><\/p>\n<ul>\n<li>Emulador de disquetes USB GOTEK con el firmware actual (3.42)<\/li>\n<li>Chipset Artery AT32F435<\/li>\n<li>Pantalla OLED de 0,96&#8243; (24,38 mm) con una resoluci\u00f3n de 128&#215;64 caracteres en hasta 4 l\u00edneas<\/li>\n<li>Mando giratorio<\/li>\n<li>Adaptador de disquete externo opcional (con carcasa del mismo color que la unidad)<\/li>\n<li>selector de arranque opcional: \u00a1funciona *s\u00f3lo* en Amiga 500 o Amiga 2000!<\/li>\n<li>Cable opcional<\/li>\n<li>Memoria USB opcional<\/li>\n<li>adicionalmente posible: seleccione la carcasa interna de Amiga 600 o Amiga 2000 (3,5&#8243; \/ 5,25&#8243;) como producto adicional.<\/li>\n<\/ul>\n<p><strong>Atenci\u00f3n:<\/strong><\/p>\n<p>La unidad de impresi\u00f3n 3D es ligeramente m\u00e1s grande que una unidad est\u00e1ndar de 3,5&#8243; (unidad est\u00e1ndar de PC) con bisel.<br \/>\nPor tanto, no cabe en una bah\u00eda de 3,5&#8243; (Amiga 2000, Amiga 1200, versiones Torre). Si quieres una unidad integrada de 3,5&#8243; para el Amiga 2000 o la mayor\u00eda de las cajas Torre del Amiga 1200, selecciona \u00e9sta.<\/p>\n","protected":false},"excerpt":{"rendered":"<p>&nbsp;<\/p>\n<p>-<\/p>\n","protected":false},"featured_media":1597,"template":"","meta":[],"product_brand":[],"product_cat":[270,236,242,234,235],"product_tag":[239,240],"class_list":{"0":"post-2847","1":"product","2":"type-product","3":"status-publish","4":"has-post-thumbnail","6":"product_cat-amiga-1000-es","7":"product_cat-amiga-2000-es","8":"product_cat-amiga-500-es","9":"product_cat-amiga-hw-mods-es","10":"product_cat-gotek-es","11":"product_tag-amiga-es","12":"product_tag-gotek-es","13":"product_shipping_class-dhl-es","15":"first","16":"instock","17":"taxable","18":"shipping-taxable","19":"purchasable","20":"product-type-variable","21":"has-default-attributes"},"origins":[],"jetpack_sharing_enabled":true,"_links":{"self":[{"href":"https:\/\/www.retrobuddys.com\/es\/wp-json\/wp\/v2\/product\/2847","targetHints":{"allow":["GET"]}}],"collection":[{"href":"https:\/\/www.retrobuddys.com\/es\/wp-json\/wp\/v2\/product"}],"about":[{"href":"https:\/\/www.retrobuddys.com\/es\/wp-json\/wp\/v2\/types\/product"}],"wp:featuredmedia":[{"embeddable":true,"href":"https:\/\/www.retrobuddys.com\/es\/wp-json\/wp\/v2\/media\/1597"}],"wp:attachment":[{"href":"https:\/\/www.retrobuddys.com\/es\/wp-json\/wp\/v2\/media?parent=2847"}],"wp:term":[{"taxonomy":"product_brand","embeddable":true,"href":"https:\/\/www.retrobuddys.com\/es\/wp-json\/wp\/v2\/product_brand?post=2847"},{"taxonomy":"product_cat","embeddable":true,"href":"https:\/\/www.retrobuddys.com\/es\/wp-json\/wp\/v2\/product_cat?post=2847"},{"taxonomy":"product_tag","embeddable":true,"href":"https:\/\/www.retrobuddys.com\/es\/wp-json\/wp\/v2\/product_tag?post=2847"}],"curies":[{"name":"wp","href":"https:\/\/api.w.org\/{rel}","templated":true}]}}