{"id":2568,"date":"2023-09-25T18:02:52","date_gmt":"2023-09-25T18:02:52","guid":{"rendered":"https:\/\/www.retrobuddys.com\/?post_type=product&#038;p=2568"},"modified":"2026-03-13T06:53:09","modified_gmt":"2026-03-13T06:53:09","slug":"pistorm-amiga-500-2000","status":"publish","type":"product","link":"https:\/\/www.retrobuddys.com\/es\/shop\/amiga-hw-mods-es\/amiga-2000-es\/pistorm-amiga-500-2000\/","title":{"rendered":"PiStorm para Amiga 500 Amiga 500+ y Amiga 2000"},"content":{"rendered":"<p><span style=\"font-size: 110%;\"><strong>*Color actual de la placa de circuito impreso: AZUL*.<\/strong><\/span><\/p>\n<p>El PiStorm 500 Rev B utiliza una Raspberry Pi como acelerador del procesador\/\u00bbtarjeta turbo\u00bb, tarjeta gr\u00e1fica RTG y como interfaz del disco duro en el Amiga 500\/2000. Es obligatorio disponer de una Raspberry Pi 3a+ para el funcionamiento, pero no se incluye en el paquete est\u00e1ndar, aunque puedes ped\u00edrnosla como opci\u00f3n. Pistorm 500 es compatible con la Raspberry Pi 3A+ y la Rapberry PI Zero2WH (menor rendimiento).<\/p>\n<p><strong>Caracter\u00edsticas<\/strong><\/p>\n<ul>\n<li>Compatible con Amiga 500, Amiga 500+ y Amiga 2000. Se recomienda un Amiga 500 Rev6A u 8 o un Amiga 2000 Rev6.<\/li>\n<li>68020 (23MIPS) con configuraci\u00f3n est\u00e1ndar<\/li>\n<li>M\u00faltiples opciones de configuraci\u00f3n del procesador (68020\/68030\/68040)<\/li>\n<li>hasta 128 MB de memoria Z3<\/li>\n<li>Salida de tarjeta gr\u00e1fica RTG con modos de alta resoluci\u00f3n a trav\u00e9s de HDMI.<\/li>\n<li>Tarjeta WLAN para conectar el Amiga a Internet o a una red LAN<\/li>\n<\/ul>\n<p><strong>Requisitos previos<\/strong><\/p>\n<ul>\n<li>Ordenador Amiga 500, 500+ o 2000<\/li>\n<li>RaspberryPi 3A+<\/li>\n<li>Tarjeta SD a partir de 8 GB<\/li>\n<li>PiStorm Github<a href=\"https:\/\/github.com\/captain-amygdala\/pistorm\" target=\"_blank\" rel=\"noopener\">(https:\/\/github.com\/captain-amygdala\/pistorm)<\/a><\/li>\n<li>AmigaOS 3.1 o superior<\/li>\n<li>WinUAE para la configuraci\u00f3n en el PC<\/li>\n<\/ul>\n<p><strong>Opcional<\/strong><\/p>\n<ul>\n<li>Adaptador LazaruStorm para la conexi\u00f3n externa del PiStorm al Amiga 500 Rev6a u 8<\/li>\n<li>Amiga OS 3.2.3 preconfigurado desde tarjeta SD<\/li>\n<li>Tarjeta SD de 64 GB con la \u00faltima versi\u00f3n de CommunityOS instalada (el despertar de caf\u00e9 y cola de nuestro capit\u00e1n \ud83d\ude42 )<\/li>\n<li>Cable FPV para ampliar los puertos de la Raspi<\/li>\n<li>Reubicador de CPU<\/li>\n<\/ul>\n<p>El PiStorm fue desarrollado por el equipo de Claude Schwarz, Niklas Ekstr\u00f6m y otros. Nos complace ofrecer un peque\u00f1o apoyo a este proyecto excepcional.<\/p>\n<p>Las preguntas frecuentes sobre Retro Buddys PiStorm se encuentran aqu\u00ed <a href=\"https:\/\/www.retrobuddys.com\/es\/2025\/01\/02\/pistorm-faq\/\" target=\"_blank\" rel=\"noopener\">https:\/\/www.retrobuddys.com\/2025\/01\/02\/pistorm-faq\/<\/a><\/p>\n<p>Fabricamos los adaptadores PiStorm en casa. El siguiente v\u00eddeo muestra c\u00f3mo conectar la placa Lazarustorm y c\u00f3mo utilizar el PiStorm (gracias @Jan Beta) El LazaruStorm fue desarrollado por Edu Arana. Encontrar\u00e1 m\u00e1s informaci\u00f3n sobre el proyecto aqu\u00ed =&gt; <a href=\"https:\/\/github.com\/arananet\/LAZARUSTORM\" target=\"_blank\" rel=\"noopener\">https:\/\/github.com\/arananet\/LAZARUSTORM<\/a><\/p>\n<p><iframe loading=\"lazy\" title=\"External Amiga 500 PiStorm Accelerator\" width=\"1020\" height=\"574\" src=\"https:\/\/www.youtube.com\/embed\/HJdxt1ft5Es?feature=oembed\" frameborder=\"0\" allow=\"accelerometer; autoplay; clipboard-write; encrypted-media; gyroscope; picture-in-picture; web-share\" allowfullscreen><\/iframe><\/p>\n<p>Traducido con www.DeepL.com\/Translator (versi\u00f3n gratuita)<\/p>\n","protected":false},"excerpt":{"rendered":"<p><span style=\"font-size: 110%;\"><strong>*Color actual de la placa de circuito impreso: AZUL*.<\/strong><\/span><\/p>\n<p>El PiStorm 500 Rev B utiliza una Raspberry Pi como acelerador del procesador\/\u00bbtarjeta turbo\u00bb, tarjeta gr\u00e1fica RTG y como interfaz del disco duro en el Amiga 500\/2000. Es obligatorio disponer de una Raspberry Pi 3a+ para el funcionamiento, pero no se incluye en el paquete est\u00e1ndar, aunque puedes ped\u00edrnosla como opci\u00f3n. Pistorm 500 es compatible con la Raspberry Pi 3A+ y la Rapberry PI Zero2WH (menor rendimiento).<\/p>\n","protected":false},"featured_media":2642,"template":"","meta":[],"product_brand":[],"product_cat":[236,242,234,521],"product_tag":[239,390,391,273,392,393],"class_list":{"0":"post-2568","1":"product","2":"type-product","3":"status-publish","4":"has-post-thumbnail","6":"product_cat-amiga-2000-es","7":"product_cat-amiga-500-es","8":"product_cat-amiga-hw-mods-es","9":"product_cat-pistorm-es-2","10":"product_tag-amiga-es","11":"product_tag-frambuesa","12":"product_tag-lazarustorm-es","13":"product_tag-pistorm-es","14":"product_tag-tormenta-lazaro","15":"product_tag-turbo-es","16":"product_shipping_class-dhl-es","18":"first","19":"instock","20":"taxable","21":"shipping-taxable","22":"purchasable","23":"product-type-variable","24":"has-default-attributes"},"origins":[],"jetpack_sharing_enabled":true,"_links":{"self":[{"href":"https:\/\/www.retrobuddys.com\/es\/wp-json\/wp\/v2\/product\/2568","targetHints":{"allow":["GET"]}}],"collection":[{"href":"https:\/\/www.retrobuddys.com\/es\/wp-json\/wp\/v2\/product"}],"about":[{"href":"https:\/\/www.retrobuddys.com\/es\/wp-json\/wp\/v2\/types\/product"}],"wp:featuredmedia":[{"embeddable":true,"href":"https:\/\/www.retrobuddys.com\/es\/wp-json\/wp\/v2\/media\/2642"}],"wp:attachment":[{"href":"https:\/\/www.retrobuddys.com\/es\/wp-json\/wp\/v2\/media?parent=2568"}],"wp:term":[{"taxonomy":"product_brand","embeddable":true,"href":"https:\/\/www.retrobuddys.com\/es\/wp-json\/wp\/v2\/product_brand?post=2568"},{"taxonomy":"product_cat","embeddable":true,"href":"https:\/\/www.retrobuddys.com\/es\/wp-json\/wp\/v2\/product_cat?post=2568"},{"taxonomy":"product_tag","embeddable":true,"href":"https:\/\/www.retrobuddys.com\/es\/wp-json\/wp\/v2\/product_tag?post=2568"}],"curies":[{"name":"wp","href":"https:\/\/api.w.org\/{rel}","templated":true}]}}