{"id":2244,"date":"2022-11-26T05:58:03","date_gmt":"2022-11-26T05:58:03","guid":{"rendered":"https:\/\/www.retrobuddys.com\/shop\/sin%20categor\u00eda\/unidad-flash-usb-3-0-sandisk-ultra-flair-de-32-gb\/"},"modified":"2026-02-08T15:56:28","modified_gmt":"2026-02-08T15:56:28","slug":"sandisk-ultra-flair-usb-3-0-flash-drive-32-gb","status":"publish","type":"product","link":"https:\/\/www.retrobuddys.com\/es\/shop\/memoria-memory-sticks\/sandisk-ultra-flair-usb-3-0-flash-drive-32-gb\/","title":{"rendered":"Unidad flash USB 3.0 SanDisk Ultra Flair de 32 GB"},"content":{"rendered":"<ul class=\"a-unordered-list a-vertical a-spacing-mini\">\n<li>Esta memoria USB superior es el compa\u00f1ero \u00f3ptimo para nuestras unidades Gotek.<\/li>\n<li><span class=\"a-list-item\">El rendimiento USB 3.0 ultrarr\u00e1pido de hasta 150 MB\/s te permite transferir tus archivos a\u00fan m\u00e1s r\u00e1pido.<\/span><\/li>\n<li><span class=\"a-list-item\">El USB no s\u00f3lo es robusto y a prueba de golpes, sino que tambi\u00e9n tiene un aspecto elegante gracias a su delgado dise\u00f1o.<\/span><\/li>\n<li><span class=\"a-list-item\">La memoria USB est\u00e1 protegida por contrase\u00f1a.<\/span><\/li>\n<li><span class=\"a-list-item\">Volumen de suministro: Unidad flash USB 3.0 SanDisk Ultra Flair de 32 GB (carcasa met\u00e1lica robusta y elegante, protecci\u00f3n por contrase\u00f1a, 150 MB\/s de lectura) Negro.<\/span><\/li>\n<\/ul>\n","protected":false},"excerpt":{"rendered":"<p>Esta memoria USB superior es el compa\u00f1ero \u00f3ptimo para nuestras unidades Gotek. El rendimiento USB 3.0 ultrarr\u00e1pido de hasta 150 MB\/s te permite transferir tus archivos a\u00fan m\u00e1s r\u00e1pido. El USB no s\u00f3lo es robusto y a prueba de golpes, sino que tambi\u00e9n tiene un aspecto elegante gracias a su delgado dise\u00f1o. La memoria USB [&#8230;]\n","protected":false},"featured_media":1537,"template":"","meta":[],"product_brand":[],"product_cat":[293],"product_tag":[],"class_list":{"0":"post-2244","1":"product","2":"type-product","3":"status-publish","4":"has-post-thumbnail","6":"product_cat-memoria-memory-sticks","7":"product_shipping_class-letra-grande","9":"first","10":"instock","11":"taxable","12":"shipping-taxable","13":"purchasable","14":"product-type-simple"},"jetpack_sharing_enabled":true,"_links":{"self":[{"href":"https:\/\/www.retrobuddys.com\/es\/wp-json\/wp\/v2\/product\/2244","targetHints":{"allow":["GET"]}}],"collection":[{"href":"https:\/\/www.retrobuddys.com\/es\/wp-json\/wp\/v2\/product"}],"about":[{"href":"https:\/\/www.retrobuddys.com\/es\/wp-json\/wp\/v2\/types\/product"}],"wp:featuredmedia":[{"embeddable":true,"href":"https:\/\/www.retrobuddys.com\/es\/wp-json\/wp\/v2\/media\/1537"}],"wp:attachment":[{"href":"https:\/\/www.retrobuddys.com\/es\/wp-json\/wp\/v2\/media?parent=2244"}],"wp:term":[{"taxonomy":"product_brand","embeddable":true,"href":"https:\/\/www.retrobuddys.com\/es\/wp-json\/wp\/v2\/product_brand?post=2244"},{"taxonomy":"product_cat","embeddable":true,"href":"https:\/\/www.retrobuddys.com\/es\/wp-json\/wp\/v2\/product_cat?post=2244"},{"taxonomy":"product_tag","embeddable":true,"href":"https:\/\/www.retrobuddys.com\/es\/wp-json\/wp\/v2\/product_tag?post=2244"}],"curies":[{"name":"wp","href":"https:\/\/api.w.org\/{rel}","templated":true}]}}