{"id":2194,"date":"2023-02-11T07:40:17","date_gmt":"2023-02-11T07:40:17","guid":{"rendered":"https:\/\/www.retrobuddys.com\/shop\/sin categor\u00eda\/unidad-gotek-con-pantalla-de-096-y-mando-giratorio-opcionalmente-con-memoria-usb-adaptador-de-disquete-y-selector-de-arranque\/"},"modified":"2023-02-11T07:40:17","modified_gmt":"2023-02-11T07:40:17","slug":"set-gotek-drive-with-0-96-display-and-turn-knob","status":"publish","type":"product","link":"https:\/\/www.retrobuddys.com\/es\/shop\/amiga-hw-mods-es\/amiga-1000-es\/set-gotek-drive-with-0-96-display-and-turn-knob\/","title":{"rendered":"Unidad Gotek con pantalla de 0,96&#8243; y mando giratorio opcionalmente con memoria USB, adaptador de disquete y selector de arranque"},"content":{"rendered":"<p><span style=\"font-family: Arial; font-size: large;\"><br \/>\n  <b>Unidad Gotek Amiga con pantalla de 0,96&#8243; y mando giratorio<br \/>\nFloppy Emulator USB ADF Amiga <\/b><br \/>\n<\/span><b>500\/500+\/600\/1200\/2000<\/b><\/p>\n<p>USB Gotek Floppy Emulator para la reproducci\u00f3n directa de archivos ADF desde la memoria USB.<br \/>\nLleva instalada una pantalla OLED de 24,38 mm (0,96&#8243;) con una resoluci\u00f3n de 128&#215;64 caracteres en hasta 4 l\u00edneas. Adem\u00e1s, hay un mando giratorio para seleccionar c\u00f3modamente el archivo correspondiente.<br \/>\nLa carcasa es una impresi\u00f3n 3D de alta calidad. Por lo tanto, la pantalla no sobresale y la carcasa no necesita ning\u00fan corte.<br \/>\nSe puede elegir el color del mando giratorio (naranja, azul o met\u00e1lico) y de la carcasa (beige, negro, RAL 9016, gris, transparente, plata).<br \/>\nGotek Floppy Emulator para la reproducci\u00f3n directa de archivos ADF desde una memoria USB<br \/>\nLa unidad tiene instalado el \u00faltimo firmware FlashFloppy 3.39. Los detalles sobre el firmware FlashFloppy se pueden encontrar aqu\u00ed =&gt; https:\/\/github.com\/keirf\/flashfloppy<\/p>\n<p><b>\u00bfC\u00f3mo se utiliza la unidad Gotek?<\/b><\/p>\n<p>Es muy sencillo: sustituye la disquetera original por esta disquetera USB o con\u00e9ctala mediante un adaptador externo. La pantalla OLED proporciona informaci\u00f3n adicional sobre el proceso de carga, adem\u00e1s del nombre del archivo actual.<strong><br \/>\n<\/strong><\/p>\n<p><strong>Volumen de suministro:<\/strong><\/p>\n<ul>\n<li>Emulador de disquetes USB GOTEK con el firmware m\u00e1s reciente (3.39)<\/li>\n<li>Chipset Artery AT32F435<\/li>\n<li>Pantalla OLED de 0,96&#8243; (24,38 mm) con una resoluci\u00f3n de 128&#215;64 caracteres en hasta 4 l\u00edneas<\/li>\n<li>Mando giratorio con bot\u00f3n de deseo (met\u00e1lico, azul, naranja)<\/li>\n<li>Adaptador de disquete externo opcional<\/li>\n<li>selector de embarcaci\u00f3n opcional<\/li>\n<li>Cable opcional<\/li>\n<li>Memoria USB opcional<\/li>\n<li>Breves instrucciones impresas<\/li>\n<\/ul>\n<p><strong>Atenci\u00f3n:<\/strong><\/p>\n<p>La unidad es ligeramente m\u00e1s grande que una unidad est\u00e1ndar de 3,5&#8243; (unidad est\u00e1ndar de PC) con bisel. No cabe en una ranura de 3,5&#8243; (Amiga 2000, Amiga 1200, versiones de torre).<\/p>\n<p>Tambi\u00e9n puede adquirir de nosotros cables largos para disquetes, selector de arranque DF0 DF1, memorias USB, cables de alimentaci\u00f3n, adaptadores externos y mucho m\u00e1s. P\u00f3ngase en contacto con nosotros.<\/p>\n","protected":false},"excerpt":{"rendered":"<p>Amiga Gotek Drive Floppy Emulator USB negro Amiga 500\/500+\/600\/1<wbr><\/wbr>200\/2000<\/p>\n","protected":false},"featured_media":1597,"template":"","meta":[],"product_brand":[],"product_cat":[270,236,242,234,235],"product_tag":[239,240],"class_list":{"0":"post-2194","1":"product","2":"type-product","3":"status-publish","4":"has-post-thumbnail","6":"product_cat-amiga-1000-es","7":"product_cat-amiga-2000-es","8":"product_cat-amiga-500-es","9":"product_cat-amiga-hw-mods-es","10":"product_cat-gotek-es","11":"product_tag-amiga-es","12":"product_tag-gotek-es","13":"product_shipping_class-dhl-es","15":"first","16":"instock","17":"taxable","18":"shipping-taxable","19":"purchasable","20":"product-type-variable","21":"has-default-attributes"},"origins":[],"jetpack_sharing_enabled":true,"_links":{"self":[{"href":"https:\/\/www.retrobuddys.com\/es\/wp-json\/wp\/v2\/product\/2194","targetHints":{"allow":["GET"]}}],"collection":[{"href":"https:\/\/www.retrobuddys.com\/es\/wp-json\/wp\/v2\/product"}],"about":[{"href":"https:\/\/www.retrobuddys.com\/es\/wp-json\/wp\/v2\/types\/product"}],"wp:featuredmedia":[{"embeddable":true,"href":"https:\/\/www.retrobuddys.com\/es\/wp-json\/wp\/v2\/media\/1597"}],"wp:attachment":[{"href":"https:\/\/www.retrobuddys.com\/es\/wp-json\/wp\/v2\/media?parent=2194"}],"wp:term":[{"taxonomy":"product_brand","embeddable":true,"href":"https:\/\/www.retrobuddys.com\/es\/wp-json\/wp\/v2\/product_brand?post=2194"},{"taxonomy":"product_cat","embeddable":true,"href":"https:\/\/www.retrobuddys.com\/es\/wp-json\/wp\/v2\/product_cat?post=2194"},{"taxonomy":"product_tag","embeddable":true,"href":"https:\/\/www.retrobuddys.com\/es\/wp-json\/wp\/v2\/product_tag?post=2194"}],"curies":[{"name":"wp","href":"https:\/\/api.w.org\/{rel}","templated":true}]}}