{"id":2157,"date":"2023-02-18T08:42:14","date_gmt":"2023-02-18T08:42:14","guid":{"rendered":"https:\/\/www.retrobuddys.com\/shop\/sin%20categor\u00eda\/kit-de-reparacion-para-amiga-500-rev-6a8a\/"},"modified":"2026-02-22T09:10:47","modified_gmt":"2026-02-22T09:10:47","slug":"amiga-500-rev-6a8a-recap-kit","status":"publish","type":"product","link":"https:\/\/www.retrobuddys.com\/es\/shop\/amiga-hw-mods-es\/amiga-500-es\/amiga-500-rev-6a8a-recap-kit\/","title":{"rendered":"Kit de reparaci\u00f3n Amiga 500 Rev 6A"},"content":{"rendered":"<h1>Kit de reparaci\u00f3n Amiga 500 Rev 6a<\/h1>\n<p>Nuevos condensadores de gama alta para la revisi\u00f3n 6a de la placa Amiga 500. Sustituya los condensadores de su Amiga antes de que sea demasiado tarde y los condensadores originales de m\u00e1s de 30 a\u00f1os tengan fugas y provoquen da\u00f1os importantes en la placa base.<\/p>\n<p><strong>17 Condensadores para Rev 6a:<\/strong><\/p>\n<ul>\n<li>2x 3300 uF, 16V<\/li>\n<li>1x 470 uF, 16V<\/li>\n<li>6x 100 uF 16V<\/li>\n<li>2x 47 uF, 25V<\/li>\n<li>4x 22 uF, 35V<\/li>\n<li>2x 10 uF, 50V<\/li>\n<\/ul>\n<p>S\u00f3lo utilizamos condensadores de Rubycon y W\u00fcrth.<br \/>\nTen en cuenta que los condensadores s\u00f3lo deben ser sustituidos por un especialista. No aceptamos ninguna garant\u00eda por instalaci\u00f3n incorrecta.<\/p>\n","protected":false},"excerpt":{"rendered":"<p>Kit de reparaci\u00f3n Amiga 500 Rev 6a Nuevos condensadores de gama alta para la revisi\u00f3n 6a de la placa Amiga 500. Sustituya los condensadores de su Amiga antes de que sea demasiado tarde y los condensadores originales de m\u00e1s de 30 a\u00f1os tengan fugas y provoquen da\u00f1os importantes en la placa base. 17 Condensadores para [&#8230;]\n","protected":false},"featured_media":1657,"template":"","meta":[],"product_brand":[],"product_cat":[242,234,286,264,268],"product_tag":[288,291,290,289],"class_list":{"0":"post-2157","1":"product","2":"type-product","3":"status-publish","4":"has-post-thumbnail","6":"product_cat-amiga-500-es","7":"product_cat-amiga-hw-mods-es","8":"product_cat-cables-y-piezas-pequenas","9":"product_cat-placas-de-circuito-impreso-pcb","10":"product_cat-varios","11":"product_tag-amiga-500-es","12":"product_tag-condensadores","13":"product_tag-kit-es","14":"product_tag-recapitulemos","15":"product_shipping_class-maxibrief-es","17":"first","18":"instock","19":"taxable","20":"shipping-taxable","21":"purchasable","22":"product-type-simple"},"origins":[],"jetpack_sharing_enabled":true,"_links":{"self":[{"href":"https:\/\/www.retrobuddys.com\/es\/wp-json\/wp\/v2\/product\/2157","targetHints":{"allow":["GET"]}}],"collection":[{"href":"https:\/\/www.retrobuddys.com\/es\/wp-json\/wp\/v2\/product"}],"about":[{"href":"https:\/\/www.retrobuddys.com\/es\/wp-json\/wp\/v2\/types\/product"}],"wp:featuredmedia":[{"embeddable":true,"href":"https:\/\/www.retrobuddys.com\/es\/wp-json\/wp\/v2\/media\/1657"}],"wp:attachment":[{"href":"https:\/\/www.retrobuddys.com\/es\/wp-json\/wp\/v2\/media?parent=2157"}],"wp:term":[{"taxonomy":"product_brand","embeddable":true,"href":"https:\/\/www.retrobuddys.com\/es\/wp-json\/wp\/v2\/product_brand?post=2157"},{"taxonomy":"product_cat","embeddable":true,"href":"https:\/\/www.retrobuddys.com\/es\/wp-json\/wp\/v2\/product_cat?post=2157"},{"taxonomy":"product_tag","embeddable":true,"href":"https:\/\/www.retrobuddys.com\/es\/wp-json\/wp\/v2\/product_tag?post=2157"}],"curies":[{"name":"wp","href":"https:\/\/api.w.org\/{rel}","templated":true}]}}