{"id":2154,"date":"2023-02-13T08:31:14","date_gmt":"2023-02-13T08:31:14","guid":{"rendered":"https:\/\/www.retrobuddys.com\/shop\/sin categor\u00eda\/4x-amiga-500-6a-kickstart-switcher-eeprom-y-kick-1-32-03-1-y-diagrom\/"},"modified":"2023-02-13T08:31:14","modified_gmt":"2023-02-13T08:31:14","slug":"4-fach-amiga-500-6a-kickstart-switcher-eeprom-und-kick-1-32-03-1-und-diagrom","status":"publish","type":"product","link":"https:\/\/www.retrobuddys.com\/es\/shop\/amiga-hw-mods-es\/amiga-2000-es\/4-fach-amiga-500-6a-kickstart-switcher-eeprom-und-kick-1-32-03-1-und-diagrom\/","title":{"rendered":"4x Amiga 500 6a Kickstart Switcher &amp; EEprom y Kick 1.3,2.0,3.1 y DiagRom"},"content":{"rendered":"<h1>Switcher Kickstart cu\u00e1druple Amiga 500 Rev 6a\/8a con EEprom 27C160 y Kickstart 1.3, 2.0, 3.1 y DiagRom 1.21<\/h1>\n<p><strong>Atenci\u00f3n: despu\u00e9s de la compra, deber\u00e1s presentar una prueba fehaciente de la existencia de una licencia para las 3 versiones Kickstart<\/strong> (Cloanto o similar). Si no tienes una licencia para las versiones Kickstart, puedes obtener una de Cloanto (ahora, por desgracia, la versi\u00f3n \u00abPlus\u00bb).<\/p>\n<p>ROM de diagn\u00f3stico para Amiga por John Hertell. Para m\u00e1s informaci\u00f3n, visite: www.diagrom.com.<br \/>\nS\u00f3lo utilizamos EEproms de alta calidad de la serie 27C160 y los encajamos en un z\u00f3calo de 42 patillas de alta calidad con patillas torneadas.<br \/>\nNota: Para Amiga 500 Rev.5 placa base, debe utilizarse un conmutador diferente. Lo encontrar\u00e1 en nuestros art\u00edculos.<\/p>\n<p>Si desea otra combinaci\u00f3n de Kickstart en la EEprom, p\u00f3ngase en contacto con nosotros.<\/p>\n<p>Volumen de suministro:<\/p>\n<ul>\n<li>Kickstart Switcher para Amiga 500 Rev 6a \/ Amiga 500 Rev8a \/ Amiga 500+<\/li>\n<li>27C160 EEprom con 3 versiones Kickstart + DiagRom1.21<\/li>\n<li>2 Interruptor de palanca<\/li>\n<li>Instrucciones de instalaci\u00f3n en alem\u00e1n<\/li>\n<\/ul>\n","protected":false},"excerpt":{"rendered":"<p>Switcher Kickstart cu\u00e1druple Amiga 500 Rev 6a\/8a con EEprom 27C160 y Kickstart 1.3, 2.0, 3.1 y DiagRom 1.21 Atenci\u00f3n: despu\u00e9s de la compra, deber\u00e1s presentar una prueba fehaciente de la existencia de una licencia para las 3 versiones Kickstart (Cloanto o similar). Si no tienes una licencia para las versiones Kickstart, puedes obtener una de [&#8230;]\n","protected":false},"featured_media":1642,"template":"","meta":[],"product_brand":[],"product_cat":[236,242,234],"product_tag":[],"class_list":{"0":"post-2154","1":"product","2":"type-product","3":"status-publish","4":"has-post-thumbnail","6":"product_cat-amiga-2000-es","7":"product_cat-amiga-500-es","8":"product_cat-amiga-hw-mods-es","9":"product_shipping_class-maxibrief-es","11":"first","12":"instock","13":"taxable","14":"shipping-taxable","15":"purchasable","16":"product-type-simple"},"origins":[],"jetpack_sharing_enabled":true,"_links":{"self":[{"href":"https:\/\/www.retrobuddys.com\/es\/wp-json\/wp\/v2\/product\/2154","targetHints":{"allow":["GET"]}}],"collection":[{"href":"https:\/\/www.retrobuddys.com\/es\/wp-json\/wp\/v2\/product"}],"about":[{"href":"https:\/\/www.retrobuddys.com\/es\/wp-json\/wp\/v2\/types\/product"}],"wp:featuredmedia":[{"embeddable":true,"href":"https:\/\/www.retrobuddys.com\/es\/wp-json\/wp\/v2\/media\/1642"}],"wp:attachment":[{"href":"https:\/\/www.retrobuddys.com\/es\/wp-json\/wp\/v2\/media?parent=2154"}],"wp:term":[{"taxonomy":"product_brand","embeddable":true,"href":"https:\/\/www.retrobuddys.com\/es\/wp-json\/wp\/v2\/product_brand?post=2154"},{"taxonomy":"product_cat","embeddable":true,"href":"https:\/\/www.retrobuddys.com\/es\/wp-json\/wp\/v2\/product_cat?post=2154"},{"taxonomy":"product_tag","embeddable":true,"href":"https:\/\/www.retrobuddys.com\/es\/wp-json\/wp\/v2\/product_tag?post=2154"}],"curies":[{"name":"wp","href":"https:\/\/api.w.org\/{rel}","templated":true}]}}