{"id":2111,"date":"2023-02-10T16:37:30","date_gmt":"2023-02-10T16:37:30","guid":{"rendered":"https:\/\/www.retrobuddys.com\/shop\/sin%20categor\u00eda\/accionamiento-gotek-con-pantalla-de-096-y-mando-giratorio\/"},"modified":"2026-02-13T19:07:47","modified_gmt":"2026-02-13T19:07:47","slug":"gotek-drive-con-pantalla-0-96-y-pomo-giratorio","status":"publish","type":"product","link":"https:\/\/www.retrobuddys.com\/es\/shop\/amiga-hw-mods-es\/gotek-drive-con-pantalla-0-96-y-pomo-giratorio\/","title":{"rendered":"Accionamiento Gotek con pantalla de 0,96&#8243; y mando giratorio"},"content":{"rendered":"<p><span style=\"font-family: Arial; font-size: large;\"><br \/>\n  <b>Unidad Gotek Amiga con pantalla de 0,96&#8243; y mando giratorio *AT-435*<br \/>\nEmulador de disquetes USB ADF Amiga <\/b><br \/>\n<\/span><b>500\/500+\/600\/1200\/2000<\/b><\/p>\n<p>Emulador de disquete Gotek USB para la reproducci\u00f3n directa de archivos ADF desde la memoria USB. Lleva instalada una pantalla OLED de 0,96&#8243;(24,38 mm) con una resoluci\u00f3n de 128&#215;64 caracteres en hasta 4 l\u00edneas.<\/p>\n<p>Adem\u00e1s, un mando giratorio para seleccionar c\u00f3modamente el archivo correspondiente. Puedes elegir el color de la carcasa (beige, negro). Emulador de disquete Gotek para la reproducci\u00f3n directa de archivos ADF desde la memoria USB <\/p>\n<p>La unidad ya tiene instalado el \u00faltimo firmware FlashFloppy 3.42. Puedes encontrar m\u00e1s detalles sobre el firmware FlashFloppy aqu\u00ed =&gt; https:\/\/github.com\/keirf\/flashfloppy<\/p>\n<p><b>\u00bfC\u00f3mo se utiliza la unidad Gotek?<\/b><\/p>\n<p>Es muy sencillo: sustituye la disquetera original por esta disquetera USB o con\u00e9ctala mediante un adaptador externo. La pantalla OLED proporciona informaci\u00f3n adicional sobre el proceso de carga, adem\u00e1s del nombre del archivo actual.<strong><br \/>\n<\/strong><\/p>\n<p><strong>Volumen de suministro:<\/strong><\/p>\n<ul>\n<li>Emulador de disquetes USB GOTEK con el firmware actual (3.42)<\/li>\n<li>*\u00daltima versi\u00f3n con procesador AT-435*.<\/li>\n<li>Pantalla OLED de 0,96&#8243; (24,38 mm) con una resoluci\u00f3n de 128&#215;64 caracteres en hasta 4 l\u00edneas<\/li>\n<li>Pomo con pomo (met\u00e1lico)<\/li>\n<\/ul>\n<p><strong>Atenci\u00f3n:<\/strong><\/p>\n<p>La unidad es ligeramente m\u00e1s grande que una unidad est\u00e1ndar de 3,5&#8243; (unidad est\u00e1ndar de PC) con bisel. No cabe en una ranura de 3,5&#8243; (Amiga 2000, Amiga 1200, versiones de torre).<br \/>\nTambi\u00e9n puede adquirir de nosotros cables largos para disquetes, selector de arranque DF0 DF1, memorias USB, cables de alimentaci\u00f3n, adaptadores externos y mucho m\u00e1s. P\u00f3ngase en contacto con nosotros.<\/p>\n","protected":false},"excerpt":{"rendered":"<p>Emulador de disquetera Amiga Gotek USB Amiga 500\/500+\/600\/1<wbr><\/wbr>200\/2000<\/p>\n<p>&nbsp;<\/p>\n","protected":false},"featured_media":1726,"template":"","meta":[],"product_brand":[],"product_cat":[234,235],"product_tag":[239,240],"class_list":{"0":"post-2111","1":"product","2":"type-product","3":"status-publish","4":"has-post-thumbnail","6":"product_cat-amiga-hw-mods-es","7":"product_cat-gotek-es","8":"product_tag-amiga-es","9":"product_tag-gotek-es","10":"product_shipping_class-dhl-es","12":"first","13":"instock","14":"taxable","15":"shipping-taxable","16":"purchasable","17":"product-type-variable","18":"has-default-attributes"},"origins":[],"jetpack_sharing_enabled":true,"_links":{"self":[{"href":"https:\/\/www.retrobuddys.com\/es\/wp-json\/wp\/v2\/product\/2111","targetHints":{"allow":["GET"]}}],"collection":[{"href":"https:\/\/www.retrobuddys.com\/es\/wp-json\/wp\/v2\/product"}],"about":[{"href":"https:\/\/www.retrobuddys.com\/es\/wp-json\/wp\/v2\/types\/product"}],"wp:featuredmedia":[{"embeddable":true,"href":"https:\/\/www.retrobuddys.com\/es\/wp-json\/wp\/v2\/media\/1726"}],"wp:attachment":[{"href":"https:\/\/www.retrobuddys.com\/es\/wp-json\/wp\/v2\/media?parent=2111"}],"wp:term":[{"taxonomy":"product_brand","embeddable":true,"href":"https:\/\/www.retrobuddys.com\/es\/wp-json\/wp\/v2\/product_brand?post=2111"},{"taxonomy":"product_cat","embeddable":true,"href":"https:\/\/www.retrobuddys.com\/es\/wp-json\/wp\/v2\/product_cat?post=2111"},{"taxonomy":"product_tag","embeddable":true,"href":"https:\/\/www.retrobuddys.com\/es\/wp-json\/wp\/v2\/product_tag?post=2111"}],"curies":[{"name":"wp","href":"https:\/\/api.w.org\/{rel}","templated":true}]}}