{"id":2105,"date":"2023-02-15T18:14:08","date_gmt":"2023-02-15T18:14:08","guid":{"rendered":"https:\/\/www.retrobuddys.com\/shop\/sin%20categor\u00eda\/expansion-de-memoria-1mb-para-amiga-600-con-sin-rtc-reloj-en-tiempo-real-novedad\/"},"modified":"2026-02-08T15:57:08","modified_gmt":"2026-02-08T15:57:08","slug":"ampliacion-memoria-1mb-para-amiga-600-con-sin-reloj-real-time-rtc-nuevo","status":"publish","type":"product","link":"https:\/\/www.retrobuddys.com\/es\/shop\/amiga-hw-mods-es\/amiga-600-es\/ampliacion-memoria-1mb-para-amiga-600-con-sin-reloj-real-time-rtc-nuevo\/","title":{"rendered":"Expansi\u00f3n de memoria 1MB para Amiga 600 con\/sin RTC - Reloj en tiempo real - NOVEDAD"},"content":{"rendered":"<h1><strong>Ampliaci\u00f3n de memoria 1MB para Amiga 600 con\/sin RTC<\/strong><\/h1>\n<p><strong>*Color actual del PCB\/PCB: Negro*.<\/strong><\/p>\n<p>No es necesario desenroscar el Amiga para la instalaci\u00f3n. La ampliaci\u00f3n de memoria se instala en la \u00abtrampilla\u00bb inferior. Volumen de suministro:<\/p>\n<ul>\n<li>Ampliaci\u00f3n de memoria 1 MB para Amiga 600<\/li>\n<li>M\u00f3dulo de reloj en tiempo real (opcional)<\/li>\n<li>Pila CR2032 (opcional)<\/li>\n<\/ul>\n<p>Como cliente particular, recibir\u00e1s una garant\u00eda de 2 a\u00f1os para la ampliaci\u00f3n de memoria y recibir\u00e1s una factura con el IVA indicado. Ten en cuenta que la ampliaci\u00f3n de memoria ha sido liberada bajo licencia CERN OHL v. 1.2. El dise\u00f1o ha sido creado por SukkoPera. La ampliaci\u00f3n de memoria fue fabricada por Retrobuddys en Alemania.<\/p>\n<p>Visite tambi\u00e9n nuestra tienda en www.retrobuddys.com<\/p>\n","protected":false},"excerpt":{"rendered":"<h1><strong>Ampliaci\u00f3n de memoria 1MB para Amiga 600 con\/sin RTC<\/strong><\/h1>\n<p><strong>*Color actual del PCB\/PCB: Negro*.<\/strong><\/p>\n","protected":false},"featured_media":1651,"template":"","meta":[],"product_brand":[],"product_cat":[271,234,399,293],"product_tag":[239,294,297,296,295],"class_list":{"0":"post-2105","1":"product","2":"type-product","3":"status-publish","4":"has-post-thumbnail","6":"product_cat-amiga-600-es","7":"product_cat-amiga-hw-mods-es","8":"product_cat-ampliacion-de-memoria","9":"product_cat-memoria-memory-sticks","10":"product_tag-amiga-es","11":"product_tag-amiga-600-es","12":"product_tag-ampliacion-de-memoria","13":"product_tag-memoria","14":"product_tag-ram-es","15":"product_shipping_class-dhl-es","17":"first","18":"instock","19":"taxable","20":"shipping-taxable","21":"purchasable","22":"product-type-variable"},"origins":[],"jetpack_sharing_enabled":true,"_links":{"self":[{"href":"https:\/\/www.retrobuddys.com\/es\/wp-json\/wp\/v2\/product\/2105","targetHints":{"allow":["GET"]}}],"collection":[{"href":"https:\/\/www.retrobuddys.com\/es\/wp-json\/wp\/v2\/product"}],"about":[{"href":"https:\/\/www.retrobuddys.com\/es\/wp-json\/wp\/v2\/types\/product"}],"wp:featuredmedia":[{"embeddable":true,"href":"https:\/\/www.retrobuddys.com\/es\/wp-json\/wp\/v2\/media\/1651"}],"wp:attachment":[{"href":"https:\/\/www.retrobuddys.com\/es\/wp-json\/wp\/v2\/media?parent=2105"}],"wp:term":[{"taxonomy":"product_brand","embeddable":true,"href":"https:\/\/www.retrobuddys.com\/es\/wp-json\/wp\/v2\/product_brand?post=2105"},{"taxonomy":"product_cat","embeddable":true,"href":"https:\/\/www.retrobuddys.com\/es\/wp-json\/wp\/v2\/product_cat?post=2105"},{"taxonomy":"product_tag","embeddable":true,"href":"https:\/\/www.retrobuddys.com\/es\/wp-json\/wp\/v2\/product_tag?post=2105"}],"curies":[{"name":"wp","href":"https:\/\/api.w.org\/{rel}","templated":true}]}}