{"id":2093,"date":"2023-03-04T15:38:48","date_gmt":"2023-03-04T15:38:48","guid":{"rendered":"https:\/\/www.retrobuddys.com\/shop\/sin%20categor\u00eda\/amiga-os-3-2-version-completa-incluida-la-actualizacion-2-cd-rom\/"},"modified":"2026-02-09T02:08:40","modified_gmt":"2026-02-09T02:08:40","slug":"amiga-os-3-2-full-version-incl-update-2-cd-rom","status":"publish","type":"product","link":"https:\/\/www.retrobuddys.com\/es\/shop\/amiga-hw-mods-es\/amiga-2000-es\/amiga-os-3-2-full-version-incl-update-2-cd-rom\/","title":{"rendered":"Amiga OS 3.2 versi\u00f3n completa (incl. Actualizaci\u00f3n 3) - CD Rom"},"content":{"rendered":"<p><span style=\"font-family: Verdana;\"><b>\u00a1Empieza a utilizar Amiga OS 3.2.3 hoy mismo!  <\/b><\/span><\/p>\n<p>AmigaOS 3.2 Actualizaci\u00f3n 2 es la \u00faltima versi\u00f3n del sistema operativo Amiga para el ordenador Amiga cl\u00e1sico con procesador de 68k. Est\u00e1 disponible para Amiga 1000, 500, 600, 1200, 2000, 3000, 3000T, 4000, 4000T, CD32 y CDTV en CD-Rom.<\/p>\n<p><span style=\"color: #555555; font-family: Open Sans, sans-serif;\">Esta nueva actualizaci\u00f3n muestra el compromiso continuado de los desarrolladores para garantizar que AmigaOS 3.2 sea el sistema operativo m\u00e1s potente y estable para Amigas basados en 68K.  <\/span>Si a\u00fan no tiene una copia de AmigaOS 3.2, \u00a1ahora tiene m\u00e1s razones para adquirirla con nosotros como distribuidores oficiales de Hyperion!<\/p>\n<p>El equipo de desarrolladores y probadores ha trabajado sin descanso desde el lanzamiento de AmigaOS 3.2.1 para corregir errores e implementar una serie de nuevas funciones.<\/p>\n<p>Los aspectos m\u00e1s destacados de las nuevas funciones y correcciones de errores de AmigaOS 3.2.3 son los siguientes:<\/p>\n<ul>\n<li><span style=\"color: #555555; font-family: Open Sans, sans-serif;\">TextEdit ha sido objeto de varias mejoras en su interfaz de extensi\u00f3n y ha ganado un elemento de men\u00fa \u00abAcerca de\u00bb;<\/span><\/li>\n<li><span style=\"color: #555555; font-family: Open Sans, sans-serif;\">\u00abShowconfig\u00bb muestra ahora la revisi\u00f3n del 68060;<\/span><\/li>\n<li><span style=\"color: #555555; font-family: Open Sans, sans-serif;\">\u00abIconEdit\u00bb ahora notifica al usuario cuando otra persona modifica el archivo de iconos que se est\u00e1 editando. Y pulsando el bot\u00f3n de ayuda, se accede a la ayuda. Se ha mejorado la gesti\u00f3n general del color de los iconos de colores para que \u00e9stos ya no se degraden. Los usuarios pueden encontrarse en una situaci\u00f3n en la que el color se vea peor que en una pantalla perfecta, pero el icono no se vea afectado. El temido di\u00e1logo \u00abdowngrade\u00bb ya no aparece, pero en algunos casos \u00abIconEdit\u00bb se abre en una ventana aparte;<\/span><\/li>\n<li><span style=\"color: #555555; font-family: Open Sans, sans-serif;\">\u00abKickstart\u00bb ahora puede arrancar con versiones anteriores de Workbench y Icon Library si est\u00e1n presentes en el volumen de arranque. Esto permite instalar la ROM manteniendo la capacidad de arrancar cualquier versi\u00f3n de AmigaOS de la 3.1 a la 3.9 antes de instalar AmigaOS 3.2 en un volumen;<\/span><\/li>\n<li><span style=\"color: #555555; font-family: Open Sans, sans-serif;\">El sketchboard.gadget ha recibido algunas mejoras de velocidad que deber\u00edan notarse al utilizar IconEdit;<\/span><\/li>\n<li><span style=\"color: #555555; font-family: Open Sans, sans-serif;\">El listbrowser.gadget ha sido completamente revisado, haciendo el archivo mucho m\u00e1s peque\u00f1o y un poco m\u00e1s r\u00e1pido;<\/span><\/li>\n<li><span style=\"color: #555555; font-family: Open Sans, sans-serif;\">El layout.gadget ha sido completamente revisado;<\/span><\/li>\n<li><span style=\"color: #555555; font-family: Open Sans, sans-serif;\">El window.class ha sido completamente revisado;<\/span><\/li>\n<li><span style=\"color: #555555; font-family: Open Sans, sans-serif;\">El disco RAM se ha redise\u00f1ado por completo para que sea mucho menos probable que cause problemas;<\/span><\/li>\n<li><span style=\"color: #555555; font-family: Open Sans, sans-serif;\">Mejora de la compatibilidad con \u00abLocale<\/span><\/li>\n<li><span style=\"color: #555555; font-family: Open Sans, sans-serif;\">Versi\u00f3n actualizada de boards.library<\/span><\/li>\n<\/ul>\n<p>AmigaOS 3.2 viene repleto de m\u00e1s de 100 nuevas caracter\u00edsticas, docenas de actualizaciones y correcciones de errores que cubren casi todos los componentes de AmigaOS. El CD-Rom de AmigaOS 3.2 contiene todos los discos y Kickstart ROMs de AmigaOS para todas las m\u00e1quinas Amiga fabricadas hasta la fecha.<\/p>\n<p><strong>Requisitos del sistema<\/strong><\/p>\n<ul>\n<li>Ordenador Amiga o entorno de emulaci\u00f3n (como WINUA, EUAE)<\/li>\n<li>Al menos Kickstart 3.1 \/ o superior (3.1.4). Kickstart ROM 3.2 (recomendada, por su menor tiempo de arranque y consumo de memoria)<\/li>\n<li>2 MB de memoria total (Chip-Ram + Fast-Ram). Si no utiliza una memoria f\u00edsica Kickstart ROM 3.2, necesitar\u00e1 un total de 2,5 MB de memoria total.<\/li>\n<li>10 MB de espacio libre en el disco duro<\/li>\n<\/ul>\n<div><span style=\"color: #555555; font-family: Open Sans, sans-serif;\">Al utilizar el enlace de descarga, \u00a1se excluye la devoluci\u00f3n!<\/span><\/div>\n","protected":false},"excerpt":{"rendered":"<p><span style=\"font-size: 115%;\"><strong><span style=\"color: #ed1c24;\">\u00a1Atenci\u00f3n!<\/span><\/strong><\/span><\/p>\n<p><span style=\"font-size: 115%;\"><strong>El CD de AmigaOS 3.2 y el c\u00f3digo de licencia se entregar\u00e1n aproximadamente el 21.12.2025.  <\/strong><\/span><\/p>\n<p><span style=\"font-size: 115%;\"><strong>Hyperion se ha quedado sin CD y se est\u00e1 produciendo un nuevo lote. Tras la compra, recibir\u00e1s un enlace de descarga para que puedas utilizar el software digitalmente mientras tanto. <\/strong><\/span><\/p>\n","protected":false},"featured_media":1684,"template":"","meta":[],"product_brand":[],"product_cat":[236,242,271,315],"product_tag":[316,318,317,319],"class_list":{"0":"post-2093","1":"product","2":"type-product","3":"status-publish","4":"has-post-thumbnail","6":"product_cat-amiga-2000-es","7":"product_cat-amiga-500-es","8":"product_cat-amiga-600-es","9":"product_cat-software-para-amiga","10":"product_tag-amiga-os-3-2-es","11":"product_tag-amiga-os-3-2-2-es","12":"product_tag-sistema-operativo-amiga","13":"product_tag-software-es","14":"product_shipping_class-dhl-es","16":"first","17":"instock","18":"taxable","19":"shipping-taxable","20":"purchasable","21":"product-type-variable","22":"has-default-attributes"},"origins":[],"jetpack_sharing_enabled":true,"_links":{"self":[{"href":"https:\/\/www.retrobuddys.com\/es\/wp-json\/wp\/v2\/product\/2093","targetHints":{"allow":["GET"]}}],"collection":[{"href":"https:\/\/www.retrobuddys.com\/es\/wp-json\/wp\/v2\/product"}],"about":[{"href":"https:\/\/www.retrobuddys.com\/es\/wp-json\/wp\/v2\/types\/product"}],"wp:featuredmedia":[{"embeddable":true,"href":"https:\/\/www.retrobuddys.com\/es\/wp-json\/wp\/v2\/media\/1684"}],"wp:attachment":[{"href":"https:\/\/www.retrobuddys.com\/es\/wp-json\/wp\/v2\/media?parent=2093"}],"wp:term":[{"taxonomy":"product_brand","embeddable":true,"href":"https:\/\/www.retrobuddys.com\/es\/wp-json\/wp\/v2\/product_brand?post=2093"},{"taxonomy":"product_cat","embeddable":true,"href":"https:\/\/www.retrobuddys.com\/es\/wp-json\/wp\/v2\/product_cat?post=2093"},{"taxonomy":"product_tag","embeddable":true,"href":"https:\/\/www.retrobuddys.com\/es\/wp-json\/wp\/v2\/product_tag?post=2093"}],"curies":[{"name":"wp","href":"https:\/\/api.w.org\/{rel}","templated":true}]}}