{"id":2084,"date":"2023-03-19T21:40:36","date_gmt":"2023-03-19T21:40:36","guid":{"rendered":"https:\/\/www.retrobuddys.com\/shop\/sin%20categor\u00eda\/ampliacion-de-memoria-4-mb-para-amiga-600-fast-mem\/"},"modified":"2026-02-08T15:57:19","modified_gmt":"2026-02-08T15:57:19","slug":"ampliacion-de-memoria-4mb-amiga-600","status":"publish","type":"product","link":"https:\/\/www.retrobuddys.com\/es\/shop\/amiga-hw-mods-es\/amiga-600-es\/ampliacion-de-memoria-4mb-amiga-600\/","title":{"rendered":"Ampliaci\u00f3n de memoria 4 MB para Amiga 600 Fast Mem"},"content":{"rendered":"<h1><strong>\u00a1NUEVO ! Ampliaci\u00f3n de memoria 4 MB para Amiga 600 Fast Mem<\/strong><\/h1>\n<p>Para la instalaci\u00f3n hay que desatornillar el Amiga. La expansi\u00f3n de memoria se enchufa *en* el procesador 68000.<br \/>\nNo es necesario soldar ni utilizar controladores. Volumen de suministro: <\/p>\n<ul>\n<li>Ampliaci\u00f3n de memoria 4 MB \u00abFast Mem\u00bb para Amiga 600<\/li>\n<li>Breves instrucciones de instalaci\u00f3n impresas<\/li>\n<\/ul>\n<p>Como cliente particular, recibir\u00e1s una garant\u00eda de 2 a\u00f1os para la ampliaci\u00f3n de memoria y recibir\u00e1s una factura con el IVA indicado. Ten en cuenta que la ampliaci\u00f3n de memoria ha sido liberada bajo licencia CERN OHL v. 1.2. El dise\u00f1o ha sido creado por SukkoPera. La ampliaci\u00f3n de memoria fue fabricada por Retrobuddys en Alemania.<\/p>\n","protected":false},"excerpt":{"rendered":"<p>\u00a1NUEVO ! Ampliaci\u00f3n de memoria 4 MB para Amiga 600 Fast Mem Para la instalaci\u00f3n hay que desatornillar el Amiga. La expansi\u00f3n de memoria se enchufa *en* el procesador 68000. No es necesario soldar ni utilizar controladores. Volumen de suministro: Ampliaci\u00f3n de memoria 4 MB \u00abFast Mem\u00bb para Amiga 600 Breves instrucciones de instalaci\u00f3n impresas [&#8230;]\n","protected":false},"featured_media":1702,"template":"","meta":[],"product_brand":[],"product_cat":[271,234,399,293],"product_tag":[239,294,297,296,295],"class_list":{"0":"post-2084","1":"product","2":"type-product","3":"status-publish","4":"has-post-thumbnail","6":"product_cat-amiga-600-es","7":"product_cat-amiga-hw-mods-es","8":"product_cat-ampliacion-de-memoria","9":"product_cat-memoria-memory-sticks","10":"product_tag-amiga-es","11":"product_tag-amiga-600-es","12":"product_tag-ampliacion-de-memoria","13":"product_tag-memoria","14":"product_tag-ram-es","15":"product_shipping_class-dhl-es","17":"first","18":"instock","19":"taxable","20":"shipping-taxable","21":"purchasable","22":"product-type-simple"},"jetpack_sharing_enabled":true,"_links":{"self":[{"href":"https:\/\/www.retrobuddys.com\/es\/wp-json\/wp\/v2\/product\/2084","targetHints":{"allow":["GET"]}}],"collection":[{"href":"https:\/\/www.retrobuddys.com\/es\/wp-json\/wp\/v2\/product"}],"about":[{"href":"https:\/\/www.retrobuddys.com\/es\/wp-json\/wp\/v2\/types\/product"}],"wp:featuredmedia":[{"embeddable":true,"href":"https:\/\/www.retrobuddys.com\/es\/wp-json\/wp\/v2\/media\/1702"}],"wp:attachment":[{"href":"https:\/\/www.retrobuddys.com\/es\/wp-json\/wp\/v2\/media?parent=2084"}],"wp:term":[{"taxonomy":"product_brand","embeddable":true,"href":"https:\/\/www.retrobuddys.com\/es\/wp-json\/wp\/v2\/product_brand?post=2084"},{"taxonomy":"product_cat","embeddable":true,"href":"https:\/\/www.retrobuddys.com\/es\/wp-json\/wp\/v2\/product_cat?post=2084"},{"taxonomy":"product_tag","embeddable":true,"href":"https:\/\/www.retrobuddys.com\/es\/wp-json\/wp\/v2\/product_tag?post=2084"}],"curies":[{"name":"wp","href":"https:\/\/api.w.org\/{rel}","templated":true}]}}