{"id":2081,"date":"2023-03-19T21:38:22","date_gmt":"2023-03-19T21:38:22","guid":{"rendered":"https:\/\/www.retrobuddys.com\/shop\/sin%20categor\u00eda\/kit-de-reparacion-para-amiga-2000-rev-6\/"},"modified":"2025-01-05T10:36:01","modified_gmt":"2025-01-05T10:36:01","slug":"amiga-2000-rev-6-recap-kit","status":"publish","type":"product","link":"https:\/\/www.retrobuddys.com\/es\/shop\/amiga-hw-mods-es\/amiga-2000-es\/amiga-2000-rev-6-recap-kit\/","title":{"rendered":"Kit de reparaci\u00f3n para Amiga 2000 Rev 6"},"content":{"rendered":"<h1>Kit de reparaci\u00f3n para Amiga 2000 Rev 6<\/h1>\n<p>Nuevos condensadores de alta gama para la revisi\u00f3n 4 de la placa base del Amiga 2000. Sustituya los condensadores de su Amiga antes de que sea demasiado tarde y los condensadores originales de m\u00e1s de 30 a\u00f1os tengan fugas y provoquen da\u00f1os importantes en la placa base.<\/p>\n<p><span style=\"font-family: Verdana;\"><b>32 condensadores para Rev 6:<\/b><\/span><\/p>\n<div>\n<ul>\n<li><span style=\"font-family: Verdana;\">4x 220 uF, 16V, Axial<\/span><\/li>\n<li><span style=\"font-family: Verdana;\">13x 47 uF, 25V<\/span><\/li>\n<li><span style=\"font-family: Verdana;\">1x 220 uF, 35V<\/span><\/li>\n<li><span style=\"font-family: Verdana;\">3x 4,7 uF, 50V<\/span><\/li>\n<li><span style=\"font-family: Verdana;\">7x 22 uF, 50V<\/span><\/li>\n<li><span style=\"font-family: Verdana;\">4x 470 uF, 16V<\/span><\/li>\n<\/ul>\n<\/div>\n<p>S\u00f3lo utilizamos condensadores \u00abLonglife\u00bb de alta calidad de Rubycon, Illinois y W\u00fcrth. Ten en cuenta que los condensadores s\u00f3lo deben ser sustituidos por un especialista. No aceptamos ninguna garant\u00eda por instalaci\u00f3n incorrecta.<\/p>\n","protected":false},"excerpt":{"rendered":"<p>Kit de reparaci\u00f3n para Amiga 2000 Rev 6 Nuevos condensadores de alta gama para la revisi\u00f3n 4 de la placa base del Amiga 2000. Sustituya los condensadores de su Amiga antes de que sea demasiado tarde y los condensadores originales de m\u00e1s de 30 a\u00f1os tengan fugas y provoquen da\u00f1os importantes en la placa base. [&#8230;]\n","protected":false},"featured_media":1696,"template":"","meta":[],"product_brand":[],"product_cat":[236,234,286,264,268],"product_tag":[288,291,290,289],"class_list":{"0":"post-2081","1":"product","2":"type-product","3":"status-publish","4":"has-post-thumbnail","6":"product_cat-amiga-2000-es","7":"product_cat-amiga-hw-mods-es","8":"product_cat-cables-y-piezas-pequenas","9":"product_cat-placas-de-circuito-impreso-pcb","10":"product_cat-varios","11":"product_tag-amiga-500-es","12":"product_tag-condensadores","13":"product_tag-kit-es","14":"product_tag-recapitulemos","15":"product_shipping_class-maxibrief-es","17":"first","18":"instock","19":"taxable","20":"shipping-taxable","21":"purchasable","22":"product-type-simple"},"origins":[],"jetpack_sharing_enabled":true,"_links":{"self":[{"href":"https:\/\/www.retrobuddys.com\/es\/wp-json\/wp\/v2\/product\/2081","targetHints":{"allow":["GET"]}}],"collection":[{"href":"https:\/\/www.retrobuddys.com\/es\/wp-json\/wp\/v2\/product"}],"about":[{"href":"https:\/\/www.retrobuddys.com\/es\/wp-json\/wp\/v2\/types\/product"}],"wp:featuredmedia":[{"embeddable":true,"href":"https:\/\/www.retrobuddys.com\/es\/wp-json\/wp\/v2\/media\/1696"}],"wp:attachment":[{"href":"https:\/\/www.retrobuddys.com\/es\/wp-json\/wp\/v2\/media?parent=2081"}],"wp:term":[{"taxonomy":"product_brand","embeddable":true,"href":"https:\/\/www.retrobuddys.com\/es\/wp-json\/wp\/v2\/product_brand?post=2081"},{"taxonomy":"product_cat","embeddable":true,"href":"https:\/\/www.retrobuddys.com\/es\/wp-json\/wp\/v2\/product_cat?post=2081"},{"taxonomy":"product_tag","embeddable":true,"href":"https:\/\/www.retrobuddys.com\/es\/wp-json\/wp\/v2\/product_tag?post=2081"}],"curies":[{"name":"wp","href":"https:\/\/api.w.org\/{rel}","templated":true}]}}