{"id":2074,"date":"2023-06-29T09:59:52","date_gmt":"2023-06-29T09:59:52","guid":{"rendered":"https:\/\/www.retrobuddys.com\/shop\/sin%20categor\u00eda\/unidad-gotek-con-chip-artery-at32f435-solo-pcb\/"},"modified":"2026-02-08T15:57:30","modified_gmt":"2026-02-08T15:57:30","slug":"gotek-drive-with-artery-at32f435-chip-pcb-only","status":"publish","type":"product","link":"https:\/\/www.retrobuddys.com\/es\/shop\/amiga-hw-mods-es\/gotek-drive-with-artery-at32f435-chip-pcb-only\/","title":{"rendered":"Unidad Gotek con chip Artery AT32F435 *S\u00f3lo PCB*."},"content":{"rendered":"<p><b>Unidad Gotek para Amiga con chip Artery AT32F435 *s\u00f3lo PCB*.<\/b><\/p>\n<p><b><br \/>\n<\/b><br \/>\nEmulador de disquete USB Gotek para reproducir directamente archivos ADF desde la memoria USB. El firmware debe estar instalado en la unidad. Los detalles sobre el firmware FlashFloppy se pueden encontrar aqu\u00ed =&gt; https:\/\/github.com\/keirf\/flashfloppy<\/p>\n<p><b>\u00bfC\u00f3mo se utiliza la unidad Gotek?<\/b><\/p>\n<p>Es muy sencillo: sustituye la disquetera original por esta disquetera USB o con\u00e9ctala mediante un adaptador externo. Tienes que copiar tus archivos ADF favoritos en una memoria USB de tu PC. Adem\u00e1s del nombre del archivo actual, la pantalla OLED ofrece m\u00e1s informaci\u00f3n sobre el proceso de carga.<strong><br \/>\n<\/strong><\/p>\n<p><strong>Volumen de suministro:<\/strong><\/p>\n<ul>\n<li>Emulador de disquetes USB GOTEK<\/li>\n<li>Chip Artery AT32F435<\/li>\n<li><strong style=\"color: #555555; font-size: 14.4px;\">Atenci\u00f3n:  <\/strong><span style=\"font-size: 14.4px;\">*S\u00f3lo PCB (sin pantalla OLED, cable, giratorio, carcasa, etc pp) *NO HAY DEVOLUCIONES*.<\/span><\/li>\n<\/ul>\n","protected":false},"excerpt":{"rendered":"<p>Unidad Gotek para Amiga con chip Artery AT32F435 *s\u00f3lo PCB*. Emulador de disquete USB Gotek para reproducir directamente archivos ADF desde la memoria USB. El firmware debe estar instalado en la unidad. Los detalles sobre el firmware FlashFloppy se pueden encontrar aqu\u00ed =&gt; https:\/\/github.com\/keirf\/flashfloppy \u00bfC\u00f3mo se utiliza la unidad Gotek? Es muy sencillo: sustituye la [&#8230;]\n","protected":false},"featured_media":1735,"template":"","meta":[],"product_brand":[],"product_cat":[234,235,264],"product_tag":[240,266],"class_list":{"0":"post-2074","1":"product","2":"type-product","3":"status-publish","4":"has-post-thumbnail","6":"product_cat-amiga-hw-mods-es","7":"product_cat-gotek-es","8":"product_cat-placas-de-circuito-impreso-pcb","9":"product_tag-gotek-es","10":"product_tag-pcb-es","11":"product_shipping_class-dhl-es","13":"first","14":"instock","15":"taxable","16":"shipping-taxable","17":"purchasable","18":"product-type-simple"},"origins":[],"jetpack_sharing_enabled":true,"_links":{"self":[{"href":"https:\/\/www.retrobuddys.com\/es\/wp-json\/wp\/v2\/product\/2074","targetHints":{"allow":["GET"]}}],"collection":[{"href":"https:\/\/www.retrobuddys.com\/es\/wp-json\/wp\/v2\/product"}],"about":[{"href":"https:\/\/www.retrobuddys.com\/es\/wp-json\/wp\/v2\/types\/product"}],"wp:featuredmedia":[{"embeddable":true,"href":"https:\/\/www.retrobuddys.com\/es\/wp-json\/wp\/v2\/media\/1735"}],"wp:attachment":[{"href":"https:\/\/www.retrobuddys.com\/es\/wp-json\/wp\/v2\/media?parent=2074"}],"wp:term":[{"taxonomy":"product_brand","embeddable":true,"href":"https:\/\/www.retrobuddys.com\/es\/wp-json\/wp\/v2\/product_brand?post=2074"},{"taxonomy":"product_cat","embeddable":true,"href":"https:\/\/www.retrobuddys.com\/es\/wp-json\/wp\/v2\/product_cat?post=2074"},{"taxonomy":"product_tag","embeddable":true,"href":"https:\/\/www.retrobuddys.com\/es\/wp-json\/wp\/v2\/product_tag?post=2074"}],"curies":[{"name":"wp","href":"https:\/\/api.w.org\/{rel}","templated":true}]}}