{"id":2073,"date":"2023-04-09T06:53:30","date_gmt":"2023-04-09T06:53:30","guid":{"rendered":"https:\/\/www.retrobuddys.com\/shop\/sin%20categor\u00eda\/raspberry-pi-3a-new-amiga-pistorm\/"},"modified":"2025-01-05T10:36:08","modified_gmt":"2025-01-05T10:36:08","slug":"frambuesa-pi-3a","status":"publish","type":"product","link":"https:\/\/www.retrobuddys.com\/es\/shop\/componentes-bases-y-piezas\/frambuesa-pi-3a\/","title":{"rendered":"Raspberry PI 3A+ *NEW* Amiga PiStorm"},"content":{"rendered":"<p><span style=\"font-family: Tahoma;\"><u><strong>La Raspberry Pi 3A+ *NOVEDAD* Ideal para Amiga PiStorm<\/strong><\/u><\/span><\/p>\n<div><\/div>\n<div>\nLa Raspberry Pi 3 Modelo A+ es el \u00faltimo producto de la serie Raspberry Pi 3. Al igual que la Raspberry Pi 3 Modelo B+, tiene un procesador de cuatro n\u00facleos de 64 bits a 1,4 GHz, LAN inal\u00e1mbrica de doble banda a 2,4 GHz y 5 GHz y Bluetooth 4.2\/BLE.La Raspberry Pi 3 Modelo A+ tiene el mismo tama\u00f1o mec\u00e1nico que la Raspberry Pi 1 Modelo A+<strong>.Datos t\u00e9cnicos<\/strong><\/p>\n<ul>\n<li><strong>Procesador<\/strong>\n<ul>\n<li>Chipset Broadcom BCM2837B0<\/li>\n<li>64 bits Quad Core ARM Cortex-A53 a 1,4 GHz<\/li>\n<\/ul>\n<\/li>\n<li><strong>Memoria de trabajo<\/strong>\n<ul>\n<li>512 MB LPDDR2 SDRAM<\/li>\n<\/ul>\n<\/li>\n<li><strong>Conectividad<\/strong>\n<ul>\n<li>LAN inal\u00e1mbrica IEEE 802.11 b\/g\/n\/ac de 2,4 GHz y 5 GHz<\/li>\n<li>Bluetooth 4.2 BLE<\/li>\n<li>1 puerto USB 2.0<\/li>\n<\/ul>\n<\/li>\n<li><strong>Acceda a<\/strong>\n<ul>\n<li>Cabezal GPIO de 40 patillas<\/li>\n<\/ul>\n<\/li>\n<li><strong>Imagen y sonido<\/strong>\n<ul>\n<li>1x conector HDMI tipo A<\/li>\n<li>Puerto de pantalla MIPI DSI<\/li>\n<li>Puerto de c\u00e1mara MIPI CSI<\/li>\n<li>Toma combinada de 3,5 mm y 4 patillas para audio anal\u00f3gico y v\u00eddeo compuesto<\/li>\n<\/ul>\n<\/li>\n<li><strong>Multimedia<\/strong>\n<ul>\n<li>Descodificaci\u00f3n H.264, MPEG-4 (1080p30)<\/li>\n<li>Codificaci\u00f3n H.264 (1080p30);<\/li>\n<li>Gr\u00e1ficos OpenGL ES 1.1, 2.0<\/li>\n<\/ul>\n<\/li>\n<li><strong>Compatible con tarjetas SD<\/strong>\n<ul>\n<li>Formato Micro SD para cargar el sistema operativo y almacenar datos<\/li>\n<\/ul>\n<\/li>\n<li><strong>Alimentaci\u00f3n<\/strong>\n<ul>\n<li>5 V\/2,5 A CC mediante toma Micro USB tipo B<\/li>\n<li>5 V CC a trav\u00e9s del cabezal GPIO<\/li>\n<\/ul>\n<\/li>\n<li><strong>Alrededores<br \/>\n<\/strong><\/p>\n<ul>\n<li>Temperatura de funcionamiento: 0-50\u00b0 C<\/li>\n<\/ul>\n<\/li>\n<li><strong>Dimensiones<\/strong>\n<ul>\n<li>65 x 56 x 8,5 mm<\/li>\n<li>Di\u00e1metro de los orificios: 2,75 mm<\/li>\n<\/ul>\n<\/li>\n<\/ul>\n<\/div>\n","protected":false},"excerpt":{"rendered":"<p>La Raspberry Pi 3A+ *NOVEDAD* Ideal para Amiga PiStorm La Raspberry Pi 3 Modelo A+ es el \u00faltimo producto de la serie Raspberry Pi 3. Al igual que la Raspberry Pi 3 Modelo B+, tiene un procesador de cuatro n\u00facleos de 64 bits a 1,4 GHz, LAN inal\u00e1mbrica de doble banda a 2,4 GHz y [&#8230;]\n","protected":false},"featured_media":1720,"template":"","meta":[],"product_brand":[],"product_cat":[417,521],"product_tag":[239,273,272,522],"class_list":{"0":"post-2073","1":"product","2":"type-product","3":"status-publish","4":"has-post-thumbnail","6":"product_cat-componentes-bases-y-piezas","7":"product_cat-pistorm-es-2","8":"product_tag-amiga-es","9":"product_tag-pistorm-es","10":"product_tag-raspberry-pi-es","11":"product_tag-raspi-es","12":"product_shipping_class-dhl-es","14":"first","15":"instock","16":"taxable","17":"shipping-taxable","18":"purchasable","19":"product-type-simple"},"jetpack_sharing_enabled":true,"_links":{"self":[{"href":"https:\/\/www.retrobuddys.com\/es\/wp-json\/wp\/v2\/product\/2073","targetHints":{"allow":["GET"]}}],"collection":[{"href":"https:\/\/www.retrobuddys.com\/es\/wp-json\/wp\/v2\/product"}],"about":[{"href":"https:\/\/www.retrobuddys.com\/es\/wp-json\/wp\/v2\/types\/product"}],"wp:featuredmedia":[{"embeddable":true,"href":"https:\/\/www.retrobuddys.com\/es\/wp-json\/wp\/v2\/media\/1720"}],"wp:attachment":[{"href":"https:\/\/www.retrobuddys.com\/es\/wp-json\/wp\/v2\/media?parent=2073"}],"wp:term":[{"taxonomy":"product_brand","embeddable":true,"href":"https:\/\/www.retrobuddys.com\/es\/wp-json\/wp\/v2\/product_brand?post=2073"},{"taxonomy":"product_cat","embeddable":true,"href":"https:\/\/www.retrobuddys.com\/es\/wp-json\/wp\/v2\/product_cat?post=2073"},{"taxonomy":"product_tag","embeddable":true,"href":"https:\/\/www.retrobuddys.com\/es\/wp-json\/wp\/v2\/product_tag?post=2073"}],"curies":[{"name":"wp","href":"https:\/\/api.w.org\/{rel}","templated":true}]}}