{"id":2068,"date":"2023-03-26T21:06:42","date_gmt":"2023-03-26T21:06:42","guid":{"rendered":"https:\/\/www.retrobuddys.com\/shop\/sin%20categor\u00eda\/adaptador-pistorm-externo-lazarustorm-para-amiga-500\/"},"modified":"2026-02-08T15:57:26","modified_gmt":"2026-02-08T15:57:26","slug":"lazarustorm-amiga-500","status":"publish","type":"product","link":"https:\/\/www.retrobuddys.com\/es\/shop\/amiga-hw-mods-es\/amiga-500-es\/lazarustorm-amiga-500\/","title":{"rendered":"Adaptador PiStorm externo Lazarustorm para Amiga 500"},"content":{"rendered":"<p>LazaruStorm es una tarjeta adaptadora para su Amiga 500 que se desliza en el puerto de expansi\u00f3n (lado izquierdo). La placa se ha desarrollado especialmente para la PiStorm y, como conectas la placa Lazarustorm externamente, no tienes que retirar el procesador 68000 existente de tu Amiga.<br \/>\nSimplemente tienes que conectar la placa PiStorm con la Raspberry PI a la placa LazaruStorm.<\/p>\n<p>En casi todas las revisiones de Amiga500 es necesario cerrar el puente JP6 mediante un puente de soldadura, es decir, debes abrir tu Amiga y fijar un punto de soldadura.<br \/>\nEl punto de soldadura VPAJP (2-3) ya est\u00e1 fijado (BRJP s\u00f3lo debe fijarse en casos excepcionales). Hemos tenido la mejor experiencia con esta combinaci\u00f3n de saltadores. Cada placa LazaruStorm ha sido probada en vivo en un Amiga 500 Rev.6a.<\/p>\n<p>Nota: El adaptador LazaruStorm raramente (s\u00ed, realmente a veces funciona :)) funciona con placas base Amiga 500 Rev. 5.<\/p>\n<p>Ver foto: Este es JP6, que se encuentra directamente detr\u00e1s del puerto de extensi\u00f3n.<\/p>\n<p>El siguiente v\u00eddeo muestra c\u00f3mo conectar la placa Lazarustorm y c\u00f3mo utilizar la PiStorm (gracias @Jan Beta) La LazaruStorm fue desarrollada por Edu Arana. Encontrar\u00e1 m\u00e1s informaci\u00f3n sobre el proyecto aqu\u00ed =&gt; <a href=\"https:\/\/github.com\/arananet\/LAZARUSTORM\" target=\"_blank\" rel=\"noopener\">https:\/\/github.com\/arananet\/LAZARUSTORM<\/a><\/p>\n<p><iframe loading=\"lazy\" title=\"External Amiga 500 PiStorm Accelerator\" width=\"1020\" height=\"574\" src=\"https:\/\/www.youtube.com\/embed\/HJdxt1ft5Es?feature=oembed\" frameborder=\"0\" allow=\"accelerometer; autoplay; clipboard-write; encrypted-media; gyroscope; picture-in-picture; web-share\" allowfullscreen><\/iframe><\/p>\n<p>Traducido con www.DeepL.com\/Translator (versi\u00f3n gratuita)<\/p>\n","protected":false},"excerpt":{"rendered":"<p>LazaruStorm es una tarjeta adaptadora para su Amiga 500 que se desliza en el puerto de expansi\u00f3n (lado izquierdo). La placa se ha desarrollado especialmente para la PiStorm y, como conectas la placa Lazarustorm externamente, no tienes que retirar el procesador 68000 existente de tu Amiga. Simplemente tienes que conectar la placa PiStorm con la [&#8230;]\n","protected":false},"featured_media":1711,"template":"","meta":[],"product_brand":[],"product_cat":[242,234,521],"product_tag":[288,273],"class_list":{"0":"post-2068","1":"product","2":"type-product","3":"status-publish","4":"has-post-thumbnail","6":"product_cat-amiga-500-es","7":"product_cat-amiga-hw-mods-es","8":"product_cat-pistorm-es-2","9":"product_tag-amiga-500-es","10":"product_tag-pistorm-es","11":"product_shipping_class-dhl-es","13":"first","14":"instock","15":"taxable","16":"shipping-taxable","17":"purchasable","18":"product-type-simple"},"origins":[],"jetpack_sharing_enabled":true,"_links":{"self":[{"href":"https:\/\/www.retrobuddys.com\/es\/wp-json\/wp\/v2\/product\/2068","targetHints":{"allow":["GET"]}}],"collection":[{"href":"https:\/\/www.retrobuddys.com\/es\/wp-json\/wp\/v2\/product"}],"about":[{"href":"https:\/\/www.retrobuddys.com\/es\/wp-json\/wp\/v2\/types\/product"}],"wp:featuredmedia":[{"embeddable":true,"href":"https:\/\/www.retrobuddys.com\/es\/wp-json\/wp\/v2\/media\/1711"}],"wp:attachment":[{"href":"https:\/\/www.retrobuddys.com\/es\/wp-json\/wp\/v2\/media?parent=2068"}],"wp:term":[{"taxonomy":"product_brand","embeddable":true,"href":"https:\/\/www.retrobuddys.com\/es\/wp-json\/wp\/v2\/product_brand?post=2068"},{"taxonomy":"product_cat","embeddable":true,"href":"https:\/\/www.retrobuddys.com\/es\/wp-json\/wp\/v2\/product_cat?post=2068"},{"taxonomy":"product_tag","embeddable":true,"href":"https:\/\/www.retrobuddys.com\/es\/wp-json\/wp\/v2\/product_tag?post=2068"}],"curies":[{"name":"wp","href":"https:\/\/api.w.org\/{rel}","templated":true}]}}