{"id":2051,"date":"2023-09-12T09:31:37","date_gmt":"2023-09-12T09:31:37","guid":{"rendered":"https:\/\/www.retrobuddys.com\/shop\/sin%20categor\u00eda\/unidad-gotek-interna-amiga-2000-con-pantalla-de-096-y-rotary\/"},"modified":"2026-01-31T16:34:19","modified_gmt":"2026-01-31T16:34:19","slug":"amiga-2000-internal-gotek","status":"publish","type":"product","link":"https:\/\/www.retrobuddys.com\/es\/shop\/amiga-hw-mods-es\/amiga-2000-es\/amiga-2000-internal-gotek\/","title":{"rendered":"Unidad Gotek interna Amiga 2000 con pantalla de 0,96&#8243; y Rotary"},"content":{"rendered":"<p><strong>Unidad Gotek interna Amiga 2000 con pantalla, mando y memoria USB AT435<\/strong><\/p>\n<p>6 colores diferentes en 3,5&#8243; o 5,25<\/p>\n<p>USB Gotek Floppy Emulator para la reproducci\u00f3n directa de archivos ADF desde la memoria USB.<\/p>\n<p>Lleva instalada una pantalla OLED de 24,38 mm (0,96&#8243;) con una resoluci\u00f3n de 128&#215;64 caracteres en hasta 4 l\u00edneas. Adem\u00e1s, hay un mando giratorio para seleccionar c\u00f3modamente el archivo correspondiente.<\/p>\n<p><strong>\u00bfC\u00f3mo se utiliza la unidad Gotek?<\/strong><\/p>\n<p>Es muy sencillo: sustituye la disquetera original por esta disquetera USB o con\u00e9ctala mediante un adaptador externo. Tienes que copiar tus archivos ADF favoritos en una memoria USB de tu PC.<\/p>\n<p>Adem\u00e1s del nombre del archivo actual, la pantalla OLED ofrece m\u00e1s informaci\u00f3n sobre el proceso de carga.<\/p>\n<p><strong>Volumen de suministro:<\/strong><\/p>\n<ul>\n<li>Emulador de disquetes USB GOTEK interno con el firmware Flash Floppy+ m\u00e1s reciente (3.38)<\/li>\n<li>Chip Artery 435 (m\u00e1s memoria interna)<\/li>\n<li>Pantalla OLED de 0,96&#8243; (24,38 mm) con una resoluci\u00f3n de 128&#215;64 caracteres en hasta 4 l\u00edneas<\/li>\n<li>Marco de impresi\u00f3n 3D Amiga 2000 para instalaci\u00f3n interna<\/li>\n<li>Pomo con pomo<\/li>\n<\/ul>\n<p><strong>Artery435:<\/strong><\/p>\n<p>Este MCU funciona a 288MHz y tiene 384kB SRAM. En comparaci\u00f3n, el MCU Artery415 tiene s\u00f3lo 32kb SRAM. Los 384kb son suficientes para un funcionamiento fiable, una amplia cach\u00e9 de disquete y permitir\u00e1n una gama m\u00e1s amplia de funciones de firmware en el futuro. El firmware avanzado que se ejecuta en esta MCU se denomina FlashFloppy PLUS (o FlashFloppy+).<\/p>\n<p><strong>Atenci\u00f3n:<\/strong><\/p>\n<p>La unidad con el marco 3D est\u00e1 prevista para su instalaci\u00f3n interna en el Amiga 2000.<\/p>\n","protected":false},"excerpt":{"rendered":"<p>Unidad Amiga Gotek emulador de disquete USB Amiga 2000 interno 3,5&#8243; o 5,1\/4<\/p>\n","protected":false},"featured_media":1744,"template":"","meta":[],"product_brand":[],"product_cat":[236,234,235],"product_tag":[239,240],"class_list":{"0":"post-2051","1":"product","2":"type-product","3":"status-publish","4":"has-post-thumbnail","6":"product_cat-amiga-2000-es","7":"product_cat-amiga-hw-mods-es","8":"product_cat-gotek-es","9":"product_tag-amiga-es","10":"product_tag-gotek-es","11":"product_shipping_class-dhl-es","13":"first","14":"instock","15":"taxable","16":"shipping-taxable","17":"purchasable","18":"product-type-variable","19":"has-default-attributes"},"origins":[],"jetpack_sharing_enabled":true,"_links":{"self":[{"href":"https:\/\/www.retrobuddys.com\/es\/wp-json\/wp\/v2\/product\/2051","targetHints":{"allow":["GET"]}}],"collection":[{"href":"https:\/\/www.retrobuddys.com\/es\/wp-json\/wp\/v2\/product"}],"about":[{"href":"https:\/\/www.retrobuddys.com\/es\/wp-json\/wp\/v2\/types\/product"}],"wp:featuredmedia":[{"embeddable":true,"href":"https:\/\/www.retrobuddys.com\/es\/wp-json\/wp\/v2\/media\/1744"}],"wp:attachment":[{"href":"https:\/\/www.retrobuddys.com\/es\/wp-json\/wp\/v2\/media?parent=2051"}],"wp:term":[{"taxonomy":"product_brand","embeddable":true,"href":"https:\/\/www.retrobuddys.com\/es\/wp-json\/wp\/v2\/product_brand?post=2051"},{"taxonomy":"product_cat","embeddable":true,"href":"https:\/\/www.retrobuddys.com\/es\/wp-json\/wp\/v2\/product_cat?post=2051"},{"taxonomy":"product_tag","embeddable":true,"href":"https:\/\/www.retrobuddys.com\/es\/wp-json\/wp\/v2\/product_tag?post=2051"}],"curies":[{"name":"wp","href":"https:\/\/api.w.org\/{rel}","templated":true}]}}