{"id":14468,"date":"2026-05-07T17:23:23","date_gmt":"2026-05-07T17:23:23","guid":{"rendered":"https:\/\/www.retrobuddys.com\/?post_type=product&#038;p=14468"},"modified":"2026-05-07T18:57:13","modified_gmt":"2026-05-07T18:57:13","slug":"rprom-7-veces-amiga-500-600-2000-desde-6a-4-3-kickstart-switcher-configurable","status":"publish","type":"product","link":"https:\/\/www.retrobuddys.com\/es\/shop\/amiga-hw-mods-es\/amiga-2000-es\/rprom-7-veces-amiga-500-600-2000-desde-6a-4-3-kickstart-switcher-configurable\/","title":{"rendered":"RPROM 7 veces Amiga 500\/600\/2000 desde 6a\/4.3 Kickstart Switcher configurable"},"content":{"rendered":"<h1>RPROM Amiga 500 &gt; Rev 6a \/ Amiga 600 \/ Amiga 2000 a partir de Rev. 4.3<br \/>\n\u00a1Conmutador Kickstart s\u00e9ptuple totalmente configurable en PC\/Amiga!<\/h1>\n<p>RPROM es un emulador de ROM para ordenadores Amiga de 16 bits (A500, A600, A2000) basado en el microcontrolador RP2350B. RPROM fue desarrollado conjuntamente por Niklas Ekstr\u00f6m y Per Bengtsson y nos complace poder ofrecerlo junto con los desarrolladores. <\/p>\n<p>La placa RPROM tiene una memoria flash SPI de 4 MB. Cada imagen ROM tiene un tama\u00f1o de 512 kB, por lo que los 4 MB se dividen en ocho posiciones de memoria de 512 kB cada una. La primera posici\u00f3n de memoria est\u00e1 destinada a almacenar el firmware de la RPROM y los datos de configuraci\u00f3n del RP2350B. Las siete posiciones de memoria restantes se utilizan para almacenar im\u00e1genes kickstart \/ ROM.   <\/p>\n<p>Las im\u00e1genes ROM se pueden escribir en la memoria flash a trav\u00e9s del USB del PC o directamente desde el Amiga utilizando un programa llamado RPROM.<br \/>\nEste programa RPROM tambi\u00e9n se utiliza para cambiar la ranura activa o para determinar cu\u00e1l es la ranura activa.<\/p>\n<p>RPROM es un comando CLI que se ejecuta en el Amiga. Tiene los siguientes subcomandos: <\/p>\n<ul>\n<li>El estado de la RPROM emite informaci\u00f3n sobre el estado del dispositivo<\/li>\n<li>Interruptor RPROM &lt;ranura&gt; cambia la ranura activa y reinicia el Amiga<\/li>\n<li>Escritura RPROM  &lt;ranura&gt; &lt;imagen&gt;  escribe el contenido del archivo  &lt;imagen&gt;  en la ranura  &lt;ranura&gt;<\/li>\n<li>Lectura de RPROM  &lt;ranura&gt; &lt;imagen&gt;  lee el contenido de la ranura  &lt;ranura&gt;  y lo guarda en el archivo  &lt;imagen&gt;<\/li>\n<li>Borrado RPROM &lt;ranura&gt; borra ranura &lt;ranura&gt;<\/li>\n<\/ul>\n<p>Ten en cuenta que las im\u00e1genes ROM no deben intercambiarse byte a byte (es decir, se necesitan las im\u00e1genes .ROM y no las .BIN).<\/p>\n<p>Para cambiar la ranura activa mediante el teclado (pulsa CTRL - Amiga - Amiga durante 3seg), la patilla de reinicio de la RPROM debe conectarse a la patilla 11 de Paula o a la patilla 5 de Gary.<br \/>\nEsto requiere conocimientos de soldadura. Esto tambi\u00e9n se aplica si DiagRom se inicia desde la RPROM. Si DiagRom se inicia sin conectar el pin de reinicio, la ranura activa s\u00f3lo se puede intercambiar en el PC.  <\/p>\n<p>El RPROM a\u00fan no funciona con un Amiga1200 \/ 3000 \/ 4000. Est\u00e1 previsto para m\u00e1s adelante. Niklas y Per ya est\u00e1n trabajando en el firmware. Entonces necesitar\u00e1s 2 RPROM.   <\/p>\n<p>Se necesita un adaptador para un Amiga 500 Rev 5 o un Amiga 2000 anterior a la Rev 4.3.<\/p>\n<p><strong>Atenci\u00f3n! despu\u00e9s de la compra tienes que proporcionar una prueba cre\u00edble de una licencia existente para las<\/strong> versiones Kickstart <strong> si quieres que instalemos Kickstarts<\/strong> (Cloanto o similar)!<br \/>\nSi no tienes una licencia para las versiones Kickstart, puedes obtenerlas de Cloanto (ahora lamentablemente versi\u00f3n \u00abPlus\u00bb).<\/p>\n<p>ROM de diagn\u00f3stico para Amiga por John Hertell. Para m\u00e1s informaci\u00f3n, visite: www.diagrom.com.<\/p>\n<p>Volumen de suministro:<\/p>\n<ul>\n<li>RPROM Rev 2 para Amiga 500 Rev 6a, Amiga 600 y Amiga 2000 a partir de Rev 4.3<\/li>\n<li>Instrucciones de instalaci\u00f3n<\/li>\n<li>Cable DuPont de 30 cm + cabezal de patillas<\/li>\n<\/ul>\n<p>Los detalles del proyecto pueden encontrarse aqu\u00ed =&gt; <a href=\"https:\/\/github.com\/niklasekstrom\/RPROM\" target=\"_blank\" rel=\"noopener\">https:\/\/github.com\/niklasekstrom\/RPROM<\/a><\/p>\n<p>Niklas y Per reciben de nosotros una parte de las ganancias.<\/p>\n","protected":false},"excerpt":{"rendered":"<p><span style=\"color: #ed1c24; font-size: 130%;\">\u00a1\u00a1\u00a1Hasta el 31 de mayo de 2026 al precio de lanzamiento !!!<\/span><\/p>\n<p>RPROM es un emulador de ROM para ordenadores Amiga de 16 bits (A500, A600, A2000) basado en el microcontrolador RP2350B. RPROM fue desarrollado conjuntamente por Niklas Ekstr\u00f6m y Per Bengtsson y nos complace poder ofrecerlo junto con los desarrolladores. <\/p>\n","protected":false},"featured_media":14495,"template":"","meta":[],"product_brand":[],"product_cat":[236,242,271,234],"product_tag":[239,410,409,1179],"class_list":{"0":"post-14468","1":"product","2":"type-product","3":"status-publish","4":"has-post-thumbnail","6":"product_cat-amiga-2000-es","7":"product_cat-amiga-500-es","8":"product_cat-amiga-600-es","9":"product_cat-amiga-hw-mods-es","10":"product_tag-amiga-es","11":"product_tag-conmutador","12":"product_tag-kickstart-es","13":"product_tag-rprom","14":"product_shipping_class-maxibrief-es","16":"first","17":"instock","18":"sale","19":"taxable","20":"shipping-taxable","21":"purchasable","22":"product-type-variable","23":"has-default-attributes"},"origins":[],"jetpack_sharing_enabled":true,"_links":{"self":[{"href":"https:\/\/www.retrobuddys.com\/es\/wp-json\/wp\/v2\/product\/14468","targetHints":{"allow":["GET"]}}],"collection":[{"href":"https:\/\/www.retrobuddys.com\/es\/wp-json\/wp\/v2\/product"}],"about":[{"href":"https:\/\/www.retrobuddys.com\/es\/wp-json\/wp\/v2\/types\/product"}],"wp:featuredmedia":[{"embeddable":true,"href":"https:\/\/www.retrobuddys.com\/es\/wp-json\/wp\/v2\/media\/14495"}],"wp:attachment":[{"href":"https:\/\/www.retrobuddys.com\/es\/wp-json\/wp\/v2\/media?parent=14468"}],"wp:term":[{"taxonomy":"product_brand","embeddable":true,"href":"https:\/\/www.retrobuddys.com\/es\/wp-json\/wp\/v2\/product_brand?post=14468"},{"taxonomy":"product_cat","embeddable":true,"href":"https:\/\/www.retrobuddys.com\/es\/wp-json\/wp\/v2\/product_cat?post=14468"},{"taxonomy":"product_tag","embeddable":true,"href":"https:\/\/www.retrobuddys.com\/es\/wp-json\/wp\/v2\/product_tag?post=14468"}],"curies":[{"name":"wp","href":"https:\/\/api.w.org\/{rel}","templated":true}]}}