{"id":14188,"date":"2026-04-08T19:13:59","date_gmt":"2026-04-08T19:13:59","guid":{"rendered":"https:\/\/www.retrobuddys.com\/shop\/sin%20categor\u00eda\/14188\/"},"modified":"2026-04-26T11:32:13","modified_gmt":"2026-04-26T11:32:13","slug":"framethrower-pistorm-adaptador-rgbahdmi-amiga-600","status":"publish","type":"product","link":"https:\/\/www.retrobuddys.com\/es\/shop\/amiga-hw-mods-es\/amiga-600-es\/framethrower-pistorm-adaptador-rgbahdmi-amiga-600\/","title":{"rendered":"FrameThrower PiStorm Adaptador RGBaHDMI Amiga 600"},"content":{"rendered":"<h3><strong>PiStorm Addon \u00abFrameThrower\u00bb Adaptador RGBaHDMI para Amiga600<\/strong><\/h3>\n<p>El largamente esperado addon \u00abFrameThrower\u00bb para el PiStorm para Amiga 600 \u00a1por fin est\u00e1 listo!<\/p>\n<p>Este adaptador se utiliza para transmitir las se\u00f1ales RGB del Amiga 600 a HDMI a trav\u00e9s de la PiStorm. El adaptador se enchufa en la toma Denise del Amiga 600 y se conecta a la Raspberry Pi en el PiStorm mediante un cable FPC.  \u00a1Con esto por fin es posible reproducir RGB a trav\u00e9s de HDMI y esto sustituye a una conexi\u00f3n de 2\u00ba monitor a trav\u00e9s de adaptador RGB \/ 2\u00ba HDMI en el Amiga 600 y hace superfluo un adaptador RGB2HDMI adicional para los Amiga de PiStorm!<\/p>\n<p>La reproducci\u00f3n de sonido no es posible (todav\u00eda), \u00a1pero pronto se implementar\u00e1 en el software seg\u00fan Claude Schwarz!<\/p>\n<p>Ofrecemos el adaptador en 2 versiones: Edici\u00f3n Comunitaria con una gran donaci\u00f3n para Leigh (Lemaru) o como Edici\u00f3n Normal. Tambi\u00e9n puedes pedir una extensi\u00f3n HDMI con un bisel de carcasa\/ranura de impresi\u00f3n 3D no destructiva. <\/p>\n<p><strong>Al comprarnos el adaptador, est\u00e1s apoyando activamente el proyecto, \u00a1ya que parte de los beneficios van directamente al equipo!<\/strong><\/p>\n<p><strong>Caracter\u00edsticas<\/strong><\/p>\n<ul>\n<li>Para Amiga 600<\/li>\n<li>Conversor RGB a HDMI<\/li>\n<\/ul>\n<p><strong>Requisitos previos<\/strong><\/p>\n<ul>\n<li>Amiga 600<\/li>\n<li><span style=\"font-size: 14.4px;\">PiStorm 600 y RaspberryPi 3.<\/span><\/li>\n<\/ul>\n<p><strong>Volumen de suministro<\/strong><\/p>\n<ul>\n<li>FrameThrower Adaptador RGB a HDMI para Amiga 600<\/li>\n<li>Cable FFC (cinta plana) para conectar Framethrower a RaspberryPi - 10cm Amiga600 ATENCI\u00d3N \u00a1no apto para Raspberry Pi Zero2!<\/li>\n<\/ul>\n<p><strong>Versiones<\/strong><\/p>\n<ul>\n<li>Listo para funcionar = desembalar, enchufar y funcionar.<\/li>\n<li>Kit = Se incluye el z\u00f3calo PLCC y hay que soldarlo, contiene el cable FFC.<\/li>\n<li>PCB montada = S\u00f3lo la PCB montada SMD. El z\u00f3calo PLCC y el cable no est\u00e1n incluidos. <\/li>\n<\/ul>\n<p><strong>Documentaci\u00f3n<\/strong><\/p>\n<ul>\n<li>La documentaci\u00f3n sobre el proyecto puede encontrarse aqu\u00ed: <a href=\"https:\/\/github.com\/PiStorm\/Framethrower_Denise\" target=\"_blank\" rel=\"noopener\">https:\/\/github.com\/PiStorm\/Framethrower_Denise<\/a><\/li>\n<li>Informaci\u00f3n de configuraci\u00f3n: <a href=\"https:\/\/github.com\/PiStorm\/Framethrower_Denise\/blob\/main\/setup.md\" target=\"_blank\" rel=\"noopener\">https:\/\/github.com\/PiStorm\/Framethrower_Denise\/blob\/main\/setup.md<\/a><\/li>\n<li>Algunos detalles en AmiTopia =&gt; <a href=\"https:\/\/amitopia.com\/this-is-the-new-pistorm-framethrower\/\" target=\"_blank\" rel=\"noopener\">https:\/\/amitopia.com\/this-is-the-new-pistorm-framethrower\/<\/a><\/li>\n<li>Un v\u00eddeo explicativo muy bonito sobre el FrameThrower de <a href=\"https:\/\/franky-net.de\/\" target=\"_blank\" rel=\"noopener\">FrankyByte<\/a> (s\u00f3lo en alem\u00e1n) =&gt; <a href=\"https:\/\/www.youtube.com\/watch?v=Q1mRGgXmthg\" target=\"_blank\" rel=\"noopener\">https:\/\/www.youtube.com\/watch?v=Q1mRGgXmthg<\/a><\/li>\n<\/ul>\n<p>El adaptador RGB a HDMI fue desarrollado por @Claude1079 Claude Schwarz y adaptado para el Amiga 600 por Leigh Russ @LemaruX. Nos complace ofrecer un peque\u00f1o apoyo a este proyecto excepcional.<\/p>\n<p>Fabricamos internamente los adaptadores RGB a HDMI de FrameThrower.<\/p>\n","protected":false},"excerpt":{"rendered":"<h3><strong>PiStorm Addon \u00abFrameThrower\u00bb Adaptador RGMaHDMI para Amiga600<\/strong><\/h3>\n<p>El largamente esperado addon \u00abFrameThrower\u00bb para el PiStorm para Amiga 600 \u00a1por fin est\u00e1 listo!<\/p>\n<p>La reproducci\u00f3n de sonido no es posible (todav\u00eda), \u00a1pero pronto se implementar\u00e1 en el software seg\u00fan Claude Schwarz!<\/p>\n<p><strong>Al comprarnos el adaptador, est\u00e1s apoyando activamente el proyecto, \u00a1ya que parte de los beneficios van directamente al equipo!<\/strong><\/p>\n","protected":false},"featured_media":14190,"template":"","meta":[],"product_brand":[],"product_cat":[271,521,800],"product_tag":[294,1161,1162,801,273],"class_list":{"0":"post-14188","1":"product","2":"type-product","3":"status-publish","4":"has-post-thumbnail","6":"product_cat-amiga-600-es","7":"product_cat-pistorm-es-2","8":"product_cat-rgb2hdmi","9":"product_tag-amiga-600-es","10":"product_tag-ft600","11":"product_tag-lanzacuadros","12":"product_tag-lanzagramas","13":"product_tag-pistorm-es","14":"product_shipping_class-dhl-es","16":"first","17":"instock","18":"taxable","19":"shipping-taxable","20":"purchasable","21":"product-type-variable","22":"has-default-attributes"},"origins":[],"jetpack_sharing_enabled":true,"_links":{"self":[{"href":"https:\/\/www.retrobuddys.com\/es\/wp-json\/wp\/v2\/product\/14188","targetHints":{"allow":["GET"]}}],"collection":[{"href":"https:\/\/www.retrobuddys.com\/es\/wp-json\/wp\/v2\/product"}],"about":[{"href":"https:\/\/www.retrobuddys.com\/es\/wp-json\/wp\/v2\/types\/product"}],"wp:featuredmedia":[{"embeddable":true,"href":"https:\/\/www.retrobuddys.com\/es\/wp-json\/wp\/v2\/media\/14190"}],"wp:attachment":[{"href":"https:\/\/www.retrobuddys.com\/es\/wp-json\/wp\/v2\/media?parent=14188"}],"wp:term":[{"taxonomy":"product_brand","embeddable":true,"href":"https:\/\/www.retrobuddys.com\/es\/wp-json\/wp\/v2\/product_brand?post=14188"},{"taxonomy":"product_cat","embeddable":true,"href":"https:\/\/www.retrobuddys.com\/es\/wp-json\/wp\/v2\/product_cat?post=14188"},{"taxonomy":"product_tag","embeddable":true,"href":"https:\/\/www.retrobuddys.com\/es\/wp-json\/wp\/v2\/product_tag?post=14188"}],"curies":[{"name":"wp","href":"https:\/\/api.w.org\/{rel}","templated":true}]}}