{"id":13978,"date":"2026-02-26T17:17:43","date_gmt":"2026-02-26T17:17:43","guid":{"rendered":"https:\/\/www.retrobuddys.com\/shop\/sin%20categor\u00eda\/cartucho-sunsoft-coleccion-2\/"},"modified":"2026-02-26T17:17:58","modified_gmt":"2026-02-26T17:17:58","slug":"cartucho-sunsoft-coleccion-2","status":"publish","type":"product","link":"https:\/\/www.retrobuddys.com\/es\/shop\/blaze-evercade\/cartuchos\/cartucho-sunsoft-coleccion-2\/","title":{"rendered":"Cartucho Sunsoft Colecci\u00f3n 2"},"content":{"rendered":"<p>\u00a1Sunsoft vuelve a Evercade con otra gran colecci\u00f3n! Siete juegos del famoso desarrollador japon\u00e9s para disfrutar en un cartucho f\u00edsico. \u00a1Incluye grandes franquicias como Blaster Master y una selecci\u00f3n de juegos de 8, 16 y 32 bits! Cada cartucho Evercade incluye un manual de instrucciones a todo color, una caja f\u00edsica y estados de guardado para que puedas cogerlo y jugar cuando quieras. Se puede jugar en los sistemas Evercade Handheld, Evercade VS, Evercade EXP y Super Pocket.    <\/p>\n<p>- Manual a todo color que incluye<br \/>\n- G\u00e9nero: Plataformas<br \/>\n- Compatible con Evercade Handheld, Evercade VS, Evercade EXP y Super Pocket<\/p>\n<p>Se incluyen los siguientes juegos:<br \/>\n1. Aero the Acro-Bat 2<br \/>\n2. Blaster Master: Enemy Below<br \/>\n3. Blaster Master: Enemy Below. Daze Before Christmas<br \/>\n4. Galaxy Fight: Guerreros Universales<br \/>\n5. Pri Primitive Princess!<br \/>\n6. Ufouria: La Saga<br \/>\n7. Zero: La Ardilla Kamikaze  Zero la Ardilla Kamikaze<\/p>\n<p>Nota: La consola no est\u00e1 incluida.<\/p>\n","protected":false},"excerpt":{"rendered":"<p>\u00a1Sunsoft vuelve a Evercade con otra gran colecci\u00f3n! Siete juegos del famoso desarrollador japon\u00e9s para disfrutar en un cartucho f\u00edsico. \u00a1Incluye grandes franquicias como Blaster Master y una selecci\u00f3n de juegos de 8, 16 y 32 bits! Cada cartucho Evercade incluye un manual de instrucciones a todo color, una caja f\u00edsica y estados de guardado [&#8230;]\n","protected":false},"featured_media":13956,"template":"","meta":[],"product_brand":[955],"product_cat":[1002],"product_tag":[],"class_list":{"0":"post-13978","1":"product","2":"type-product","3":"status-publish","4":"has-post-thumbnail","6":"product_brand-blaze-entertainment","7":"product_cat-cartuchos","8":"product_shipping_class-maxibrief-es","10":"first","11":"instock","12":"taxable","13":"shipping-taxable","14":"purchasable","15":"product-type-simple"},"jetpack_sharing_enabled":true,"_links":{"self":[{"href":"https:\/\/www.retrobuddys.com\/es\/wp-json\/wp\/v2\/product\/13978","targetHints":{"allow":["GET"]}}],"collection":[{"href":"https:\/\/www.retrobuddys.com\/es\/wp-json\/wp\/v2\/product"}],"about":[{"href":"https:\/\/www.retrobuddys.com\/es\/wp-json\/wp\/v2\/types\/product"}],"wp:featuredmedia":[{"embeddable":true,"href":"https:\/\/www.retrobuddys.com\/es\/wp-json\/wp\/v2\/media\/13956"}],"wp:attachment":[{"href":"https:\/\/www.retrobuddys.com\/es\/wp-json\/wp\/v2\/media?parent=13978"}],"wp:term":[{"taxonomy":"product_brand","embeddable":true,"href":"https:\/\/www.retrobuddys.com\/es\/wp-json\/wp\/v2\/product_brand?post=13978"},{"taxonomy":"product_cat","embeddable":true,"href":"https:\/\/www.retrobuddys.com\/es\/wp-json\/wp\/v2\/product_cat?post=13978"},{"taxonomy":"product_tag","embeddable":true,"href":"https:\/\/www.retrobuddys.com\/es\/wp-json\/wp\/v2\/product_tag?post=13978"}],"curies":[{"name":"wp","href":"https:\/\/api.w.org\/{rel}","templated":true}]}}