{"id":13942,"date":"2026-02-26T17:12:27","date_gmt":"2026-02-26T17:12:27","guid":{"rendered":"https:\/\/www.retrobuddys.com\/shop\/sin%20categor\u00eda\/cartucho-taito-arcade-3\/"},"modified":"2026-02-26T17:12:49","modified_gmt":"2026-02-26T17:12:49","slug":"cartucho-taito-arcade-3","status":"publish","type":"product","link":"https:\/\/www.retrobuddys.com\/es\/shop\/blaze-evercade\/cartuchos\/cartucho-taito-arcade-3\/","title":{"rendered":"Cartucho Taito Arcade 3"},"content":{"rendered":"<p>\u00a19 cl\u00e1sicos arcade m\u00e1s de TAITO para Evercade! Vuelve al arcade con otra colecci\u00f3n de cl\u00e1sicos de TAITO, entre los que se incluyen el popular PUZZLE BOBBLE, el abstracto QIX, la aventura de acci\u00f3n cooperativa CADASH y \u00a1mucho m\u00e1s! <\/p>\n<p>- Manual a todo color incluido<br \/>\n- G\u00e9neros incluidos: Acci\u00f3n, Deportes y Puzle<br \/>\n- Compatible con todos los dispositivos Evercade, incluidos Alpha Bartop Arcades, VS-Rs, EXP-Rs y Super Pockets<br \/>\n- Evercade ofrece m\u00e1s de 600 juegos en m\u00e1s de 75 m\u00f3dulos con licencias de proveedores como TAITO, Activision, Rare, NEOGEO y muchos m\u00e1s<br \/>\n- Con licencia oficial y emulaci\u00f3n de primera clase<\/p>\n<p>Se incluyen los siguientes juegos:<br \/>\n1. Cadsh<br \/>\n2. Football Champ  Football Champ<br \/>\n3. Qix<br \/>\n4. Camel Try<br \/>\n5. Rescate Lunar<br \/>\n6. La Historia de Fairland<br \/>\n7. Globo Loco<br \/>\n8. Puzzle Bobble<br \/>\n9. El Guardi\u00e1n del Zoo<\/p>\n<p>Nota: La consola no est\u00e1 incluida.<\/p>\n","protected":false},"excerpt":{"rendered":"<p>\u00a19 cl\u00e1sicos arcade m\u00e1s de TAITO para Evercade! Vuelve al arcade con otra colecci\u00f3n de cl\u00e1sicos de TAITO, entre los que se incluyen el popular PUZZLE BOBBLE, el abstracto QIX, la aventura de acci\u00f3n cooperativa CADASH y \u00a1mucho m\u00e1s! - Manual a todo color incluido - G\u00e9neros incluidos: Acci\u00f3n, Deportes y Puzle - Compatible con [&#8230;]\n","protected":false},"featured_media":10377,"template":"","meta":[],"product_brand":[955],"product_cat":[1002],"product_tag":[969,843,989],"class_list":{"0":"post-13942","1":"product","2":"type-product","3":"status-publish","4":"has-post-thumbnail","6":"product_brand-blaze-entertainment","7":"product_cat-cartuchos","8":"product_tag-blaze","9":"product_tag-cartucho","10":"product_tag-evercade","11":"product_shipping_class-maxibrief-es","13":"first","14":"instock","15":"taxable","16":"shipping-taxable","17":"purchasable","18":"product-type-simple"},"jetpack_sharing_enabled":true,"_links":{"self":[{"href":"https:\/\/www.retrobuddys.com\/es\/wp-json\/wp\/v2\/product\/13942","targetHints":{"allow":["GET"]}}],"collection":[{"href":"https:\/\/www.retrobuddys.com\/es\/wp-json\/wp\/v2\/product"}],"about":[{"href":"https:\/\/www.retrobuddys.com\/es\/wp-json\/wp\/v2\/types\/product"}],"wp:featuredmedia":[{"embeddable":true,"href":"https:\/\/www.retrobuddys.com\/es\/wp-json\/wp\/v2\/media\/10377"}],"wp:attachment":[{"href":"https:\/\/www.retrobuddys.com\/es\/wp-json\/wp\/v2\/media?parent=13942"}],"wp:term":[{"taxonomy":"product_brand","embeddable":true,"href":"https:\/\/www.retrobuddys.com\/es\/wp-json\/wp\/v2\/product_brand?post=13942"},{"taxonomy":"product_cat","embeddable":true,"href":"https:\/\/www.retrobuddys.com\/es\/wp-json\/wp\/v2\/product_cat?post=13942"},{"taxonomy":"product_tag","embeddable":true,"href":"https:\/\/www.retrobuddys.com\/es\/wp-json\/wp\/v2\/product_tag?post=13942"}],"curies":[{"name":"wp","href":"https:\/\/api.w.org\/{rel}","templated":true}]}}