{"id":13870,"date":"2026-02-22T09:48:12","date_gmt":"2026-02-22T09:48:12","guid":{"rendered":"https:\/\/www.retrobuddys.com\/shop\/sin%20categor\u00eda\/commodore-c64-lumafix64-v1-2-novedad\/"},"modified":"2026-02-22T10:25:19","modified_gmt":"2026-02-22T10:25:19","slug":"commodore-c64-lumafix64-v1-2-novedad","status":"publish","type":"product","link":"https:\/\/www.retrobuddys.com\/es\/shop\/c64\/commodore-c64-lumafix64-v1-2-novedad\/","title":{"rendered":"Commodore C64 LumaFix64 V1.2 *Novedad"},"content":{"rendered":"<h3>Commodore C64 LumaFix64 V1.2 *Novedad<\/h3>\n<p>LumaFix64 fue desarrollado por <a href=\"https:\/\/www.lemon64.com\/forum\/viewtopic.php?t=40570&amp;start=375\" target=\"_blank\" rel=\"noopener\">e5Frog<\/a> y este m\u00f3dulo es una personalizaci\u00f3n de Sven Petersen.<br \/>\nEst\u00e1 dise\u00f1ado para eliminar las l\u00edneas verticales de la imagen del C64 causadas tambi\u00e9n por las se\u00f1ales del chip de v\u00eddeo VIC-II. Tiene un ajuste de la se\u00f1al de croma que puede ayudar a reducir los problemas asociados a la conexi\u00f3n S-Video de los televisores y LCD modernos. LumaFix64 ayuda a eliminar el problema invirtiendo las se\u00f1ales interferentes y devolvi\u00e9ndolas a la se\u00f1al luma.  <\/p>\n<p>\u00a1No es necesario soldar! S\u00f3lo tienes que retirar con cuidado el chip VIC-II de la placa base del C64 con un destornillador plano e insertar el LumaFix64 en el z\u00f3calo VIC-II, despu\u00e9s inserta el chip VIC-II en el LumaFix64 y vuelve a atornillar tu C64. <\/p>\n<p>Puedes encontrar m\u00e1s informaci\u00f3n en: <a href=\"https:\/\/breadbox64.com\/blog\/the-lumafix64-mod\/\" target=\"_blank\" rel=\"noopener\">https:\/\/breadbox64.com\/blog\/the-lumafix64-mod\/<\/a><\/p>\n<p>Muchas gracias a <a href=\"https:\/\/www.lemon64.com\/forum\/viewtopic.php?t=40570&amp;start=375\" target=\"_blank\" rel=\"noopener\">e5Frog<\/a> y a Sven Petersen: <a href=\"https:\/\/github.com\/svenpetersen1965\/LumaFix64\" target=\"_blank\" rel=\"noopener\">https:\/\/github.com\/svenpetersen1965\/LumaFix64<\/a><\/p>\n","protected":false},"excerpt":{"rendered":"<p>Commodore C64 LumaFix64 V1.2 *Novedad LumaFix64 fue desarrollado por e5Frog y este m\u00f3dulo es una personalizaci\u00f3n de Sven Petersen. Est\u00e1 dise\u00f1ado para eliminar las l\u00edneas verticales de la imagen del C64 causadas tambi\u00e9n por las se\u00f1ales del chip de v\u00eddeo VIC-II. Tiene un ajuste de la se\u00f1al de croma que puede ayudar a reducir los [&#8230;]\n","protected":false},"featured_media":13871,"template":"","meta":[],"product_brand":[925],"product_cat":[825],"product_tag":[1133,827,1132],"class_list":{"0":"post-13870","1":"product","2":"type-product","3":"status-publish","4":"has-post-thumbnail","6":"product_brand-retro-buddys","7":"product_cat-c64","8":"product_tag-av","9":"product_tag-c64","10":"product_tag-lumafix","11":"product_shipping_class-maxibrief-es","13":"first","14":"instock","15":"taxable","16":"shipping-taxable","17":"purchasable","18":"product-type-simple"},"jetpack_sharing_enabled":true,"_links":{"self":[{"href":"https:\/\/www.retrobuddys.com\/es\/wp-json\/wp\/v2\/product\/13870","targetHints":{"allow":["GET"]}}],"collection":[{"href":"https:\/\/www.retrobuddys.com\/es\/wp-json\/wp\/v2\/product"}],"about":[{"href":"https:\/\/www.retrobuddys.com\/es\/wp-json\/wp\/v2\/types\/product"}],"wp:featuredmedia":[{"embeddable":true,"href":"https:\/\/www.retrobuddys.com\/es\/wp-json\/wp\/v2\/media\/13871"}],"wp:attachment":[{"href":"https:\/\/www.retrobuddys.com\/es\/wp-json\/wp\/v2\/media?parent=13870"}],"wp:term":[{"taxonomy":"product_brand","embeddable":true,"href":"https:\/\/www.retrobuddys.com\/es\/wp-json\/wp\/v2\/product_brand?post=13870"},{"taxonomy":"product_cat","embeddable":true,"href":"https:\/\/www.retrobuddys.com\/es\/wp-json\/wp\/v2\/product_cat?post=13870"},{"taxonomy":"product_tag","embeddable":true,"href":"https:\/\/www.retrobuddys.com\/es\/wp-json\/wp\/v2\/product_tag?post=13870"}],"curies":[{"name":"wp","href":"https:\/\/api.w.org\/{rel}","templated":true}]}}