{"id":13835,"date":"2026-02-22T09:39:55","date_gmt":"2026-02-22T09:39:55","guid":{"rendered":"https:\/\/www.retrobuddys.com\/shop\/sin%20categor\u00eda\/adaptador-av-commodore-c64-c128-s-video-compuesto-y-audio-i-d\/"},"modified":"2026-02-22T10:29:21","modified_gmt":"2026-02-22T10:29:21","slug":"adaptador-av-commodore-c64-c128-s-video-compuesto-y-audio-i-d","status":"publish","type":"product","link":"https:\/\/www.retrobuddys.com\/es\/shop\/c64\/adaptador-av-commodore-c64-c128-s-video-compuesto-y-audio-i-d\/","title":{"rendered":"Adaptador AV Commodore C64 \/ C128 - S-V\u00eddeo Compuesto y Audio I\/D"},"content":{"rendered":"<h1>Adaptador AV Commodore C64 \/ C128 - S-V\u00eddeo Compuesto y Audio I\/D<\/h1>\n<p>Puedes elegir entre salida de v\u00eddeo compuesto y S-V\u00eddeo para conectar pantallas modernas y antiguas a tu C64 y C128.<br \/>\nS\u00f3lo utilizamos Lumberg SV80 de alta calidad para la entrada C 64, \u00a1y no copias chinas baratas!<\/p>\n<p>Puedes elegir uno de los 5 colores para la carcasa. No se recomienda su uso sin carcasa. <\/p>\n<p>Muchas gracias a Sven Petersen por el dise\u00f1o! <a href=\"https:\/\/github.com\/svenpetersen1965\/C64-A-V-Adaptor\" target=\"_blank\" rel=\"noopener\">https:\/\/github.com\/svenpetersen1965\/C64-A-V-Adaptor<\/a><\/p>\n","protected":false},"excerpt":{"rendered":"<p>Adaptador AV Commodore C64 \/ C128 - S-V\u00eddeo Compuesto y Audio I\/D Puedes elegir entre salida de v\u00eddeo compuesto y S-V\u00eddeo para conectar pantallas modernas y antiguas a tu C64 y C128. S\u00f3lo utilizamos Lumberg SV80 de alta calidad para la entrada C 64, \u00a1y no copias chinas baratas! Puedes elegir uno de los 5 [&#8230;]\n","protected":false},"featured_media":13836,"template":"","meta":[],"product_brand":[925],"product_cat":[825],"product_tag":[1122,827,1123],"class_list":{"0":"post-13835","1":"product","2":"type-product","3":"status-publish","4":"has-post-thumbnail","6":"product_brand-retro-buddys","7":"product_cat-c64","8":"product_tag-adaptador-av","9":"product_tag-c64","10":"product_tag-video","11":"product_shipping_class-maxibrief-es","13":"first","14":"instock","15":"taxable","16":"shipping-taxable","17":"purchasable","18":"product-type-variable","19":"has-default-attributes"},"jetpack_sharing_enabled":true,"_links":{"self":[{"href":"https:\/\/www.retrobuddys.com\/es\/wp-json\/wp\/v2\/product\/13835","targetHints":{"allow":["GET"]}}],"collection":[{"href":"https:\/\/www.retrobuddys.com\/es\/wp-json\/wp\/v2\/product"}],"about":[{"href":"https:\/\/www.retrobuddys.com\/es\/wp-json\/wp\/v2\/types\/product"}],"wp:featuredmedia":[{"embeddable":true,"href":"https:\/\/www.retrobuddys.com\/es\/wp-json\/wp\/v2\/media\/13836"}],"wp:attachment":[{"href":"https:\/\/www.retrobuddys.com\/es\/wp-json\/wp\/v2\/media?parent=13835"}],"wp:term":[{"taxonomy":"product_brand","embeddable":true,"href":"https:\/\/www.retrobuddys.com\/es\/wp-json\/wp\/v2\/product_brand?post=13835"},{"taxonomy":"product_cat","embeddable":true,"href":"https:\/\/www.retrobuddys.com\/es\/wp-json\/wp\/v2\/product_cat?post=13835"},{"taxonomy":"product_tag","embeddable":true,"href":"https:\/\/www.retrobuddys.com\/es\/wp-json\/wp\/v2\/product_tag?post=13835"}],"curies":[{"name":"wp","href":"https:\/\/api.w.org\/{rel}","templated":true}]}}