{"id":13819,"date":"2026-02-22T09:18:01","date_gmt":"2026-02-22T09:18:01","guid":{"rendered":"https:\/\/www.retrobuddys.com\/shop\/sin categor\u00eda\/amiga-600-recap-kit-todas-las-revisiones-de-placa-base\/"},"modified":"2026-02-22T09:18:01","modified_gmt":"2026-02-22T09:18:01","slug":"amiga-600-recap-kit-todas-las-revisiones-de-placa-base","status":"publish","type":"product","link":"https:\/\/www.retrobuddys.com\/es\/shop\/amiga-hw-mods-es\/amiga-600-es\/amiga-600-recap-kit-todas-las-revisiones-de-placa-base\/","title":{"rendered":"Amiga 600 Recap Kit todas las revisiones de placa base"},"content":{"rendered":"<h1>Amiga 600 Recap Kit todas las revisiones<\/h1>\n<p>Nuevos condensadores de gama alta para el Amiga 600 para todas las revisiones de la placa base. Sustituya los condensadores de su Amiga antes de que sea demasiado tarde y los condensadores originales de m\u00e1s de 30 a\u00f1os tengan fugas y provoquen da\u00f1os importantes en la placa base.<\/p>\n<p><span style=\"font-family: Verdana;\"><b>19 condensadores para Amiga1200:<\/b><\/span><\/p>\n<div>\n<ul>\n<li><span style=\"font-family: Verdana;\">2x 1000 uF, 16V, radial<\/span><\/li>\n<li><span style=\"font-family: Verdana;\">2x 470 uF, 16V, radial<\/span><\/li>\n<li><span style=\"font-family: Verdana;\">4x 100 uF, 6,3 V, electrolito de aluminio SMD<\/span><\/li>\n<li><span style=\"font-family: Verdana;\">2x 47 uF, 16V, electrolito de aluminio SMD<\/span><\/li>\n<li><span style=\"font-family: Verdana;\">5x 22 uF, 25V, electrolito de aluminio SMD<\/span><\/li>\n<li><span style=\"font-family: Verdana;\">4x 10 uF, 25V, electrolito de aluminio SMD<\/span><\/li>\n<\/ul>\n<\/div>\n<p>S\u00f3lo utilizamos condensadores \u00abLonglife\u00bb de alta calidad de W\u00fcrth, Vishay, Rubycon e Illinois.<br \/>\nTen en cuenta que los condensadores s\u00f3lo deben ser sustituidos por un especialista. No aceptamos ninguna garant\u00eda por instalaci\u00f3n incorrecta.<\/p>\n","protected":false},"excerpt":{"rendered":"<p>Amiga 600 Recap Kit todas las revisiones Nuevos condensadores de gama alta para el Amiga 600 para todas las revisiones de la placa base. Sustituya los condensadores de su Amiga antes de que sea demasiado tarde y los condensadores originales de m\u00e1s de 30 a\u00f1os tengan fugas y provoquen da\u00f1os importantes en la placa base. [&#8230;]\n","protected":false},"featured_media":13820,"template":"","meta":[],"product_brand":[925],"product_cat":[271,417],"product_tag":[294,291,1116,289],"class_list":{"0":"post-13819","1":"product","2":"type-product","3":"status-publish","4":"has-post-thumbnail","6":"product_brand-retro-buddys","7":"product_cat-amiga-600-es","8":"product_cat-componentes-bases-y-piezas","9":"product_tag-amiga-600-es","10":"product_tag-condensadores","11":"product_tag-kit-de-recapitulacion","12":"product_tag-recapitulemos","13":"product_shipping_class-letra-grande","15":"first","16":"instock","17":"taxable","18":"shipping-taxable","19":"purchasable","20":"product-type-simple"},"jetpack_sharing_enabled":true,"_links":{"self":[{"href":"https:\/\/www.retrobuddys.com\/es\/wp-json\/wp\/v2\/product\/13819","targetHints":{"allow":["GET"]}}],"collection":[{"href":"https:\/\/www.retrobuddys.com\/es\/wp-json\/wp\/v2\/product"}],"about":[{"href":"https:\/\/www.retrobuddys.com\/es\/wp-json\/wp\/v2\/types\/product"}],"wp:featuredmedia":[{"embeddable":true,"href":"https:\/\/www.retrobuddys.com\/es\/wp-json\/wp\/v2\/media\/13820"}],"wp:attachment":[{"href":"https:\/\/www.retrobuddys.com\/es\/wp-json\/wp\/v2\/media?parent=13819"}],"wp:term":[{"taxonomy":"product_brand","embeddable":true,"href":"https:\/\/www.retrobuddys.com\/es\/wp-json\/wp\/v2\/product_brand?post=13819"},{"taxonomy":"product_cat","embeddable":true,"href":"https:\/\/www.retrobuddys.com\/es\/wp-json\/wp\/v2\/product_cat?post=13819"},{"taxonomy":"product_tag","embeddable":true,"href":"https:\/\/www.retrobuddys.com\/es\/wp-json\/wp\/v2\/product_tag?post=13819"}],"curies":[{"name":"wp","href":"https:\/\/api.w.org\/{rel}","templated":true}]}}