{"id":13799,"date":"2026-02-22T09:07:17","date_gmt":"2026-02-22T09:07:17","guid":{"rendered":"https:\/\/www.retrobuddys.com\/?post_type=product&#038;p=13799"},"modified":"2026-02-22T09:09:48","modified_gmt":"2026-02-22T09:09:48","slug":"kit-de-reparacion-amiga-500-rev-6a-kopie-2","status":"publish","type":"product","link":"https:\/\/www.retrobuddys.com\/es\/shop\/amiga-hw-mods-es\/amiga-500-es\/kit-de-reparacion-amiga-500-rev-6a-kopie-2\/","title":{"rendered":"Kit de reparaci\u00f3n Amiga 500 Rev 3 + Rev 5"},"content":{"rendered":"<h1>Kit de reparaci\u00f3n para Amiga 500 Rev 3 y Rev 5<\/h1>\n<p>Nuevos condensadores de gama alta para la revisi\u00f3n 3+5 de la placa Amiga 500. Sustituya los condensadores de su Amiga antes de que sea demasiado tarde y los condensadores originales de m\u00e1s de 30 a\u00f1os tengan fugas y provoquen da\u00f1os importantes en la placa base.<\/p>\n<p><strong>17 condensadores para Rev 3+5:<\/strong><\/p>\n<ul>\n<li>2x 3300 uF, 16V<\/li>\n<li>2x 100 uF 16V<\/li>\n<li>6x 47 uF, 25V<\/li>\n<li>4x 22 uF, 35V<\/li>\n<li>2x 10 uF, 50V<\/li>\n<\/ul>\n<p>S\u00f3lo utilizamos condensadores de Rubycon y W\u00fcrth.<br \/>\nTen en cuenta que los condensadores s\u00f3lo deben ser sustituidos por un especialista. No aceptamos ninguna garant\u00eda por instalaci\u00f3n incorrecta.<\/p>\n","protected":false},"excerpt":{"rendered":"<p>Kit de reparaci\u00f3n para Amiga 500 Rev 3 y Rev 5 Nuevos condensadores de gama alta para la revisi\u00f3n 3+5 de la placa Amiga 500. Sustituya los condensadores de su Amiga antes de que sea demasiado tarde y los condensadores originales de m\u00e1s de 30 a\u00f1os tengan fugas y provoquen da\u00f1os importantes en la placa [&#8230;]\n","protected":false},"featured_media":13804,"template":"","meta":[],"product_brand":[925],"product_cat":[242,234,286,264,268],"product_tag":[288,291,290,289,1113,1114],"class_list":{"0":"post-13799","1":"product","2":"type-product","3":"status-publish","4":"has-post-thumbnail","6":"product_brand-retro-buddys","7":"product_cat-amiga-500-es","8":"product_cat-amiga-hw-mods-es","9":"product_cat-cables-y-piezas-pequenas","10":"product_cat-placas-de-circuito-impreso-pcb","11":"product_cat-varios","12":"product_tag-amiga-500-es","13":"product_tag-condensadores","14":"product_tag-kit-es","15":"product_tag-recapitulemos","16":"product_tag-rev-3","17":"product_tag-rev-5","18":"product_shipping_class-maxibrief-es","20":"first","21":"instock","22":"taxable","23":"shipping-taxable","24":"purchasable","25":"product-type-simple"},"jetpack_sharing_enabled":true,"_links":{"self":[{"href":"https:\/\/www.retrobuddys.com\/es\/wp-json\/wp\/v2\/product\/13799","targetHints":{"allow":["GET"]}}],"collection":[{"href":"https:\/\/www.retrobuddys.com\/es\/wp-json\/wp\/v2\/product"}],"about":[{"href":"https:\/\/www.retrobuddys.com\/es\/wp-json\/wp\/v2\/types\/product"}],"wp:featuredmedia":[{"embeddable":true,"href":"https:\/\/www.retrobuddys.com\/es\/wp-json\/wp\/v2\/media\/13804"}],"wp:attachment":[{"href":"https:\/\/www.retrobuddys.com\/es\/wp-json\/wp\/v2\/media?parent=13799"}],"wp:term":[{"taxonomy":"product_brand","embeddable":true,"href":"https:\/\/www.retrobuddys.com\/es\/wp-json\/wp\/v2\/product_brand?post=13799"},{"taxonomy":"product_cat","embeddable":true,"href":"https:\/\/www.retrobuddys.com\/es\/wp-json\/wp\/v2\/product_cat?post=13799"},{"taxonomy":"product_tag","embeddable":true,"href":"https:\/\/www.retrobuddys.com\/es\/wp-json\/wp\/v2\/product_tag?post=13799"}],"curies":[{"name":"wp","href":"https:\/\/api.w.org\/{rel}","templated":true}]}}