{"id":13701,"date":"2026-02-22T08:44:19","date_gmt":"2026-02-22T08:44:19","guid":{"rendered":"https:\/\/www.retrobuddys.com\/shop\/sin%20categor\u00eda\/conjunto-de-recambio-commodore-c64-326298\/"},"modified":"2026-02-22T08:44:47","modified_gmt":"2026-02-22T08:44:47","slug":"conjunto-de-recambio-commodore-c64-326298","status":"publish","type":"product","link":"https:\/\/www.retrobuddys.com\/es\/shop\/c64\/conjunto-de-recambio-commodore-c64-326298\/","title":{"rendered":"Conjunto de recambio Commodore C64 326298"},"content":{"rendered":"<h1>Conjunto C64 326298 Kit de recambio<\/h1>\n<p>Nuevos condensadores de alta gama para el conjunto 326298 del C64. Sustituye los condensadores de tu C64 antes de que sea demasiado tarde y los condensadores originales de m\u00e1s de 30 a\u00f1os tengan fugas y causen da\u00f1os importantes en la placa base. <\/p>\n<p><span style=\"font-family: Verdana;\"><b>18 condensadores para el conjunto 326298:<\/b><\/span><\/p>\n<div>\n<ul>\n<li><span style=\"font-family: Verdana;\">1x 2200 uF, 16V, axial<\/span><\/li>\n<li><span style=\"font-family: Verdana;\">2x 470 uF, 25V, axial<\/span><\/li>\n<li><span style=\"font-family: Verdana;\">1x 100 uF, 16V<\/span><\/li>\n<li><span style=\"font-family: Verdana;\">13x 10 uF, 50V<\/span><\/li>\n<li><span style=\"font-family: Verdana;\">1x 4,7 nF, Disco cer\u00e1mico<\/span><\/li>\n<\/ul>\n<\/div>\n<p>S\u00f3lo utilizamos condensadores \u00abLonglife\u00bb de alta calidad de W\u00fcrth, Vishay, Rubycon, Illinois y W\u00fcrth.<br \/>\nTen en cuenta que los condensadores s\u00f3lo deben ser sustituidos por un especialista. No aceptamos ninguna garant\u00eda por instalaci\u00f3n incorrecta.<\/p>\n","protected":false},"excerpt":{"rendered":"<p>Conjunto C64 326298 Kit de recambio Nuevos condensadores de alta gama para el conjunto 326298 del C64. Sustituye los condensadores de tu C64 antes de que sea demasiado tarde y los condensadores originales de m\u00e1s de 30 a\u00f1os tengan fugas y causen da\u00f1os importantes en la placa base. 18 condensadores para el conjunto 326298: 1x [&#8230;]\n","protected":false},"featured_media":13704,"template":"","meta":[],"product_brand":[925],"product_cat":[825,417],"product_tag":[1079,1042,827,1078,289],"class_list":{"0":"post-13701","1":"product","2":"type-product","3":"status-publish","4":"has-post-thumbnail","6":"product_brand-retro-buddys","7":"product_cat-c64","8":"product_cat-componentes-bases-y-piezas","9":"product_tag-1079","10":"product_tag-c-64","11":"product_tag-c64","12":"product_tag-commodore","13":"product_tag-recapitulemos","14":"product_shipping_class-letra-grande","16":"first","17":"instock","18":"taxable","19":"shipping-taxable","20":"purchasable","21":"product-type-simple"},"jetpack_sharing_enabled":true,"_links":{"self":[{"href":"https:\/\/www.retrobuddys.com\/es\/wp-json\/wp\/v2\/product\/13701","targetHints":{"allow":["GET"]}}],"collection":[{"href":"https:\/\/www.retrobuddys.com\/es\/wp-json\/wp\/v2\/product"}],"about":[{"href":"https:\/\/www.retrobuddys.com\/es\/wp-json\/wp\/v2\/types\/product"}],"wp:featuredmedia":[{"embeddable":true,"href":"https:\/\/www.retrobuddys.com\/es\/wp-json\/wp\/v2\/media\/13704"}],"wp:attachment":[{"href":"https:\/\/www.retrobuddys.com\/es\/wp-json\/wp\/v2\/media?parent=13701"}],"wp:term":[{"taxonomy":"product_brand","embeddable":true,"href":"https:\/\/www.retrobuddys.com\/es\/wp-json\/wp\/v2\/product_brand?post=13701"},{"taxonomy":"product_cat","embeddable":true,"href":"https:\/\/www.retrobuddys.com\/es\/wp-json\/wp\/v2\/product_cat?post=13701"},{"taxonomy":"product_tag","embeddable":true,"href":"https:\/\/www.retrobuddys.com\/es\/wp-json\/wp\/v2\/product_tag?post=13701"}],"curies":[{"name":"wp","href":"https:\/\/api.w.org\/{rel}","templated":true}]}}