{"id":12013,"date":"2026-02-08T19:55:40","date_gmt":"2026-02-08T19:55:40","guid":{"rendered":"https:\/\/www.retrobuddys.com\/shop\/sin%20categor\u00eda\/kit-de-accesorios-hd-64\/"},"modified":"2026-02-08T20:09:41","modified_gmt":"2026-02-08T20:09:41","slug":"kit-de-accesorios-hd-64","status":"publish","type":"product","link":"https:\/\/www.retrobuddys.com\/es\/shop\/c64\/kit-de-accesorios-hd-64\/","title":{"rendered":"Kit de accesorios HD-64"},"content":{"rendered":"<p>Kit de accesorios HD-64 compuesto por<\/p>\n<ul>\n<li>2 Intercalador<\/li>\n<li>2 Clavijas de M\u00e1quina 2&#215;20<\/li>\n<li>4 cabezales de clavija macho 1&#215;4<\/li>\n<li>4 Clavijas hembra 1&#215;4<\/li>\n<li>8 tornillos y 8 tuercas<\/li>\n<\/ul>\n<p>El kit se puede utilizar para preparar 2 C-64 HD-64 m\u00e1s. El m\u00f3dulo HD-64, si no est\u00e1 instalado en los longboards, simplemente se puede cambiar de sitio. Por supuesto, los intercaladores rotos tambi\u00e9n se pueden sustituir con el kit.  <\/p>\n<p>&nbsp;<\/p>\n","protected":false},"excerpt":{"rendered":"<p>Kit de accesorios HD-64 compuesto por 2 Intercalador 2 Clavijas de M\u00e1quina 2&#215;20 4 cabezales de clavija macho 1&#215;4 4 Clavijas hembra 1&#215;4 8 tornillos y 8 tuercas El kit se puede utilizar para preparar 2 C-64 HD-64 m\u00e1s. El m\u00f3dulo HD-64, si no est\u00e1 instalado en los longboards, simplemente se puede cambiar de sitio. [&#8230;]\n","protected":false},"featured_media":12014,"template":"","meta":[],"product_brand":[925],"product_cat":[825],"product_tag":[1042,827,1069],"class_list":{"0":"post-12013","1":"product","2":"type-product","3":"status-publish","4":"has-post-thumbnail","6":"product_brand-retro-buddys","7":"product_cat-c64","8":"product_tag-c-64","9":"product_tag-c64","10":"product_tag-hd-64","11":"product_shipping_class-maxibrief-es","13":"first","14":"instock","15":"taxable","16":"shipping-taxable","17":"purchasable","18":"product-type-simple"},"jetpack_sharing_enabled":true,"_links":{"self":[{"href":"https:\/\/www.retrobuddys.com\/es\/wp-json\/wp\/v2\/product\/12013","targetHints":{"allow":["GET"]}}],"collection":[{"href":"https:\/\/www.retrobuddys.com\/es\/wp-json\/wp\/v2\/product"}],"about":[{"href":"https:\/\/www.retrobuddys.com\/es\/wp-json\/wp\/v2\/types\/product"}],"wp:featuredmedia":[{"embeddable":true,"href":"https:\/\/www.retrobuddys.com\/es\/wp-json\/wp\/v2\/media\/12014"}],"wp:attachment":[{"href":"https:\/\/www.retrobuddys.com\/es\/wp-json\/wp\/v2\/media?parent=12013"}],"wp:term":[{"taxonomy":"product_brand","embeddable":true,"href":"https:\/\/www.retrobuddys.com\/es\/wp-json\/wp\/v2\/product_brand?post=12013"},{"taxonomy":"product_cat","embeddable":true,"href":"https:\/\/www.retrobuddys.com\/es\/wp-json\/wp\/v2\/product_cat?post=12013"},{"taxonomy":"product_tag","embeddable":true,"href":"https:\/\/www.retrobuddys.com\/es\/wp-json\/wp\/v2\/product_tag?post=12013"}],"curies":[{"name":"wp","href":"https:\/\/api.w.org\/{rel}","templated":true}]}}