{"id":11988,"date":"2026-02-08T18:41:19","date_gmt":"2026-02-08T18:41:19","guid":{"rendered":"https:\/\/www.retrobuddys.com\/shop\/sin categor\u00eda\/cartucho-indie-heroes-collection-4\/"},"modified":"2026-02-08T18:41:19","modified_gmt":"2026-02-08T18:41:19","slug":"cartucho-indie-heroes-collection-4","status":"publish","type":"product","link":"https:\/\/www.retrobuddys.com\/es\/shop\/blaze-evercade\/cartuchos\/cartucho-indie-heroes-collection-4\/","title":{"rendered":"Cartucho Indie Heroes Collection 4"},"content":{"rendered":"<p>Indie Heroes vuelve con 11 nuevos juegos retro modernos para las consolas Evercade. La cuarta entrega incluye la acci\u00f3n de excavar y bombardear de Murtop, el juego de plataformas saltar\u00edn de Flea!2, la descarada aventura de apuntar y hacer clic de Batty Zabella y mucho m\u00e1s!<br \/>\n- Manual en color incluido<br \/>\n- Nuevos juegos para plataformas cl\u00e1sicas: \u00a1la experiencia retro moderna!<br \/>\n- 11 nuevos juegos para las consolas Evercade 11 nuevos juegos para consolas Evercade<br \/>\n- G\u00e9neros: plataformas, estrategia, aventura, acci\u00f3n, puzzle, shoot&#8217;em up<br \/>\n- Compatible con todos los dispositivos Evercade (port\u00e1til, Evercade VS, Evercade VS-R, Evercade EXP, Evercade EXP-R) y consolas Super Pocket.<\/p>\n<p>Se incluyen los siguientes juegos:<br \/>\n01. Curse of Illmoore Bay<br \/>\n02. Block&#8217;em Sock&#8217;em<br \/>\n03. Nyghtmare: The Ninth King<br \/>\n04. Jane Austen&#8217;s 8-Bit Adventure<br \/>\n05. Collie Defence<br \/>\n06. Batty Zabella<br \/>\n07. Flea!2<br \/>\n08. Murtop<br \/>\n09. Soko Banana<br \/>\n10. Soko Banana. Semilla Estelar<br \/>\n11. Block Droppin<\/p>\n<p>Nota: Para sacar el m\u00e1ximo partido a este cartucho, es posible que tu sistema Evercade necesite una actualizaci\u00f3n del firmware a la \u00faltima versi\u00f3n.<br \/>\nNota: La consola no est\u00e1 incluida.<\/p>\n","protected":false},"excerpt":{"rendered":"<p>Indie Heroes vuelve con 11 nuevos juegos retro modernos para las consolas Evercade. La cuarta entrega incluye la acci\u00f3n de excavar y bombardear de Murtop, el juego de plataformas saltar\u00edn de Flea!2, la descarada aventura de apuntar y hacer clic de Batty Zabella y mucho m\u00e1s! - Manual en color incluido - Nuevos juegos para [&#8230;]\n","protected":false},"featured_media":11965,"template":"","meta":[],"product_brand":[955],"product_cat":[1002],"product_tag":[969,843,989],"class_list":{"0":"post-11988","1":"product","2":"type-product","3":"status-publish","4":"has-post-thumbnail","6":"product_brand-blaze-entertainment","7":"product_cat-cartuchos","8":"product_tag-blaze","9":"product_tag-cartucho","10":"product_tag-evercade","11":"product_shipping_class-maxibrief-es","13":"first","14":"instock","15":"taxable","16":"shipping-taxable","17":"purchasable","18":"product-type-simple"},"jetpack_sharing_enabled":true,"_links":{"self":[{"href":"https:\/\/www.retrobuddys.com\/es\/wp-json\/wp\/v2\/product\/11988","targetHints":{"allow":["GET"]}}],"collection":[{"href":"https:\/\/www.retrobuddys.com\/es\/wp-json\/wp\/v2\/product"}],"about":[{"href":"https:\/\/www.retrobuddys.com\/es\/wp-json\/wp\/v2\/types\/product"}],"wp:featuredmedia":[{"embeddable":true,"href":"https:\/\/www.retrobuddys.com\/es\/wp-json\/wp\/v2\/media\/11965"}],"wp:attachment":[{"href":"https:\/\/www.retrobuddys.com\/es\/wp-json\/wp\/v2\/media?parent=11988"}],"wp:term":[{"taxonomy":"product_brand","embeddable":true,"href":"https:\/\/www.retrobuddys.com\/es\/wp-json\/wp\/v2\/product_brand?post=11988"},{"taxonomy":"product_cat","embeddable":true,"href":"https:\/\/www.retrobuddys.com\/es\/wp-json\/wp\/v2\/product_cat?post=11988"},{"taxonomy":"product_tag","embeddable":true,"href":"https:\/\/www.retrobuddys.com\/es\/wp-json\/wp\/v2\/product_tag?post=11988"}],"curies":[{"name":"wp","href":"https:\/\/api.w.org\/{rel}","templated":true}]}}