{"id":11788,"date":"2026-01-16T19:27:47","date_gmt":"2026-01-16T19:27:47","guid":{"rendered":"https:\/\/www.retrobuddys.com\/shop\/sin categor\u00eda\/broken-sword-coleccion-1-cartucho\/"},"modified":"2026-01-16T19:27:47","modified_gmt":"2026-01-16T19:27:47","slug":"broken-sword-coleccion-1-cartucho","status":"publish","type":"product","link":"https:\/\/www.retrobuddys.com\/es\/shop\/blaze-evercade\/cartuchos\/broken-sword-coleccion-1-cartucho\/","title":{"rendered":"Broken Sword Colecci\u00f3n 1 Cartucho"},"content":{"rendered":"<p>Revive la nostalgia de Broken Sword: La sombra de los templarios y Broken Sword II: El espejo humeante en las consolas Evercade. \u00a1Explora las aventuras point-and-click del intr\u00e9pido George Stobbart y la astuta Nico Collard en sus peligrosas y emocionantes misiones! <\/p>\n<p>- Manual en color incluido<br \/>\n- G\u00e9nero: Aventura<br \/>\n- Nuevo formato de cartucho Giga Cart Evercade con m\u00e1s espacio para juegos m\u00e1s grandes<br \/>\n- Compatible con todos los dispositivos Evercade (port\u00e1til, Evercade VS, Evercade VS-R, Evercade EXP, Evercade EXP-R) y consolas Super Pocket.<\/p>\n<p>Se incluyen los siguientes juegos:<br \/>\n01. Broken Sword: La sombra de los templarios (1996)<br \/>\n02. Broken Sword II: El espejo humeante (1997)<\/p>\n<p>Nota: Para sacar el m\u00e1ximo partido a este cartucho, es posible que tu sistema Evercade necesite una actualizaci\u00f3n del firmware a la \u00faltima versi\u00f3n.<br \/>\nNota: La consola no est\u00e1 incluida.<\/p>\n","protected":false},"excerpt":{"rendered":"<p>Revive la nostalgia de Broken Sword: La sombra de los templarios y Broken Sword II: El espejo humeante en las consolas Evercade. \u00a1Explora las aventuras point-and-click del intr\u00e9pido George Stobbart y la astuta Nico Collard en sus peligrosas y emocionantes misiones! - Manual en color incluido - G\u00e9nero: Aventura - Nuevo formato de cartucho Giga [&#8230;]\n","protected":false},"featured_media":11794,"template":"","meta":[],"product_brand":[955],"product_cat":[1002],"product_tag":[969,989],"class_list":{"0":"post-11788","1":"product","2":"type-product","3":"status-publish","4":"has-post-thumbnail","6":"product_brand-blaze-entertainment","7":"product_cat-cartuchos","8":"product_tag-blaze","9":"product_tag-evercade","10":"product_shipping_class-maxibrief-es","12":"first","13":"instock","14":"taxable","15":"shipping-taxable","16":"purchasable","17":"product-type-simple"},"jetpack_sharing_enabled":true,"_links":{"self":[{"href":"https:\/\/www.retrobuddys.com\/es\/wp-json\/wp\/v2\/product\/11788","targetHints":{"allow":["GET"]}}],"collection":[{"href":"https:\/\/www.retrobuddys.com\/es\/wp-json\/wp\/v2\/product"}],"about":[{"href":"https:\/\/www.retrobuddys.com\/es\/wp-json\/wp\/v2\/types\/product"}],"wp:featuredmedia":[{"embeddable":true,"href":"https:\/\/www.retrobuddys.com\/es\/wp-json\/wp\/v2\/media\/11794"}],"wp:attachment":[{"href":"https:\/\/www.retrobuddys.com\/es\/wp-json\/wp\/v2\/media?parent=11788"}],"wp:term":[{"taxonomy":"product_brand","embeddable":true,"href":"https:\/\/www.retrobuddys.com\/es\/wp-json\/wp\/v2\/product_brand?post=11788"},{"taxonomy":"product_cat","embeddable":true,"href":"https:\/\/www.retrobuddys.com\/es\/wp-json\/wp\/v2\/product_cat?post=11788"},{"taxonomy":"product_tag","embeddable":true,"href":"https:\/\/www.retrobuddys.com\/es\/wp-json\/wp\/v2\/product_tag?post=11788"}],"curies":[{"name":"wp","href":"https:\/\/api.w.org\/{rel}","templated":true}]}}