{"id":11757,"date":"2026-01-16T19:24:48","date_gmt":"2026-01-16T19:24:48","guid":{"rendered":"https:\/\/www.retrobuddys.com\/shop\/sin categor\u00eda\/cartucho-metal-dragon-vida-en-marte\/"},"modified":"2026-01-16T19:24:48","modified_gmt":"2026-01-16T19:24:48","slug":"cartucho-metal-dragon-vida-en-marte","status":"publish","type":"product","link":"https:\/\/www.retrobuddys.com\/es\/shop\/blaze-evercade\/cartuchos\/cartucho-metal-dragon-vida-en-marte\/","title":{"rendered":"Cartucho Metal Dragon\/Vida en Marte"},"content":{"rendered":"<p>Dos nuevos juegos indie para sistemas cl\u00e1sicos de 16 bits llegan a Evercade. Kai Magazine Software trae a Evercade dos t\u00edtulos indie repletos de acci\u00f3n. \u00a1Lucha para evitar la III Guerra Mundial en Metal Dragon y resuelve el misterio de una colonia espacial aparentemente abandonada en Life on Mars! \u00a1Juega a juegos como nunca antes se hab\u00edan desarrollado para consolas cl\u00e1sicas en un \u00fanico cartucho f\u00edsico Evercade que podr\u00e1s llevar a cualquier parte!    Compatible con todos los dispositivos Evercade (Handheld, Evercade VS, Evercade VS-R, Evercade EXP, Evercade EXP-R, Evercade Alpha) y consolas Super Pocket.<\/p>\n<p>- Manual a todo color que incluye<br \/>\n- G\u00e9nero - Plataformas<br \/>\n- Compatible con todo el hardware Evercade<\/p>\n<p>Se incluyen los siguientes juegos:<br \/>\n1. Drag\u00f3n de Metal<br \/>\n2. Drag\u00f3n de Marte Vida en Marte<\/p>\n<p>Nota: La consola no est\u00e1 incluida.<\/p>\n","protected":false},"excerpt":{"rendered":"<p>Dos nuevos juegos indie para sistemas cl\u00e1sicos de 16 bits llegan a Evercade. Kai Magazine Software trae a Evercade dos t\u00edtulos indie repletos de acci\u00f3n. \u00a1Lucha para evitar la III Guerra Mundial en Metal Dragon y resuelve el misterio de una colonia espacial aparentemente abandonada en Life on Mars! \u00a1Juega a juegos como nunca antes [&#8230;]\n","protected":false},"featured_media":11762,"template":"","meta":[],"product_brand":[955],"product_cat":[1002],"product_tag":[969,989],"class_list":{"0":"post-11757","1":"product","2":"type-product","3":"status-publish","4":"has-post-thumbnail","6":"product_brand-blaze-entertainment","7":"product_cat-cartuchos","8":"product_tag-blaze","9":"product_tag-evercade","10":"product_shipping_class-maxibrief-es","12":"first","13":"instock","14":"taxable","15":"shipping-taxable","16":"purchasable","17":"product-type-simple"},"jetpack_sharing_enabled":true,"_links":{"self":[{"href":"https:\/\/www.retrobuddys.com\/es\/wp-json\/wp\/v2\/product\/11757","targetHints":{"allow":["GET"]}}],"collection":[{"href":"https:\/\/www.retrobuddys.com\/es\/wp-json\/wp\/v2\/product"}],"about":[{"href":"https:\/\/www.retrobuddys.com\/es\/wp-json\/wp\/v2\/types\/product"}],"wp:featuredmedia":[{"embeddable":true,"href":"https:\/\/www.retrobuddys.com\/es\/wp-json\/wp\/v2\/media\/11762"}],"wp:attachment":[{"href":"https:\/\/www.retrobuddys.com\/es\/wp-json\/wp\/v2\/media?parent=11757"}],"wp:term":[{"taxonomy":"product_brand","embeddable":true,"href":"https:\/\/www.retrobuddys.com\/es\/wp-json\/wp\/v2\/product_brand?post=11757"},{"taxonomy":"product_cat","embeddable":true,"href":"https:\/\/www.retrobuddys.com\/es\/wp-json\/wp\/v2\/product_cat?post=11757"},{"taxonomy":"product_tag","embeddable":true,"href":"https:\/\/www.retrobuddys.com\/es\/wp-json\/wp\/v2\/product_tag?post=11757"}],"curies":[{"name":"wp","href":"https:\/\/api.w.org\/{rel}","templated":true}]}}