{"id":11723,"date":"2026-01-16T19:16:38","date_gmt":"2026-01-16T19:16:38","guid":{"rendered":"https:\/\/www.retrobuddys.com\/shop\/sin categor\u00eda\/cartucho-toaplan-arcade-collection-4\/"},"modified":"2026-01-16T19:16:38","modified_gmt":"2026-01-16T19:16:38","slug":"cartucho-toaplan-arcade-collection-4","status":"publish","type":"product","link":"https:\/\/www.retrobuddys.com\/es\/shop\/blaze-evercade\/cartuchos\/cartucho-toaplan-arcade-collection-4\/","title":{"rendered":"Cartucho Toaplan Arcade Collection 4"},"content":{"rendered":"<p>Toaplan Arcade 4 para Evercade re\u00fane otros 6 \u00e9xitos arcade de acci\u00f3n del desarrollador japon\u00e9s Toaplan. L\u00e1nzate a la acci\u00f3n explosiva en los shooters Dogyuun y Grind Stormer, disfruta de la diversi\u00f3n de las plataformas de dibujos animados en Snow Bros. 2 y Pipi and Bibi&#8217;s y sal a la calle en el beat-&#8216;em-up de lucha Knuckle Bash. Consigue estos \u00e9xitos arcade con Evercade en una colecci\u00f3n de cartuchos f\u00edsicos y domina la dificultad con estados de guardado\/carga, asignaci\u00f3n personalizada de botones y \u00a1mucho m\u00e1s! Compatible con todos los dispositivos Evercade (Handheld, Evercade VS, Evercade VS-R, Evercade EXP, Evercade EXPR, Evercade Alpha) y consolas Super Pocket.   <\/p>\n<p>- Manual a todo color que incluye<br \/>\n- G\u00e9nero - Shoot &#8216;em up<br \/>\n- Compatible con todo el hardware Evercade<\/p>\n<p>Se incluyen los siguientes juegos:<br \/>\n1. Dogyuun<br \/>\n2. Grind Stormer  Grind Stormer<br \/>\n3. Knuckle Bash<br \/>\n4. Pipi y Bibi&#8217;s<br \/>\n5. Snow Bros. 2<br \/>\n6. Sky Shark (versi\u00f3n para consola)<\/p>\n<p>Nota: La consola no est\u00e1 incluida.<\/p>\n","protected":false},"excerpt":{"rendered":"<p>Toaplan Arcade 4 para Evercade re\u00fane otros 6 \u00e9xitos arcade de acci\u00f3n del desarrollador japon\u00e9s Toaplan. L\u00e1nzate a la acci\u00f3n explosiva en los shooters Dogyuun y Grind Stormer, disfruta de la diversi\u00f3n de las plataformas de dibujos animados en Snow Bros. 2 y Pipi and Bibi&#8217;s y sal a la calle en el beat-&#8216;em-up de [&#8230;]\n","protected":false},"featured_media":11729,"template":"","meta":[],"product_brand":[955],"product_cat":[1002],"product_tag":[969,989],"class_list":{"0":"post-11723","1":"product","2":"type-product","3":"status-publish","4":"has-post-thumbnail","6":"product_brand-blaze-entertainment","7":"product_cat-cartuchos","8":"product_tag-blaze","9":"product_tag-evercade","10":"product_shipping_class-maxibrief-es","12":"first","13":"instock","14":"taxable","15":"shipping-taxable","16":"purchasable","17":"product-type-simple"},"jetpack_sharing_enabled":true,"_links":{"self":[{"href":"https:\/\/www.retrobuddys.com\/es\/wp-json\/wp\/v2\/product\/11723","targetHints":{"allow":["GET"]}}],"collection":[{"href":"https:\/\/www.retrobuddys.com\/es\/wp-json\/wp\/v2\/product"}],"about":[{"href":"https:\/\/www.retrobuddys.com\/es\/wp-json\/wp\/v2\/types\/product"}],"wp:featuredmedia":[{"embeddable":true,"href":"https:\/\/www.retrobuddys.com\/es\/wp-json\/wp\/v2\/media\/11729"}],"wp:attachment":[{"href":"https:\/\/www.retrobuddys.com\/es\/wp-json\/wp\/v2\/media?parent=11723"}],"wp:term":[{"taxonomy":"product_brand","embeddable":true,"href":"https:\/\/www.retrobuddys.com\/es\/wp-json\/wp\/v2\/product_brand?post=11723"},{"taxonomy":"product_cat","embeddable":true,"href":"https:\/\/www.retrobuddys.com\/es\/wp-json\/wp\/v2\/product_cat?post=11723"},{"taxonomy":"product_tag","embeddable":true,"href":"https:\/\/www.retrobuddys.com\/es\/wp-json\/wp\/v2\/product_tag?post=11723"}],"curies":[{"name":"wp","href":"https:\/\/api.w.org\/{rel}","templated":true}]}}