{"id":11655,"date":"2026-01-16T18:55:04","date_gmt":"2026-01-16T18:55:04","guid":{"rendered":"https:\/\/www.retrobuddys.com\/shop\/sin%20categor\u00eda\/coleccion-talamo-1-cartucho\/"},"modified":"2026-01-16T18:56:12","modified_gmt":"2026-01-16T18:56:12","slug":"coleccion-talamo-1-cartucho","status":"publish","type":"product","link":"https:\/\/www.retrobuddys.com\/es\/shop\/blaze-evercade\/cartuchos\/coleccion-talamo-1-cartucho\/","title":{"rendered":"Colecci\u00f3n T\u00e1lamo 1 Cartucho"},"content":{"rendered":"<p>Evercade Thalamus Collection 1 trae a\u00fan m\u00e1s grandes del ordenador dom\u00e9stico a Evercade, del aclamado desarrollador y editor de los a\u00f1os 80 y 90. Entre ellos: Nobby el oso hormiguero, Criaturas, Cazadores lunares \u00a1y mucho m\u00e1s! Con licencia oficial y las mejores funciones de emulaci\u00f3n y de guardar\/cargar partidas para que te resulte f\u00e1cil aprender y jugar a estos grandes de las consolas dom\u00e9sticas. Compatible con todos los dispositivos Evercade (Handheld, Evercade VS, Evercade VS-R, Evercade EXP, Evercade EXP-R) y consolas Super Pocket.<br \/>\n- Manual a todo color incluido<br \/>\n- G\u00e9nero: Plataformas<br \/>\n- Compatible con todo el hardware Evercade   <\/p>\n<p>Se incluyen los siguientes juegos:<br \/>\n1. Hunter&#8217;s Moon Remastered<br \/>\n2. Armalyte: Competition Edition Armalyte: Edici\u00f3n Competici\u00f3n<br \/>\n3. Ojo de Halc\u00f3n<br \/>\n4. Snare<br \/>\n5. Retr\u00f3grado<br \/>\n6. Criaturas<br \/>\n7. Campamento de Verano<br \/>\n8. Buscador de calor<br \/>\n9. Criaturas II: Problemas de Tortura<br \/>\n10. Campamento de invierno<br \/>\n11. Nobby el oso hormiguero<\/p>\n<p>Nota: La consola no est\u00e1 incluida.<\/p>\n","protected":false},"excerpt":{"rendered":"<p>Evercade Thalamus Collection 1 trae a\u00fan m\u00e1s grandes del ordenador dom\u00e9stico a Evercade, del aclamado desarrollador y editor de los a\u00f1os 80 y 90. Entre ellos: Nobby el oso hormiguero, Criaturas, Cazadores lunares \u00a1y mucho m\u00e1s! Con licencia oficial y las mejores funciones de emulaci\u00f3n y de guardar\/cargar partidas para que te resulte f\u00e1cil aprender [&#8230;]\n","protected":false},"featured_media":11665,"template":"","meta":[],"product_brand":[955],"product_cat":[1002],"product_tag":[969,989],"class_list":{"0":"post-11655","1":"product","2":"type-product","3":"status-publish","4":"has-post-thumbnail","6":"product_brand-blaze-entertainment","7":"product_cat-cartuchos","8":"product_tag-blaze","9":"product_tag-evercade","10":"product_shipping_class-maxibrief-es","12":"first","13":"instock","14":"taxable","15":"shipping-taxable","16":"purchasable","17":"product-type-simple"},"jetpack_sharing_enabled":true,"_links":{"self":[{"href":"https:\/\/www.retrobuddys.com\/es\/wp-json\/wp\/v2\/product\/11655","targetHints":{"allow":["GET"]}}],"collection":[{"href":"https:\/\/www.retrobuddys.com\/es\/wp-json\/wp\/v2\/product"}],"about":[{"href":"https:\/\/www.retrobuddys.com\/es\/wp-json\/wp\/v2\/types\/product"}],"wp:featuredmedia":[{"embeddable":true,"href":"https:\/\/www.retrobuddys.com\/es\/wp-json\/wp\/v2\/media\/11665"}],"wp:attachment":[{"href":"https:\/\/www.retrobuddys.com\/es\/wp-json\/wp\/v2\/media?parent=11655"}],"wp:term":[{"taxonomy":"product_brand","embeddable":true,"href":"https:\/\/www.retrobuddys.com\/es\/wp-json\/wp\/v2\/product_brand?post=11655"},{"taxonomy":"product_cat","embeddable":true,"href":"https:\/\/www.retrobuddys.com\/es\/wp-json\/wp\/v2\/product_cat?post=11655"},{"taxonomy":"product_tag","embeddable":true,"href":"https:\/\/www.retrobuddys.com\/es\/wp-json\/wp\/v2\/product_tag?post=11655"}],"curies":[{"name":"wp","href":"https:\/\/api.w.org\/{rel}","templated":true}]}}