{"id":11643,"date":"2026-01-16T18:53:11","date_gmt":"2026-01-16T18:53:11","guid":{"rendered":"https:\/\/www.retrobuddys.com\/shop\/sin%20categor\u00eda\/cartucho-c64-collection-3\/"},"modified":"2026-01-16T18:53:29","modified_gmt":"2026-01-16T18:53:29","slug":"cartucho-c64-collection-3","status":"publish","type":"product","link":"https:\/\/www.retrobuddys.com\/es\/shop\/blaze-evercade\/cartuchos\/cartucho-c64-collection-3\/","title":{"rendered":"Cartucho C64 Collection 3"},"content":{"rendered":"<p>\u00a113 grandes t\u00edtulos del cl\u00e1sico sistema inform\u00e1tico dom\u00e9stico en un cartucho f\u00edsico Evercade! La Colecci\u00f3n C64 3 trae a\u00fan m\u00e1s juegos de los a\u00f1os 80 y 90 que perdurar\u00e1n en la memoria de los jugadores de todo el mundo. Incluye un manual a todo color y un cartucho f\u00edsico, todo en una sola colecci\u00f3n. \u00a1Se puede jugar en Evercade Handheld, Evercade VS, Evercade EXP y Super Pocket!   <\/p>\n<p>- Manual a todo color que incluye<br \/>\n- G\u00e9nero: Plataformas<br \/>\n- Compatible con todo el hardware Evercade<\/p>\n<p>Se incluyen los siguientes juegos:<br \/>\n1. Summer Games II<br \/>\n2. Boulder Dash  Boulder Dash<br \/>\n3. Heavy Metal Paradroid<br \/>\n4. Super Ciclo<br \/>\n5. Jumpman Junior<br \/>\n6. Guerrero Cyberdyne<br \/>\n7. Cybernoid II: La Venganza<br \/>\n8. Netherworld<br \/>\n9. Deliverance: Stormlord II<br \/>\n10. Anarch<br \/>\n11. Exolon<br \/>\n12. Street Sports Soccer<br \/>\n13. Break Dance<\/p>\n<p>Nota: La consola no est\u00e1 incluida.<\/p>\n","protected":false},"excerpt":{"rendered":"<p>\u00a113 grandes t\u00edtulos del cl\u00e1sico sistema inform\u00e1tico dom\u00e9stico en un cartucho f\u00edsico Evercade! La Colecci\u00f3n C64 3 trae a\u00fan m\u00e1s juegos de los a\u00f1os 80 y 90 que perdurar\u00e1n en la memoria de los jugadores de todo el mundo. Incluye un manual a todo color y un cartucho f\u00edsico, todo en una sola colecci\u00f3n. \u00a1Se [&#8230;]\n","protected":false},"featured_media":11644,"template":"","meta":[],"product_brand":[955],"product_cat":[1002],"product_tag":[969,989],"class_list":{"0":"post-11643","1":"product","2":"type-product","3":"status-publish","4":"has-post-thumbnail","6":"product_brand-blaze-entertainment","7":"product_cat-cartuchos","8":"product_tag-blaze","9":"product_tag-evercade","10":"product_shipping_class-maxibrief-es","12":"first","13":"instock","14":"taxable","15":"shipping-taxable","16":"purchasable","17":"product-type-simple"},"jetpack_sharing_enabled":true,"_links":{"self":[{"href":"https:\/\/www.retrobuddys.com\/es\/wp-json\/wp\/v2\/product\/11643","targetHints":{"allow":["GET"]}}],"collection":[{"href":"https:\/\/www.retrobuddys.com\/es\/wp-json\/wp\/v2\/product"}],"about":[{"href":"https:\/\/www.retrobuddys.com\/es\/wp-json\/wp\/v2\/types\/product"}],"wp:featuredmedia":[{"embeddable":true,"href":"https:\/\/www.retrobuddys.com\/es\/wp-json\/wp\/v2\/media\/11644"}],"wp:attachment":[{"href":"https:\/\/www.retrobuddys.com\/es\/wp-json\/wp\/v2\/media?parent=11643"}],"wp:term":[{"taxonomy":"product_brand","embeddable":true,"href":"https:\/\/www.retrobuddys.com\/es\/wp-json\/wp\/v2\/product_brand?post=11643"},{"taxonomy":"product_cat","embeddable":true,"href":"https:\/\/www.retrobuddys.com\/es\/wp-json\/wp\/v2\/product_cat?post=11643"},{"taxonomy":"product_tag","embeddable":true,"href":"https:\/\/www.retrobuddys.com\/es\/wp-json\/wp\/v2\/product_tag?post=11643"}],"curies":[{"name":"wp","href":"https:\/\/api.w.org\/{rel}","templated":true}]}}